{"id":5890,"date":"2025-03-18T16:46:28","date_gmt":"2025-03-18T14:46:28","guid":{"rendered":"https:\/\/formacionaiju.es\/?post_type=product&#038;p=5890"},"modified":"2025-04-01T09:14:47","modified_gmt":"2025-04-01T07:14:47","slug":"conoce-los-resultados-de-la-investigacion-safe-repair-sobre-la-seguridad-en-la-reparacion-y-reutilizacion-de-productos-infantiles","status":"publish","type":"product","link":"https:\/\/formacionaiju.es\/en\/product\/conoce-los-resultados-de-la-investigacion-safe-repair-sobre-la-seguridad-en-la-reparacion-y-reutilizacion-de-productos-infantiles\/","title":{"rendered":"Webinar: Conoce los resultados de la investigaci\u00f3n SAFE-REPAIR sobre la seguridad en la reparaci\u00f3n y reutilizaci\u00f3n de productos infantiles"},"content":{"rendered":"<p style=\"text-align: left;\"><strong>Destinatarios\/as<\/strong><\/p>\n<p style=\"text-align: left;\">Empresas del sector de los productos infantiles de la Comunitat Valenciana y otras empresas de producto infantil, mobiliario infantil y otras partes interesadas que desarrollen productos para el p\u00fablico infantil.<\/p>\n<p>&nbsp;<\/p>\n<p style=\"text-align: left;\"><strong>Objetivos<\/strong><\/p>\n<p class=\"_04xlpA direction-ltr align-justify para-style-body\" style=\"text-align: left;\">&#8211; Presentar los resultados finales del proyecto SAFEREPAIR y promover la aplicaci\u00f3n de los resultados del proyecto en las empresas.<br \/>\n&#8211; Conocer los factores de seguridad cr\u00edticos para la reparabilidad y durabilidad de los productos infantiles.<br \/>\n&#8211; Presentaci\u00f3n de la herramienta online SAFEREPAIR \u201cGu\u00eda pr\u00e1ctica para la reparaci\u00f3n y durabilidad de los productos infantiles, desde la perspectiva de la seguridad\u201d<\/p>\n<p>&nbsp;<\/p>\n<p style=\"text-align: left;\"><strong>Contenido<\/strong><\/p>\n<p>&#8211; Descripci\u00f3n del proyecto y resultados obtenidos.<br \/>\n&#8211; Metodolog\u00eda para la evaluaci\u00f3n de los factores de utilizados para ampliar la vida \u00fatil de los productos infantiles.<br \/>\n&#8211; Estrategias de ampliaci\u00f3n de la vida \u00fatil de los productos infantiles<br \/>\n&#8211; Herramienta SAFEREPAIR \u201cGu\u00eda pr\u00e1ctica para la reparaci\u00f3n y durabilidad de los productos infantiles, desde la perspectiva de la seguridad\u201d<\/p>\n<p>&nbsp;<\/p>\n<p style=\"text-align: left;\"><strong>CV Profesorado<\/strong><\/p>\n<p><strong>D\u00f1a. Carolina Maestre:<\/strong><\/p>\n<p>Seguridad de Productos y entorno infantiles de AIJU. Investigadora en seguridad y evaluaci\u00f3n de riesgos de productos infantiles. T\u00e9cnico especialista en seguridad de productos infantiles y de puericultura. Miembro de diversos comit\u00e9s de normalizaci\u00f3n de art\u00edculos de puericultura a nivel nacional en AENOR (AEN\/CTN 172\/SC2) y en el Comit\u00e9 europeo de Normalizaci\u00f3n (CEN\/TC 252\/WG3, CEN\/TC252\/WG 2, CEN\/TC 252\/WG5, CEN\/TC 207\/WG2, CEN\/TC 364, etc.)<\/p>\n<p>&nbsp;<\/p>\n<p style=\"text-align: left;\"><strong>Precio<\/strong><\/p>\n<p style=\"text-align: left;\">Gratuito<\/p>\n<p>&nbsp;<\/p>\n<p><strong>Observaciones\u00a0<\/strong><\/p>\n<p>AIJU se reserva el derecho a anular o aplazar este curso si no se llega a un m\u00ednimo de inscripciones.<\/p>\n<p>&nbsp;<\/p>\n<p><img decoding=\"async\" class=\"alignnone wp-image-5891\" src=\"https:\/\/formacionaiju.es\/wp-content\/uploads\/2025\/03\/logo-saferepair.jpg\" alt=\"\" width=\"366\" height=\"96\" srcset=\"https:\/\/formacionaiju.es\/wp-content\/uploads\/2025\/03\/logo-saferepair.jpg 431w, https:\/\/formacionaiju.es\/wp-content\/uploads\/2025\/03\/logo-saferepair-300x79.jpg 300w, https:\/\/formacionaiju.es\/wp-content\/uploads\/2025\/03\/logo-saferepair-120x31.jpg 120w, https:\/\/formacionaiju.es\/wp-content\/uploads\/2025\/03\/logo-saferepair-310x81.jpg 310w\" sizes=\"(max-width: 366px) 100vw, 366px\" \/><\/p>\n<p><img fetchpriority=\"high\" decoding=\"async\" class=\"alignnone wp-image-5893\" src=\"https:\/\/formacionaiju.es\/wp-content\/uploads\/2025\/03\/logo-ivace-460x70.jpg\" alt=\"\" width=\"614\" height=\"93\" srcset=\"https:\/\/formacionaiju.es\/wp-content\/uploads\/2025\/03\/logo-ivace-460x70.jpg 460w, https:\/\/formacionaiju.es\/wp-content\/uploads\/2025\/03\/logo-ivace-300x46.jpg 300w, https:\/\/formacionaiju.es\/wp-content\/uploads\/2025\/03\/logo-ivace-120x18.jpg 120w, https:\/\/formacionaiju.es\/wp-content\/uploads\/2025\/03\/logo-ivace-310x47.jpg 310w, https:\/\/formacionaiju.es\/wp-content\/uploads\/2025\/03\/logo-ivace.jpg 659w\" sizes=\"(max-width: 614px) 100vw, 614px\" \/><\/p>\n","protected":false},"excerpt":{"rendered":"<p>Conoce los resultados finales del proyecto SAFEREPAIR para poder aplicarlos a su empresa.<\/p>\n","protected":false},"featured_media":5895,"comment_status":"closed","ping_status":"closed","template":"","meta":{"_acf_changed":false,"_vibebp_attr":"","_vibebp_dimensions":"","_vibebp_responsive_height":"","_vibebp_accordion_ie_support":""},"product_brand":[],"product_cat":[161,138],"product_tag":[],"class_list":{"0":"post-5890","1":"product","2":"type-product","3":"status-publish","4":"has-post-thumbnail","6":"product_cat-finalizado","7":"product_cat-gratuito","9":"first","10":"instock","11":"shipping-taxable","12":"product-type-simple"},"acf":[],"_links":{"self":[{"href":"https:\/\/formacionaiju.es\/en\/wp-json\/wp\/v2\/product\/5890","targetHints":{"allow":["GET"]}}],"collection":[{"href":"https:\/\/formacionaiju.es\/en\/wp-json\/wp\/v2\/product"}],"about":[{"href":"https:\/\/formacionaiju.es\/en\/wp-json\/wp\/v2\/types\/product"}],"replies":[{"embeddable":true,"href":"https:\/\/formacionaiju.es\/en\/wp-json\/wp\/v2\/comments?post=5890"}],"version-history":[{"count":4,"href":"https:\/\/formacionaiju.es\/en\/wp-json\/wp\/v2\/product\/5890\/revisions"}],"predecessor-version":[{"id":5968,"href":"https:\/\/formacionaiju.es\/en\/wp-json\/wp\/v2\/product\/5890\/revisions\/5968"}],"wp:featuredmedia":[{"embeddable":true,"href":"https:\/\/formacionaiju.es\/en\/wp-json\/wp\/v2\/media\/5895"}],"wp:attachment":[{"href":"https:\/\/formacionaiju.es\/en\/wp-json\/wp\/v2\/media?parent=5890"}],"wp:term":[{"taxonomy":"product_brand","embeddable":true,"href":"https:\/\/formacionaiju.es\/en\/wp-json\/wp\/v2\/product_brand?post=5890"},{"taxonomy":"product_cat","embeddable":true,"href":"https:\/\/formacionaiju.es\/en\/wp-json\/wp\/v2\/product_cat?post=5890"},{"taxonomy":"product_tag","embeddable":true,"href":"https:\/\/formacionaiju.es\/en\/wp-json\/wp\/v2\/product_tag?post=5890"}],"curies":[{"name":"wp","href":"https:\/\/api.w.org\/{rel}","templated":true}]}}