{"id":5910,"date":"2025-03-21T13:49:27","date_gmt":"2025-03-21T11:49:27","guid":{"rendered":"https:\/\/formacionaiju.es\/?post_type=product&#038;p=5910"},"modified":"2025-04-09T12:39:04","modified_gmt":"2025-04-09T10:39:04","slug":"webinar-presentacion-del-servicio-de-prospeccion-de-la-direccion-general-de-formacion-profesional","status":"publish","type":"product","link":"https:\/\/formacionaiju.es\/en\/product\/webinar-presentacion-del-servicio-de-prospeccion-de-la-direccion-general-de-formacion-profesional\/","title":{"rendered":"Webinar: Presentaci\u00f3n del servicio de Prospecci\u00f3n de la Direcci\u00f3n General de Formaci\u00f3n Profesional"},"content":{"rendered":"<p style=\"text-align: left;\"><strong>Destinatarios\/as<\/strong><\/p>\n<p style=\"text-align: left;\">Gerentes, responsables RRHH, responsables formaci\u00f3n y otras personas implicadas en la gesti\u00f3n de pr\u00e1cticas no laborales en empresas.<\/p>\n<p>&nbsp;<\/p>\n<p style=\"text-align: left;\"><strong>Objetivos<\/strong><\/p>\n<p>Presentaci\u00f3n del servicio de Prospecci\u00f3n de la Direcci\u00f3n General de Formaci\u00f3n Profesional de la Conselleria d\u2019Educaci\u00f3, Cultura, Universitats i Ocupaci\u00f3 de la Generalitat Valenciana y sus actuaciones en el marco de la Ley Org\u00e1nica 3\/2022 de ordenaci\u00f3n e integraci\u00f3n de la Formaci\u00f3n Profesional.<\/p>\n<p>&nbsp;<\/p>\n<p style=\"text-align: left;\"><strong>Contenido<\/strong><\/p>\n<p>Ventajas, planificaci\u00f3n y nuevos retos de la formaci\u00f3n en la empresa en la FP DUAL y la importancia de la figura del prospector como facilitador entre los centros de formaci\u00f3n profesional y las empresas.<\/p>\n<p>&nbsp;<\/p>\n<p style=\"text-align: left;\"><strong>CV Ponente<\/strong><\/p>\n<p><strong>D. Vicente Mira Bernabeu: <\/strong>Prospector de L&#8217;Alcoi\u00e0 i El Comtat<\/p>\n<p>&nbsp;<\/p>\n<p style=\"text-align: left;\"><strong>Precio<\/strong><\/p>\n<p style=\"text-align: left;\">Gratuito<\/p>\n<p>&nbsp;<\/p>\n<p><strong>Observaciones\u00a0<\/strong><\/p>\n<p>AIJU se reserva el derecho a anular o aplazar este curso si no se llega a un m\u00ednimo de inscripciones.<\/p>\n","protected":false},"excerpt":{"rendered":"<p>Conoce las ventajas de la Formaci\u00f3n Profesional Dual y la importancia de la figura del prospector como facilitador entre los centros de formaci\u00f3n profesional y las empresas.<\/p>\n","protected":false},"featured_media":5936,"comment_status":"closed","ping_status":"closed","template":"","meta":{"_acf_changed":false,"_vibebp_attr":"","_vibebp_dimensions":"","_vibebp_responsive_height":"","_vibebp_accordion_ie_support":""},"product_brand":[],"product_cat":[161,138],"product_tag":[],"class_list":{"0":"post-5910","1":"product","2":"type-product","3":"status-publish","4":"has-post-thumbnail","6":"product_cat-finalizado","7":"product_cat-gratuito","9":"first","10":"instock","11":"shipping-taxable","12":"product-type-simple"},"acf":[],"_links":{"self":[{"href":"https:\/\/formacionaiju.es\/en\/wp-json\/wp\/v2\/product\/5910","targetHints":{"allow":["GET"]}}],"collection":[{"href":"https:\/\/formacionaiju.es\/en\/wp-json\/wp\/v2\/product"}],"about":[{"href":"https:\/\/formacionaiju.es\/en\/wp-json\/wp\/v2\/types\/product"}],"replies":[{"embeddable":true,"href":"https:\/\/formacionaiju.es\/en\/wp-json\/wp\/v2\/comments?post=5910"}],"version-history":[{"count":6,"href":"https:\/\/formacionaiju.es\/en\/wp-json\/wp\/v2\/product\/5910\/revisions"}],"predecessor-version":[{"id":5917,"href":"https:\/\/formacionaiju.es\/en\/wp-json\/wp\/v2\/product\/5910\/revisions\/5917"}],"wp:featuredmedia":[{"embeddable":true,"href":"https:\/\/formacionaiju.es\/en\/wp-json\/wp\/v2\/media\/5936"}],"wp:attachment":[{"href":"https:\/\/formacionaiju.es\/en\/wp-json\/wp\/v2\/media?parent=5910"}],"wp:term":[{"taxonomy":"product_brand","embeddable":true,"href":"https:\/\/formacionaiju.es\/en\/wp-json\/wp\/v2\/product_brand?post=5910"},{"taxonomy":"product_cat","embeddable":true,"href":"https:\/\/formacionaiju.es\/en\/wp-json\/wp\/v2\/product_cat?post=5910"},{"taxonomy":"product_tag","embeddable":true,"href":"https:\/\/formacionaiju.es\/en\/wp-json\/wp\/v2\/product_tag?post=5910"}],"curies":[{"name":"wp","href":"https:\/\/api.w.org\/{rel}","templated":true}]}}