{"id":5918,"date":"2025-03-21T14:17:07","date_gmt":"2025-03-21T12:17:07","guid":{"rendered":"https:\/\/formacionaiju.es\/?post_type=product&#038;p=5918"},"modified":"2025-05-29T08:35:59","modified_gmt":"2025-05-29T06:35:59","slug":"taller-participativo-validacion-y-ruta-de-implementacion-de-tecnologias","status":"publish","type":"product","link":"https:\/\/formacionaiju.es\/en\/product\/taller-participativo-validacion-y-ruta-de-implementacion-de-tecnologias\/","title":{"rendered":"Taller participativo: Soluciones sist\u00e9micas de Econom\u00eda Circular en la Comunidad Valenciana"},"content":{"rendered":"<p><strong>Destinatarios<\/strong><\/p>\n<p>&#8211; Legisladores y reguladores relacionados<br \/>\n&#8211; Organismos internacionales: CCRI oficina de soporte y coordinaci\u00f3n, proyectos CCRI, OECD: Oficina de cooperaci\u00f3n y desarrollo econ\u00f3mico<br \/>\n&#8211; Responsables de planificaci\u00f3n urbana, autoridades medioambientales<br \/>\n&#8211; Confederaciones, federaciones y asociaciones<br \/>\n&#8211; Empresas de gesti\u00f3n de recursos<br \/>\n&#8211; Plataformas sectoriales, centros tecnol\u00f3gicos y Universidades<br \/>\n&#8211; Organizaciones involucradas en la implementaci\u00f3n de estrategias circulares en sus negocios y\/o \u00e1reas de actuaci\u00f3n<\/p>\n<p>&nbsp;<\/p>\n<p><strong>Objetivos<\/strong><\/p>\n<p>Taller participativo de validaci\u00f3n y establecimiento de la ruta de implementaci\u00f3n de las tecnolog\u00edas circulares sist\u00e9micas desarrolladas en el marco de ejecuci\u00f3n del Proyecto CircSyst para sus tres demostradores ubicados en la Comunidad Valenciana:<br \/>\n1. Reutilizaci\u00f3n de aguas residuales industriales mediante tratamiento y gesti\u00f3n bajo demanda apoyado por IA.<br \/>\n2. Rutas de valorizaci\u00f3n del bagazo de cerveza y extracci\u00f3n de sustancias de alto valor a\u00f1adido.<br \/>\n3. Reciclado mec\u00e1nico de PET multicapa y su uso como materia prima en la industria del hogar.<\/p>\n<p>&nbsp;<\/p>\n<p><strong>Contenidos<\/strong><\/p>\n<p>Apertura e introducci\u00f3n a la Iniciativa CCRI de Ciudades y Regiones circulares.<br \/>\nPresentaci\u00f3n de proyectos CCRI vinculados a la Comunidad Valenciana.<br \/>\nPresentaci\u00f3n del proyecto CircSyst (Circular Systemic Solutions for European Regions in Cooperation).<br \/>\nParticipaci\u00f3n en los grupos de discusi\u00f3n (focus groups) sobre los demostradores de la C.V. desarrollados en el marco del proyecto CircSyst:<br \/>\n&#8211; Validaci\u00f3n conjunta de los distintos demostradores<br \/>\n&#8211; Ruta de implementaci\u00f3n del demostrador en la C.V. y en el contexto europeo<br \/>\n&#8211; Contribuci\u00f3n a los requisitos normativos y legislativos necesarios para su implementaci\u00f3n.<\/p>\n<p>&nbsp;<\/p>\n<p>&nbsp;<\/p>\n<p><strong>Programa<\/strong><\/p>\n<p>Consultar en ficha del curso.<\/p>\n<p>&nbsp;<\/p>\n<p><strong>*En caso de tener problemas con la inscripci\u00f3n, por favor comun\u00edquelo a <span style=\"color: #008080;\">formacion@aiju.es<\/span><\/strong><\/p>\n<p>&nbsp;<\/p>\n<p><img decoding=\"async\" class=\"alignnone wp-image-5923\" src=\"https:\/\/formacionaiju.es\/wp-content\/uploads\/2025\/03\/Circsyst_Circsyst_Logo_with_activity_RGB-460x138.png\" alt=\"\" width=\"357\" height=\"107\" srcset=\"https:\/\/formacionaiju.es\/wp-content\/uploads\/2025\/03\/Circsyst_Circsyst_Logo_with_activity_RGB-460x138.png 460w, https:\/\/formacionaiju.es\/wp-content\/uploads\/2025\/03\/Circsyst_Circsyst_Logo_with_activity_RGB-1024x307.png 1024w, https:\/\/formacionaiju.es\/wp-content\/uploads\/2025\/03\/Circsyst_Circsyst_Logo_with_activity_RGB-768x230.png 768w, https:\/\/formacionaiju.es\/wp-content\/uploads\/2025\/03\/Circsyst_Circsyst_Logo_with_activity_RGB-1536x461.png 1536w, https:\/\/formacionaiju.es\/wp-content\/uploads\/2025\/03\/Circsyst_Circsyst_Logo_with_activity_RGB-2048x614.png 2048w, https:\/\/formacionaiju.es\/wp-content\/uploads\/2025\/03\/Circsyst_Circsyst_Logo_with_activity_RGB-300x90.png 300w, https:\/\/formacionaiju.es\/wp-content\/uploads\/2025\/03\/Circsyst_Circsyst_Logo_with_activity_RGB-120x36.png 120w, https:\/\/formacionaiju.es\/wp-content\/uploads\/2025\/03\/Circsyst_Circsyst_Logo_with_activity_RGB-310x93.png 310w\" sizes=\"(max-width: 357px) 100vw, 357px\" \/><img decoding=\"async\" class=\"alignnone wp-image-5925\" src=\"https:\/\/formacionaiju.es\/wp-content\/uploads\/2025\/03\/CCRI-Lockup-colour-SVG.svg\" alt=\"\" width=\"147\" height=\"62\" \/><\/p>\n<p><img decoding=\"async\" class=\"alignnone wp-image-5927\" src=\"https:\/\/formacionaiju.es\/wp-content\/uploads\/2025\/03\/EN-Funded-by-the-EU-BLACK-Outline-460x97.jpg\" alt=\"\" width=\"204\" height=\"43\" srcset=\"https:\/\/formacionaiju.es\/wp-content\/uploads\/2025\/03\/EN-Funded-by-the-EU-BLACK-Outline-460x97.jpg 460w, https:\/\/formacionaiju.es\/wp-content\/uploads\/2025\/03\/EN-Funded-by-the-EU-BLACK-Outline-1024x215.jpg 1024w, https:\/\/formacionaiju.es\/wp-content\/uploads\/2025\/03\/EN-Funded-by-the-EU-BLACK-Outline-768x161.jpg 768w, https:\/\/formacionaiju.es\/wp-content\/uploads\/2025\/03\/EN-Funded-by-the-EU-BLACK-Outline-1536x322.jpg 1536w, https:\/\/formacionaiju.es\/wp-content\/uploads\/2025\/03\/EN-Funded-by-the-EU-BLACK-Outline-2048x430.jpg 2048w, https:\/\/formacionaiju.es\/wp-content\/uploads\/2025\/03\/EN-Funded-by-the-EU-BLACK-Outline-300x63.jpg 300w, https:\/\/formacionaiju.es\/wp-content\/uploads\/2025\/03\/EN-Funded-by-the-EU-BLACK-Outline-120x25.jpg 120w, https:\/\/formacionaiju.es\/wp-content\/uploads\/2025\/03\/EN-Funded-by-the-EU-BLACK-Outline-310x65.jpg 310w\" sizes=\"(max-width: 204px) 100vw, 204px\" \/><img loading=\"lazy\" decoding=\"async\" class=\"alignnone wp-image-5929\" src=\"https:\/\/formacionaiju.es\/wp-content\/uploads\/2025\/03\/UKRI-logo-460x136.png\" alt=\"\" width=\"148\" height=\"44\" srcset=\"https:\/\/formacionaiju.es\/wp-content\/uploads\/2025\/03\/UKRI-logo-460x136.png 460w, https:\/\/formacionaiju.es\/wp-content\/uploads\/2025\/03\/UKRI-logo-1024x302.png 1024w, https:\/\/formacionaiju.es\/wp-content\/uploads\/2025\/03\/UKRI-logo-768x226.png 768w, https:\/\/formacionaiju.es\/wp-content\/uploads\/2025\/03\/UKRI-logo-300x88.png 300w, https:\/\/formacionaiju.es\/wp-content\/uploads\/2025\/03\/UKRI-logo-120x35.png 120w, https:\/\/formacionaiju.es\/wp-content\/uploads\/2025\/03\/UKRI-logo-310x91.png 310w, https:\/\/formacionaiju.es\/wp-content\/uploads\/2025\/03\/UKRI-logo.png 1455w\" sizes=\"(max-width: 148px) 100vw, 148px\" \/><\/p>\n","protected":false},"excerpt":{"rendered":"<p>\u00bfEres parte interesada en la implementaci\u00f3n de iniciativas de econom\u00eda circular a nivel sist\u00e9mico? \u00bfQuieres estar al d\u00eda de las \u00faltimas novedades? \u00bfQuieres ser parte de la hoja de ruta para su implementaci\u00f3n efectiva en la Comunidad Valenciana? \u00bfQuieres trabajar durante una jornada con legisladores, empresas, asociaciones y personal de la Comisi\u00f3n Europea? \u00a1No te lo pierdas! \u00a1Te esperamos!<\/p>\n","protected":false},"featured_media":6010,"comment_status":"closed","ping_status":"closed","template":"","meta":{"_acf_changed":false,"_vibebp_attr":"","_vibebp_dimensions":"","_vibebp_responsive_height":"","_vibebp_accordion_ie_support":""},"product_brand":[],"product_cat":[161,138],"product_tag":[],"class_list":{"0":"post-5918","1":"product","2":"type-product","3":"status-publish","4":"has-post-thumbnail","6":"product_cat-finalizado","7":"product_cat-gratuito","9":"first","10":"instock","11":"shipping-taxable","12":"product-type-simple"},"acf":[],"_links":{"self":[{"href":"https:\/\/formacionaiju.es\/en\/wp-json\/wp\/v2\/product\/5918","targetHints":{"allow":["GET"]}}],"collection":[{"href":"https:\/\/formacionaiju.es\/en\/wp-json\/wp\/v2\/product"}],"about":[{"href":"https:\/\/formacionaiju.es\/en\/wp-json\/wp\/v2\/types\/product"}],"replies":[{"embeddable":true,"href":"https:\/\/formacionaiju.es\/en\/wp-json\/wp\/v2\/comments?post=5918"}],"version-history":[{"count":12,"href":"https:\/\/formacionaiju.es\/en\/wp-json\/wp\/v2\/product\/5918\/revisions"}],"predecessor-version":[{"id":6048,"href":"https:\/\/formacionaiju.es\/en\/wp-json\/wp\/v2\/product\/5918\/revisions\/6048"}],"wp:featuredmedia":[{"embeddable":true,"href":"https:\/\/formacionaiju.es\/en\/wp-json\/wp\/v2\/media\/6010"}],"wp:attachment":[{"href":"https:\/\/formacionaiju.es\/en\/wp-json\/wp\/v2\/media?parent=5918"}],"wp:term":[{"taxonomy":"product_brand","embeddable":true,"href":"https:\/\/formacionaiju.es\/en\/wp-json\/wp\/v2\/product_brand?post=5918"},{"taxonomy":"product_cat","embeddable":true,"href":"https:\/\/formacionaiju.es\/en\/wp-json\/wp\/v2\/product_cat?post=5918"},{"taxonomy":"product_tag","embeddable":true,"href":"https:\/\/formacionaiju.es\/en\/wp-json\/wp\/v2\/product_tag?post=5918"}],"curies":[{"name":"wp","href":"https:\/\/api.w.org\/{rel}","templated":true}]}}