{"id":5984,"date":"2025-04-01T20:22:03","date_gmt":"2025-04-01T18:22:03","guid":{"rendered":"https:\/\/formacionaiju.es\/?post_type=product&#038;p=5984"},"modified":"2025-10-13T08:45:20","modified_gmt":"2025-10-13T06:45:20","slug":"electricidad-aplicada-a-la-industria-2","status":"publish","type":"product","link":"https:\/\/formacionaiju.es\/en\/product\/electricidad-aplicada-a-la-industria-2\/","title":{"rendered":"Electricidad aplicada a la industria"},"content":{"rendered":"<p><strong>Destinatarios\/as<\/strong><\/p>\n<p><span data-olk-copy-source=\"MessageBody\">Trabajadores\/as en activo, desempleados\/as<\/span><\/p>\n<p>&nbsp;<\/p>\n<p><strong>Objetivos<\/strong><\/p>\n<p>&#8211; Identificar el material y ser capaz de interpretar esquemas b\u00e1sicos para el montaje de equipos el\u00e9ctricos.<br \/>\n&#8211; Conocer los conceptos clave de electricidad e instalaciones el\u00e9ctricas industriales.<br \/>\n&#8211; Conocer nociones clave del funcionamiento de motores el\u00e9ctricos.<\/p>\n<p>&nbsp;<\/p>\n<p><strong>Contenido<\/strong><\/p>\n<p>1.- Instalaciones el\u00e9ctricas industriales<br \/>\n&#8211; Conceptos clave de electricidad: Corriente el\u00e9ctrica: continua y alterna \/ Circuito el\u00e9ctrico \/ Magnitudes el\u00e9ctricas fundamentales. Ley de Ohm \/ Aparatos de medida.<br \/>\n&#8211; Simbolog\u00eda normalizada: el\u00e9ctrica, neum\u00e1tica e hidr\u00e1ulica<br \/>\n&#8211; Protecciones de las instalaciones: Contra sobreintensidades \/ Contra contactos \/ Contra sobretensiones.<br \/>\n&#8211; El tri\u00e1ngulo de potencias en corriente alterna \/ El factor de potencia y su correcci\u00f3n.<br \/>\n&#8211; Normativa el\u00e9ctrica y reglamentos<br \/>\n&#8211; Tipos de instalaciones industriales<br \/>\n&#8211; Identificaci\u00f3n y preparaci\u00f3n de elementos y materiales para el montaje de equipos el\u00e9ctricos<br \/>\n&#8211; T\u00e9cnicas de fijaci\u00f3n y sujeci\u00f3n<br \/>\n&#8211; Planificaci\u00f3n y montaje de circuitos el\u00e9ctricos b\u00e1sicos<\/p>\n<p>2.- Motores el\u00e9ctricos. Nociones clave para la realizaci\u00f3n de tareas auxiliares<br \/>\n&#8211; Clasificaci\u00f3n de los motores<br \/>\n&#8211; Los motores trif\u00e1sicos. Introducci\u00f3n y caracter\u00edsticas (el\u00e9ctricas y mec\u00e1nicas)<br \/>\n&#8211; Los motores as\u00edncronos trif\u00e1sicos (generalidades, principio de funcionamiento, conexionado\u2026)<br \/>\n&#8211; Ejercicios pr\u00e1cticos con motores: Conexionado de un motor en arranque directo (conexi\u00f3n estrella). Mediciones de tensi\u00f3n \/ Conexionado de un motor en arranque directo (conexi\u00f3n tri\u00e1ngulo). Mediciones de tensi\u00f3n.<\/p>\n<p>3.- Electricidad industrial en la empresa 4.0. Innovaci\u00f3n y conectividad.<\/p>\n<p>4.- Prevenci\u00f3n de riesgos en instalaciones el\u00e9ctricas industriales: conceptos b\u00e1sicos sobre seguridad y salud en el trabajo, riesgos generales y su prevenci\u00f3n, actuaciones de emergencia y evacuaci\u00f3n, riesgos el\u00e9ctricos, situaciones especiales de riesgo y medidas de prevenci\u00f3n.<\/p>\n<p>5.- Aspectos b\u00e1sicos de control de calidad para actividades auxiliares de montaje y mantenimiento de instalaciones el\u00e9ctricas industriales.<\/p>\n<p>&nbsp;<\/p>\n<p><strong>CV Profesorado<\/strong><\/p>\n<p><strong>D. Emilio Torres:<\/strong> Ingeniero en Organizaci\u00f3n Industrial e Ingeniero T\u00e9cnico Industrial, con la especialidad en electr\u00f3nica Industrial. Es Consultor colaborador de la Universitat Oberta de Catalunya (UOC). Fue profesor asociado de la Universidad Polit\u00e9cnica de Valencia y consultor de organizaci\u00f3n industrial aut\u00f3nomo. Durante 6 a\u00f1os trabaj\u00f3 en la empresa Feber como adjunto al director de producci\u00f3n y como responsable de log\u00edstica interna. Es profesor T\u00e9cnico de Formaci\u00f3n Profesional en la especialidad de Instalaciones Electrot\u00e9cnicas desde el a\u00f1o 2004, docente en ciclos formativos de Formaci\u00f3n Profesional en los m\u00f3dulos de Automatismos Industriales, Instalaciones Dom\u00f3ticas e Instalaciones de Interior. En el \u00e1mbito industrial tambi\u00e9n es docente habitual, realizando tanto formaci\u00f3n a medida como cursos en abierto para trabajadores y desempleados.<\/p>\n<p>&nbsp;<\/p>\n<p><strong>Precio<\/strong><br \/>\nAsociados\/as AIJU-desempleados\/as: 780 euros; 2\u00ba asistente y siguientes de la misma empresa: 702 euros.<br \/>\nNo asociados\/as AIJU: 936 euros; 2\u00ba asistente y siguientes de la misma empresa: 842 euros.<\/p>\n<p><strong>Coste m\u00e1ximo bonificable por alumno: 780<\/strong>\u20ac<\/p>\n<p>&nbsp;<\/p>\n<p><strong>Observaciones<\/strong><br \/>\nUna vez aceptada su solicitud, AIJU le indicar\u00e1 cu\u00e1ndo debe efectuar el pago.<br \/>\nIMPORTANTE: La solicitud de preinscripci\u00f3n es tambi\u00e9n un compromiso de pago en caso de ser admitido en la acci\u00f3n formativa. S\u00f3lo se admitir\u00e1n cancelaciones con derecho a devoluci\u00f3n o anulaci\u00f3n del pago, si se comunican a AIJU con al menos 5 d\u00edas laborables de antelaci\u00f3n a la fecha de inicio. Una vez confirmada la plaza al alumno\/a, si \u00e9ste no asistiera al curso y no lo notifica, se le cobrar\u00e1 el importe integro del mismo.<br \/>\n* BONIFICACI\u00d3N CURSOS: el importe de este curso puede bonificarse si se solicita a la FUNDAE. Gesti\u00f3n de la bonificaci\u00f3n gratuita por parte de AIJU. Cons\u00faltenos.<\/p>\n","protected":false},"excerpt":{"rendered":"<p>\u00bfQuieres conocer los conceptos clave de electricidad e instalaciones el\u00e9ctricas industriales? Con este curso ser\u00e1s capaz de interpretar esquemas b\u00e1sicos para el montaje de equipos y motores el\u00e9ctricos.<\/p>\n","protected":false},"featured_media":5985,"comment_status":"closed","ping_status":"closed","template":"","meta":{"_acf_changed":false,"_vibebp_attr":"","_vibebp_dimensions":"","_vibebp_responsive_height":"","_vibebp_accordion_ie_support":""},"product_brand":[],"product_cat":[32,161],"product_tag":[],"class_list":{"0":"post-5984","1":"product","2":"type-product","3":"status-publish","4":"has-post-thumbnail","6":"product_cat-bonificable","7":"product_cat-finalizado","9":"first","10":"instock","11":"shipping-taxable","12":"product-type-simple"},"acf":[],"_links":{"self":[{"href":"https:\/\/formacionaiju.es\/en\/wp-json\/wp\/v2\/product\/5984","targetHints":{"allow":["GET"]}}],"collection":[{"href":"https:\/\/formacionaiju.es\/en\/wp-json\/wp\/v2\/product"}],"about":[{"href":"https:\/\/formacionaiju.es\/en\/wp-json\/wp\/v2\/types\/product"}],"replies":[{"embeddable":true,"href":"https:\/\/formacionaiju.es\/en\/wp-json\/wp\/v2\/comments?post=5984"}],"version-history":[{"count":8,"href":"https:\/\/formacionaiju.es\/en\/wp-json\/wp\/v2\/product\/5984\/revisions"}],"predecessor-version":[{"id":6522,"href":"https:\/\/formacionaiju.es\/en\/wp-json\/wp\/v2\/product\/5984\/revisions\/6522"}],"wp:featuredmedia":[{"embeddable":true,"href":"https:\/\/formacionaiju.es\/en\/wp-json\/wp\/v2\/media\/5985"}],"wp:attachment":[{"href":"https:\/\/formacionaiju.es\/en\/wp-json\/wp\/v2\/media?parent=5984"}],"wp:term":[{"taxonomy":"product_brand","embeddable":true,"href":"https:\/\/formacionaiju.es\/en\/wp-json\/wp\/v2\/product_brand?post=5984"},{"taxonomy":"product_cat","embeddable":true,"href":"https:\/\/formacionaiju.es\/en\/wp-json\/wp\/v2\/product_cat?post=5984"},{"taxonomy":"product_tag","embeddable":true,"href":"https:\/\/formacionaiju.es\/en\/wp-json\/wp\/v2\/product_tag?post=5984"}],"curies":[{"name":"wp","href":"https:\/\/api.w.org\/{rel}","templated":true}]}}