{"id":5993,"date":"2025-04-10T12:09:16","date_gmt":"2025-04-10T10:09:16","guid":{"rendered":"https:\/\/formacionaiju.es\/?post_type=product&#038;p=5993"},"modified":"2025-05-09T08:41:47","modified_gmt":"2025-05-09T06:41:47","slug":"jornada-innovacion-circular-sostenibilidad-y-digitalizacion-en-los-productos-de-consumo-retos-y-oportunidades","status":"publish","type":"product","link":"https:\/\/formacionaiju.es\/en\/product\/jornada-innovacion-circular-sostenibilidad-y-digitalizacion-en-los-productos-de-consumo-retos-y-oportunidades\/","title":{"rendered":"Jornada Innovaci\u00f3n Circular, Sostenibilidad y Digitalizaci\u00f3n en los productos de consumo: Retos y Oportunidades"},"content":{"rendered":"<p><strong>Destinatarios<\/strong><\/p>\n<p>&#8211; Profesionales y empresas del <strong>sector del producto infantil y ocio.<\/strong><br \/>\n&#8211; Empresas de <strong>materia prima, fabricaci\u00f3n de productos, dise\u00f1o, gesti\u00f3n de residuos.<\/strong><br \/>\n&#8211; <strong>Expertos en sostenibilidad, seguridad y tecnolog\u00edas emergentes<\/strong>.<\/p>\n<p>&nbsp;<\/p>\n<p><strong>Objetivos<\/strong><\/p>\n<p>Los objetivos principales de este evento son:<br \/>\n&#8211; <strong>Explorar de manera integral los desaf\u00edos y oportunidades que la transici\u00f3n hacia un modelo de econom\u00eda circular presenta para la industria de productos de consumo<\/strong>.<br \/>\n&#8211; <strong>An\u00e1lisis del contexto legislativo y normativo actual<\/strong>, incluyendo la implementaci\u00f3n del reglamento de dise\u00f1o ecol\u00f3gico y seguridad de producto<br \/>\n&#8211; <strong>Presentaci\u00f3n de las \u00faltimas tendencias e innovaciones en materiales sostenibles<\/strong>.<br \/>\n&#8211; <strong>Impulsar la adopci\u00f3n de pr\u00e1cticas de sostenibilidad a lo largo de toda la cadena de valor.<\/strong><br \/>\n&#8211; <strong>Abordar la trazabilidad y transparencia<\/strong> mediante herramientas como el pasaporte digital de productos<br \/>\n&#8211; Analizar en profundidad la <strong>gesti\u00f3n de residuos y la responsabilidad ampliada del productor (RAP).<\/strong><br \/>\n&#8211; <strong>Fomentar la colaboraci\u00f3n y el intercambio de conocimientos<\/strong> entre profesionales del sector, ofreciendo una plataforma para establecer contactos y explorar posibles sinergias.<br \/>\n&#8211; <strong>Desarrollar el talento y la formaci\u00f3n en el \u00e1mbito de la econom\u00eda circular<\/strong>, presentando iniciativas y oportunidades para j\u00f3venes investigadores en \u00e1reas punteras como la inteligencia artificial aplicada a la formulaci\u00f3n de pl\u00e1sticos y la biompresi\u00f3n.<br \/>\n&#8211; <strong>Inspirar y motivar a las empresas a liderar el cambio hacia la sostenibilidad<\/strong>, a trav\u00e9s de la presentaci\u00f3n de casos de \u00e9xito en la implementaci\u00f3n de pr\u00e1cticas innovadoras y la reflexi\u00f3n sobre el <strong>activismo empresarial<\/strong> como motor de transformaci\u00f3n.<\/p>\n<p>En definitiva, el evento se configura como un espacio clave para la adaptaci\u00f3n a los nuevos requisitos legislativos y normativos a trav\u00e9s de la innovaci\u00f3n en pr\u00e1cticas sostenibles.<\/p>\n<p>&nbsp;<\/p>\n<p><strong>Programa<\/strong><\/p>\n<p><span style=\"color: #000000;\">Consultar en ficha del curso.<\/span><\/p>\n<p>&nbsp;<\/p>\n<p><strong>*En caso de tener problemas con la inscripci\u00f3n, por favor comun\u00edquelo a <span style=\"color: #008080;\">formacion@aiju.es<\/span><\/strong><\/p>\n<p>&nbsp;<\/p>\n<p><img decoding=\"async\" class=\"alignnone wp-image-6005\" src=\"https:\/\/formacionaiju.es\/wp-content\/uploads\/2025\/04\/logo-aiju.jpg\" alt=\"\" width=\"153\" height=\"62\" srcset=\"https:\/\/formacionaiju.es\/wp-content\/uploads\/2025\/04\/logo-aiju.jpg 236w, https:\/\/formacionaiju.es\/wp-content\/uploads\/2025\/04\/logo-aiju-120x49.jpg 120w\" sizes=\"(max-width: 153px) 100vw, 153px\" \/><\/p>\n<p><img decoding=\"async\" class=\"alignnone wp-image-5927\" src=\"https:\/\/formacionaiju.es\/wp-content\/uploads\/2025\/03\/EN-Funded-by-the-EU-BLACK-Outline-460x97.jpg\" alt=\"\" width=\"218\" height=\"46\" srcset=\"https:\/\/formacionaiju.es\/wp-content\/uploads\/2025\/03\/EN-Funded-by-the-EU-BLACK-Outline-460x97.jpg 460w, https:\/\/formacionaiju.es\/wp-content\/uploads\/2025\/03\/EN-Funded-by-the-EU-BLACK-Outline-1024x215.jpg 1024w, https:\/\/formacionaiju.es\/wp-content\/uploads\/2025\/03\/EN-Funded-by-the-EU-BLACK-Outline-768x161.jpg 768w, https:\/\/formacionaiju.es\/wp-content\/uploads\/2025\/03\/EN-Funded-by-the-EU-BLACK-Outline-1536x322.jpg 1536w, https:\/\/formacionaiju.es\/wp-content\/uploads\/2025\/03\/EN-Funded-by-the-EU-BLACK-Outline-2048x430.jpg 2048w, https:\/\/formacionaiju.es\/wp-content\/uploads\/2025\/03\/EN-Funded-by-the-EU-BLACK-Outline-300x63.jpg 300w, https:\/\/formacionaiju.es\/wp-content\/uploads\/2025\/03\/EN-Funded-by-the-EU-BLACK-Outline-120x25.jpg 120w, https:\/\/formacionaiju.es\/wp-content\/uploads\/2025\/03\/EN-Funded-by-the-EU-BLACK-Outline-310x65.jpg 310w\" sizes=\"(max-width: 218px) 100vw, 218px\" \/><img decoding=\"async\" class=\"alignnone wp-image-5925\" src=\"https:\/\/formacionaiju.es\/wp-content\/uploads\/2025\/03\/CCRI-Lockup-colour-SVG.svg\" alt=\"\" width=\"135\" height=\"57\" \/><img loading=\"lazy\" decoding=\"async\" class=\"alignnone wp-image-5929\" src=\"https:\/\/formacionaiju.es\/wp-content\/uploads\/2025\/03\/UKRI-logo-460x136.png\" alt=\"\" width=\"185\" height=\"55\" srcset=\"https:\/\/formacionaiju.es\/wp-content\/uploads\/2025\/03\/UKRI-logo-460x136.png 460w, https:\/\/formacionaiju.es\/wp-content\/uploads\/2025\/03\/UKRI-logo-1024x302.png 1024w, https:\/\/formacionaiju.es\/wp-content\/uploads\/2025\/03\/UKRI-logo-768x226.png 768w, https:\/\/formacionaiju.es\/wp-content\/uploads\/2025\/03\/UKRI-logo-300x88.png 300w, https:\/\/formacionaiju.es\/wp-content\/uploads\/2025\/03\/UKRI-logo-120x35.png 120w, https:\/\/formacionaiju.es\/wp-content\/uploads\/2025\/03\/UKRI-logo-310x91.png 310w, https:\/\/formacionaiju.es\/wp-content\/uploads\/2025\/03\/UKRI-logo.png 1455w\" sizes=\"(max-width: 185px) 100vw, 185px\" \/><img loading=\"lazy\" decoding=\"async\" class=\"alignnone wp-image-5994\" src=\"https:\/\/formacionaiju.es\/wp-content\/uploads\/2025\/04\/erasmus-.jpg\" alt=\"\" width=\"218\" height=\"54\" srcset=\"https:\/\/formacionaiju.es\/wp-content\/uploads\/2025\/04\/erasmus-.jpg 351w, https:\/\/formacionaiju.es\/wp-content\/uploads\/2025\/04\/erasmus--300x74.jpg 300w, https:\/\/formacionaiju.es\/wp-content\/uploads\/2025\/04\/erasmus--120x30.jpg 120w, https:\/\/formacionaiju.es\/wp-content\/uploads\/2025\/04\/erasmus--310x77.jpg 310w\" sizes=\"(max-width: 218px) 100vw, 218px\" \/><\/p>\n<p><img loading=\"lazy\" decoding=\"async\" class=\"alignnone wp-image-5996\" src=\"https:\/\/formacionaiju.es\/wp-content\/uploads\/2025\/04\/avi-460x53.jpg\" alt=\"\" width=\"521\" height=\"60\" srcset=\"https:\/\/formacionaiju.es\/wp-content\/uploads\/2025\/04\/avi-460x53.jpg 460w, https:\/\/formacionaiju.es\/wp-content\/uploads\/2025\/04\/avi-1024x117.jpg 1024w, https:\/\/formacionaiju.es\/wp-content\/uploads\/2025\/04\/avi-768x88.jpg 768w, https:\/\/formacionaiju.es\/wp-content\/uploads\/2025\/04\/avi-300x34.jpg 300w, https:\/\/formacionaiju.es\/wp-content\/uploads\/2025\/04\/avi-120x14.jpg 120w, https:\/\/formacionaiju.es\/wp-content\/uploads\/2025\/04\/avi-310x36.jpg 310w, https:\/\/formacionaiju.es\/wp-content\/uploads\/2025\/04\/avi.jpg 1091w\" sizes=\"(max-width: 521px) 100vw, 521px\" \/><\/p>\n<p><img loading=\"lazy\" decoding=\"async\" class=\"alignnone wp-image-5998\" src=\"https:\/\/formacionaiju.es\/wp-content\/uploads\/2025\/04\/ivace-460x77.jpg\" alt=\"\" width=\"384\" height=\"64\" srcset=\"https:\/\/formacionaiju.es\/wp-content\/uploads\/2025\/04\/ivace-460x77.jpg 460w, https:\/\/formacionaiju.es\/wp-content\/uploads\/2025\/04\/ivace-768x129.jpg 768w, https:\/\/formacionaiju.es\/wp-content\/uploads\/2025\/04\/ivace-300x50.jpg 300w, https:\/\/formacionaiju.es\/wp-content\/uploads\/2025\/04\/ivace-120x20.jpg 120w, https:\/\/formacionaiju.es\/wp-content\/uploads\/2025\/04\/ivace-310x52.jpg 310w, https:\/\/formacionaiju.es\/wp-content\/uploads\/2025\/04\/ivace.jpg 868w\" sizes=\"(max-width: 384px) 100vw, 384px\" \/> <img loading=\"lazy\" decoding=\"async\" class=\"alignnone wp-image-6000\" src=\"https:\/\/formacionaiju.es\/wp-content\/uploads\/2025\/04\/generalitat-.jpg\" alt=\"\" width=\"122\" height=\"67\" srcset=\"https:\/\/formacionaiju.es\/wp-content\/uploads\/2025\/04\/generalitat-.jpg 240w, https:\/\/formacionaiju.es\/wp-content\/uploads\/2025\/04\/generalitat--120x66.jpg 120w\" sizes=\"(max-width: 122px) 100vw, 122px\" \/><\/p>\n","protected":false},"excerpt":{"rendered":"<p>Este evento se centra en la innovaci\u00f3n circular, la sostenibilidad y la digitalizaci\u00f3n en los productos de consumo, abordando los retos y oportunidades que surgen en este \u00e1mbito. La celebraci\u00f3n del 40 aniversario de AIJU como centro tecnol\u00f3gico de soporte a la competitividad de la industria del producto infantil y ocio proporciona un marco para explorar la crucial adaptaci\u00f3n tecnol\u00f3gica y el conocimiento multidisciplinar necesarios en un sector innovador y exigente.<\/p>\n","protected":false},"featured_media":6020,"comment_status":"closed","ping_status":"closed","template":"","meta":{"_acf_changed":false,"_vibebp_attr":"","_vibebp_dimensions":"","_vibebp_responsive_height":"","_vibebp_accordion_ie_support":""},"product_brand":[],"product_cat":[161,138],"product_tag":[],"class_list":{"0":"post-5993","1":"product","2":"type-product","3":"status-publish","4":"has-post-thumbnail","6":"product_cat-finalizado","7":"product_cat-gratuito","9":"first","10":"instock","11":"shipping-taxable","12":"product-type-simple"},"acf":[],"_links":{"self":[{"href":"https:\/\/formacionaiju.es\/en\/wp-json\/wp\/v2\/product\/5993","targetHints":{"allow":["GET"]}}],"collection":[{"href":"https:\/\/formacionaiju.es\/en\/wp-json\/wp\/v2\/product"}],"about":[{"href":"https:\/\/formacionaiju.es\/en\/wp-json\/wp\/v2\/types\/product"}],"replies":[{"embeddable":true,"href":"https:\/\/formacionaiju.es\/en\/wp-json\/wp\/v2\/comments?post=5993"}],"version-history":[{"count":12,"href":"https:\/\/formacionaiju.es\/en\/wp-json\/wp\/v2\/product\/5993\/revisions"}],"predecessor-version":[{"id":6052,"href":"https:\/\/formacionaiju.es\/en\/wp-json\/wp\/v2\/product\/5993\/revisions\/6052"}],"wp:featuredmedia":[{"embeddable":true,"href":"https:\/\/formacionaiju.es\/en\/wp-json\/wp\/v2\/media\/6020"}],"wp:attachment":[{"href":"https:\/\/formacionaiju.es\/en\/wp-json\/wp\/v2\/media?parent=5993"}],"wp:term":[{"taxonomy":"product_brand","embeddable":true,"href":"https:\/\/formacionaiju.es\/en\/wp-json\/wp\/v2\/product_brand?post=5993"},{"taxonomy":"product_cat","embeddable":true,"href":"https:\/\/formacionaiju.es\/en\/wp-json\/wp\/v2\/product_cat?post=5993"},{"taxonomy":"product_tag","embeddable":true,"href":"https:\/\/formacionaiju.es\/en\/wp-json\/wp\/v2\/product_tag?post=5993"}],"curies":[{"name":"wp","href":"https:\/\/api.w.org\/{rel}","templated":true}]}}