{"id":6024,"date":"2025-04-14T15:18:00","date_gmt":"2025-04-14T13:18:00","guid":{"rendered":"https:\/\/formacionaiju.es\/?post_type=product&#038;p=6024"},"modified":"2025-05-26T08:43:01","modified_gmt":"2025-05-26T06:43:01","slug":"excel-basico","status":"publish","type":"product","link":"https:\/\/formacionaiju.es\/en\/product\/excel-basico\/","title":{"rendered":"Excel b\u00e1sico"},"content":{"rendered":"<p><strong>Destinatarios\/as<\/strong><\/p>\n<p>Trabajadores\/as en activo, desempleados\/as<\/p>\n<p>&nbsp;<\/p>\n<p><strong>Objetivos<\/strong><\/p>\n<p>&#8211; Manejo de funciones en Excel B\u00e1sicas.<br \/>\n&#8211; Manejo de referencias a celdas, rangos de datos y tablas en Excel.<br \/>\n&#8211; Conocer algunas opciones b\u00e1sicas del men\u00fa de herramientas de Excel como la validaci\u00f3n de datos.<br \/>\n&#8211; Introducci\u00f3n a las tablas din\u00e1micas.<\/p>\n<p>&nbsp;<\/p>\n<p><strong>Contenido<\/strong><\/p>\n<p>&#8211; Funciones b\u00e1sicas Excel.<br \/>\n&#8211; Formatos de datos y tablas.<br \/>\n&#8211; Men\u00fas b\u00e1sicos de la herramienta.<br \/>\n&#8211; Tablas y Gr\u00e1ficos din\u00e1micos.<\/p>\n<p>&nbsp;<\/p>\n<p><strong>CV Profesorado<\/strong><br \/>\n<strong>D. David Cantos Bardisa<\/strong>: Ingeniero T\u00e9cnico Telem\u00e1tica. Profesional aut\u00f3nomo con amplia experiencia en el sector de soluciones y servicios inform\u00e1ticos para la empresa. Docente habitual tanto en formaciones a medida como en otro tipo de cursos dirigidos al \u00e1mbito empresarial.<\/p>\n<p>&nbsp;<\/p>\n<p><strong>Precio<\/strong><br \/>\nAsociados\/as AIJU\/desempleados\/as: 155 euros; 2\u00ba asistente y siguientes de la misma empresa: 140 euros.<br \/>\nNo asociados\/as AIJU: 185 euros; 2\u00ba asistente y siguientes de la misma empresa: 165 euros.<\/p>\n<p><strong>Coste m\u00e1ximo bonificable por alumno: <\/strong>108\u20ac<\/p>\n<p>&nbsp;<\/p>\n<p><strong>Observaciones<\/strong><br \/>\nUna vez aceptada su solicitud, AIJU le indicar\u00e1 cu\u00e1ndo debe efectuar el pago.<br \/>\nIMPORTANTE: La solicitud de preinscripci\u00f3n es tambi\u00e9n un compromiso de pago en caso de ser admitido en la acci\u00f3n formativa. S\u00f3lo se admitir\u00e1n cancelaciones con derecho a devoluci\u00f3n o anulaci\u00f3n del pago, si se comunican a AIJU con al menos 5 d\u00edas laborables de antelaci\u00f3n a la fecha de inicio. Una vez confirmada la plaza al alumno\/a, si \u00e9ste no asistiera al curso y no lo notifica, se le cobrar\u00e1 el importe integro del mismo.<br \/>\n* BONIFICACI\u00d3N CURSOS: el importe de este curso puede bonificarse parcialmente si se solicita a la FUNDAE. Gesti\u00f3n de la bonificaci\u00f3n gratuita por parte de AIJU. Cons\u00faltenos.<\/p>\n","protected":false},"excerpt":{"rendered":"<p>Este curso de Excel b\u00e1sico tiene como objetivo capacitar a los participantes en el manejo de funciones fundamentales, referencias a celdas y rangos de datos, as\u00ed como en las opciones b\u00e1sicas del men\u00fa de herramientas, incluyendo la validaci\u00f3n de datos. Adem\u00e1s, se introducir\u00e1 a los asistentes en el uso de tablas y gr\u00e1ficos din\u00e1micos, permiti\u00e9ndoles gestionar y analizar datos de manera m\u00e1s eficiente.<\/p>\n","protected":false},"featured_media":6026,"comment_status":"closed","ping_status":"closed","template":"","meta":{"_acf_changed":false,"_vibebp_attr":"","_vibebp_dimensions":"","_vibebp_responsive_height":"","_vibebp_accordion_ie_support":""},"product_brand":[],"product_cat":[161,36],"product_tag":[],"class_list":{"0":"post-6024","1":"product","2":"type-product","3":"status-publish","4":"has-post-thumbnail","6":"product_cat-finalizado","7":"product_cat-parcialmente-bonificable","9":"first","10":"instock","11":"shipping-taxable","12":"product-type-simple"},"acf":[],"_links":{"self":[{"href":"https:\/\/formacionaiju.es\/en\/wp-json\/wp\/v2\/product\/6024","targetHints":{"allow":["GET"]}}],"collection":[{"href":"https:\/\/formacionaiju.es\/en\/wp-json\/wp\/v2\/product"}],"about":[{"href":"https:\/\/formacionaiju.es\/en\/wp-json\/wp\/v2\/types\/product"}],"replies":[{"embeddable":true,"href":"https:\/\/formacionaiju.es\/en\/wp-json\/wp\/v2\/comments?post=6024"}],"version-history":[{"count":5,"href":"https:\/\/formacionaiju.es\/en\/wp-json\/wp\/v2\/product\/6024\/revisions"}],"predecessor-version":[{"id":6035,"href":"https:\/\/formacionaiju.es\/en\/wp-json\/wp\/v2\/product\/6024\/revisions\/6035"}],"wp:featuredmedia":[{"embeddable":true,"href":"https:\/\/formacionaiju.es\/en\/wp-json\/wp\/v2\/media\/6026"}],"wp:attachment":[{"href":"https:\/\/formacionaiju.es\/en\/wp-json\/wp\/v2\/media?parent=6024"}],"wp:term":[{"taxonomy":"product_brand","embeddable":true,"href":"https:\/\/formacionaiju.es\/en\/wp-json\/wp\/v2\/product_brand?post=6024"},{"taxonomy":"product_cat","embeddable":true,"href":"https:\/\/formacionaiju.es\/en\/wp-json\/wp\/v2\/product_cat?post=6024"},{"taxonomy":"product_tag","embeddable":true,"href":"https:\/\/formacionaiju.es\/en\/wp-json\/wp\/v2\/product_tag?post=6024"}],"curies":[{"name":"wp","href":"https:\/\/api.w.org\/{rel}","templated":true}]}}