{"id":6056,"date":"2025-04-23T10:16:32","date_gmt":"2025-04-23T08:16:32","guid":{"rendered":"https:\/\/formacionaiju.es\/?post_type=product&#038;p=6056"},"modified":"2025-09-23T12:47:58","modified_gmt":"2025-09-23T10:47:58","slug":"gestion-de-la-calidad-ed-2025","status":"publish","type":"product","link":"https:\/\/formacionaiju.es\/en\/product\/gestion-de-la-calidad-ed-2025\/","title":{"rendered":"Gesti\u00f3n de la calidad. Ed: 2025"},"content":{"rendered":"<p style=\"text-align: left;\"><strong>Destinatarios\/as<\/strong><\/p>\n<p style=\"text-align: left;\">Trabajadores en activo.<\/p>\n<p>&nbsp;<\/p>\n<p style=\"text-align: left;\"><strong>Objetivos<\/strong><\/p>\n<p style=\"text-align: left;\">&#8211; Ser capaz de elaborar e implementar documentaci\u00f3n de un Sistema de Gesti\u00f3n de la Calidad seg\u00fan ISO9001.\u200b<br \/>\n&#8211; Ser capaz de llevar a cabo auditor\u00edas de calidad.<br \/>\n\u200b- Aplicar muestreos para el control de calidad.<\/p>\n<p>&nbsp;<\/p>\n<p style=\"text-align: left;\"><strong>Contenido<\/strong><\/p>\n<p style=\"text-align: left;\">&#8211; Documentaci\u00f3n de un Sistema de Gesti\u00f3n de la Calidad.\u200b<br \/>\n&#8211; Gesti\u00f3n por procesos.\u200b<br \/>\n&#8211; Auditor\u00edas internas de la Calidad.\u200b<br \/>\n&#8211; Inspecciones por Muestreo.\u200b<br \/>\n&#8211; Ejercicios Pr\u00e1cticos.<\/p>\n<p>&nbsp;<\/p>\n<p style=\"text-align: left;\"><strong>CV Profesorado<\/strong><\/p>\n<p style=\"text-align: left;\"><strong>D. Enrique Gramaje: <\/strong>MBA Executive por la Universidad CEU Cardenal Herrera y Fundesem Business School. Master en Direcci\u00f3n Comercial y Marketing por Fundesem Business School. Diplomado en Ciencias Empresariales por la Universidad de Valencia. Curso de Aptitud Pedag\u00f3gica (CAP) por la Universidad Polit\u00e9cnica de Valencia. Auditor externo cualificado, de Sistemas de Gesti\u00f3n de la Calidad por AENOR. Tutor y asesor de Innovaci\u00f3n en el programa INNOCAMARAS del Consejo Superior de C\u00e1maras. Gestor de Innovaci\u00f3n por FEDIT. Consultor Senior de organizaci\u00f3n y gesti\u00f3n del departamento de innovaci\u00f3n y sostenibilidad de AIJU, desde 1.999. T\u00e9cnico en proyectos nacionales y regionales relacionados con la gesti\u00f3n de la innovaci\u00f3n y TIC. Consultor y asesor en materia de calidad, organizaci\u00f3n, gesti\u00f3n e innovaci\u00f3n y desarrollo de productos, en m\u00e1s de 40 empresas. Docente desde el a\u00f1o 2000 en temas de calidad, innovaci\u00f3n, organizaci\u00f3n y gesti\u00f3n, mediante cursos de formaci\u00f3n ocupacional y de reciclaje profesional.<\/p>\n<p>&nbsp;<\/p>\n<p style=\"text-align: left;\"><strong>Precio<\/strong><\/p>\n<p style=\"text-align: left;\">Asociados\/as AIJU-desempleados\/as: 360 euros; 2\u00ba asistente y siguientes de la misma empresa: 324 euros.<br \/>\nNo asociados\/as AIJU: 430 euros; 2\u00ba asistente y siguientes de la misma empresa: 387 euros.<\/p>\n<p style=\"text-align: left;\"><strong>Coste m\u00e1ximo bonificable por alumno:<\/strong> 260\u20ac<\/p>\n<p>&nbsp;<\/p>\n<p style=\"text-align: left;\"><strong>Observaciones:<\/strong><br \/>\nUna vez aceptada su solicitud, AIJU le indicar\u00e1 cu\u00e1ndo debe efectuar el pago.<br \/>\nIMPORTANTE: La solicitud de preinscripci\u00f3n es tambi\u00e9n un compromiso de pago en caso de ser admitido en la acci\u00f3n formativa. S\u00f3lo se admitir\u00e1n cancelaciones con derecho a devoluci\u00f3n o anulaci\u00f3n del pago, si se comunican a AIJU con al menos 5 d\u00edas laborables de antelaci\u00f3n a la fecha de inicio. Una vez confirmada la plaza al alumno\/a, si \u00e9ste no asistiera al curso y no lo notifica, se le cobrar\u00e1 el importe integro del mismo.<br \/>\n* BONIFICACI\u00d3N CURSOS: el importe de este curso puede bonificarse parcialmente si se solicita a la FUNDAE. Gesti\u00f3n de la bonificaci\u00f3n gratuita por parte de AIJU. Cons\u00faltenos.<br \/>\nAIJU se reserva el derecho a anular o aplazar este curso si no se llega a un m\u00ednimo de inscripciones.<\/p>\n","protected":false},"excerpt":{"rendered":"<p>Curso orientado a la elaboraci\u00f3n e implementaci\u00f3n de un Sistema de Gesti\u00f3n de la Calidad ISO 9001, auditor\u00edas internas y t\u00e9cnicas de muestreo para el control de calidad. Incluye contenidos te\u00f3ricos y pr\u00e1cticos enfocados en la gesti\u00f3n por procesos y documentaci\u00f3n del sistema.<\/p>\n","protected":false},"featured_media":6057,"comment_status":"closed","ping_status":"closed","template":"","meta":{"_acf_changed":false,"_vibebp_attr":"","_vibebp_dimensions":"","_vibebp_responsive_height":"","_vibebp_accordion_ie_support":""},"product_brand":[],"product_cat":[162,36],"product_tag":[],"class_list":{"0":"post-6056","1":"product","2":"type-product","3":"status-publish","4":"has-post-thumbnail","6":"product_cat-en-marcha","7":"product_cat-parcialmente-bonificable","9":"first","10":"instock","11":"shipping-taxable","12":"product-type-simple"},"acf":[],"_links":{"self":[{"href":"https:\/\/formacionaiju.es\/en\/wp-json\/wp\/v2\/product\/6056","targetHints":{"allow":["GET"]}}],"collection":[{"href":"https:\/\/formacionaiju.es\/en\/wp-json\/wp\/v2\/product"}],"about":[{"href":"https:\/\/formacionaiju.es\/en\/wp-json\/wp\/v2\/types\/product"}],"replies":[{"embeddable":true,"href":"https:\/\/formacionaiju.es\/en\/wp-json\/wp\/v2\/comments?post=6056"}],"version-history":[{"count":4,"href":"https:\/\/formacionaiju.es\/en\/wp-json\/wp\/v2\/product\/6056\/revisions"}],"predecessor-version":[{"id":6464,"href":"https:\/\/formacionaiju.es\/en\/wp-json\/wp\/v2\/product\/6056\/revisions\/6464"}],"wp:featuredmedia":[{"embeddable":true,"href":"https:\/\/formacionaiju.es\/en\/wp-json\/wp\/v2\/media\/6057"}],"wp:attachment":[{"href":"https:\/\/formacionaiju.es\/en\/wp-json\/wp\/v2\/media?parent=6056"}],"wp:term":[{"taxonomy":"product_brand","embeddable":true,"href":"https:\/\/formacionaiju.es\/en\/wp-json\/wp\/v2\/product_brand?post=6056"},{"taxonomy":"product_cat","embeddable":true,"href":"https:\/\/formacionaiju.es\/en\/wp-json\/wp\/v2\/product_cat?post=6056"},{"taxonomy":"product_tag","embeddable":true,"href":"https:\/\/formacionaiju.es\/en\/wp-json\/wp\/v2\/product_tag?post=6056"}],"curies":[{"name":"wp","href":"https:\/\/api.w.org\/{rel}","templated":true}]}}