{"id":6073,"date":"2025-04-29T18:51:28","date_gmt":"2025-04-29T16:51:28","guid":{"rendered":"https:\/\/formacionaiju.es\/?post_type=product&#038;p=6073"},"modified":"2025-06-04T09:15:39","modified_gmt":"2025-06-04T07:15:39","slug":"solidworks-simulation-ed-2025","status":"publish","type":"product","link":"https:\/\/formacionaiju.es\/en\/product\/solidworks-simulation-ed-2025\/","title":{"rendered":"Solidworks simulation. Ed: 2025"},"content":{"rendered":"<p><strong>Destinatarios\/as<\/strong><br \/>\nPersonal t\u00e9cnico de empresas (Dpto. Oficina t\u00e9cnica, Dpto. Ingenier\u00eda), desempleados\/as.<\/p>\n<p>&nbsp;<\/p>\n<p><strong>Objetivos<\/strong><\/p>\n<p>Saber utilizar el m\u00f3dulo de simulaci\u00f3n \u201cSOLIDWORKS SIMULATION\u201d y profundizar en la simulaci\u00f3n de elementos a presi\u00f3n y temperatura.<\/p>\n<p>&nbsp;<\/p>\n<p><strong>Contenido<\/strong><\/p>\n<p>1. SOLIDWORKS SIMULATION<br \/>\n1.1. Conceptos b\u00e1sicos e introducci\u00f3n al m\u00e9todo de elementos finitos<br \/>\n1.2. El proceso de an\u00e1lisis<br \/>\n1.3. Controles de mallado, conectadores de tensi\u00f3n y condiciones de contorno<br \/>\n1.4. An\u00e1lisis de ensamblajes con contactos<br \/>\n1.5. Ensamblajes sim\u00e9tricos y estables autoequilibrados<br \/>\n1.6. An\u00e1lisis de ensamblajes con conectores y refinado del mallado<br \/>\n1.7. Mallado compatible \/ incompatible<br \/>\n1.8. An\u00e1lisis de componentes finos<br \/>\n1.9. Mallado mixto de s\u00f3lidos y elementos de vaciado<br \/>\n1.10. Elementos tipo viga<br \/>\n1.11. Mallado mixto de s\u00f3lidos, vigas y elementos de vaciado<br \/>\n1.12. Estudio de dise\u00f1o<br \/>\n1.13. An\u00e1lisis de tensi\u00f3n por cargas t\u00e9rmica<br \/>\n1.14. Mallado adaptativo<\/p>\n<p>2. SOLIDWORKS SIMULATION \u2013 RECIPIENTES A PRESI\u00d3N<br \/>\n2.1. Objetivos del Estudio de Dise\u00f1o de Recipientes a Presi\u00f3n<br \/>\n2.2. Descripci\u00f3n del Proceso<br \/>\n2.3. Configuraci\u00f3n de la Combinaci\u00f3n de Resultados<br \/>\n2.4. Linealizaci\u00f3n de los Resultados de Tensi\u00f3n<br \/>\n2.5. Tensiones de Membrana y Tensiones de Flexi\u00f3n<\/p>\n<p>3. SOLIDWORKS SIMULATION \u2013 T\u00c9RMICO<br \/>\n3.1 An\u00e1lisis t\u00e9rmico<br \/>\n3.2 An\u00e1lisis t\u00e9rmico con radiaci\u00f3n<br \/>\n3.3. An\u00e1lisis t\u00e9rmico avanzado<\/p>\n<p>&nbsp;<\/p>\n<p><strong>CV Profesorado<\/strong><br \/>\nD. Eduardo Beltran, consultor senior en CIMWORKS desde 2019. Ingeniero Industrial por la Universidad Polit\u00e9cnica de Valencia. 5 a\u00f1os de experiencia con el fabricante Dassault Systemes SOLIDWORKS. Certificaciones en: SOLIDWORKS Mechanical Design Expert, SOLIDWORKS Simulation Expert. 3DEXPERIENCE SIMULIA Expert<\/p>\n<p>&nbsp;<\/p>\n<p><strong>Precio<\/strong><\/p>\n<p>Asociados\/as AIJU\/desempleados\/as: 600 euros; 2\u00ba asistente y siguientes de la misma empresa: 540 euros.<br \/>\nNo asociados\/as AIJU: 720 euros; 2\u00ba asistente y siguientes de la misma empresa: 648 euros.<\/p>\n<p>&nbsp;<\/p>\n<p><strong>Observaciones<\/strong><\/p>\n<p><span style=\"color: #008080;\">AIJU NO GESTIONAR\u00c1 LA BONIFICACI\u00d3N EN ESTE CURSO<\/span><\/p>\n<p>Una vez aceptada su solicitud, AIJU le indicar\u00e1 cu\u00e1ndo debe efectuar el pago.<\/p>\n<p>IMPORTANTE: La solicitud de preinscripci\u00f3n es tambi\u00e9n un compromiso de pago en caso de ser admitido en la acci\u00f3n formativa. S\u00f3lo se admitir\u00e1n cancelaciones con derecho a devoluci\u00f3n o anulaci\u00f3n del pago, si se comunican a AIJU con al menos 5 d\u00edas laborables de antelaci\u00f3n a la fecha de inicio. Una vez confirmada la plaza al alumno, si \u00e9ste no asistiera al curso y no lo notifica, se le cobrar\u00e1 el importe \u00edntegro del mismo.<\/p>\n<p>AIJU se reserva el derecho a anular o aplazar este curso si no se llega a un m\u00ednimo de inscripciones.<\/p>\n","protected":false},"excerpt":{"rendered":"<p>Curso orientado al uso avanzado de SOLIDWORKS SIMULATION para analizar estructuras sometidas a presi\u00f3n y temperatura, aplicando el m\u00e9todo de elementos finitos. Incluye estudios de ensamblajes, an\u00e1lisis t\u00e9rmicos y simulaci\u00f3n de recipientes a presi\u00f3n.<\/p>\n","protected":false},"featured_media":6074,"comment_status":"closed","ping_status":"closed","template":"","meta":{"_acf_changed":false,"_vibebp_attr":"","_vibebp_dimensions":"","_vibebp_responsive_height":"","_vibebp_accordion_ie_support":""},"product_brand":[],"product_cat":[173,161],"product_tag":[],"class_list":{"0":"post-6073","1":"product","2":"type-product","3":"status-publish","4":"has-post-thumbnail","6":"product_cat-aiju-no-gestiona-bonificacion","7":"product_cat-finalizado","9":"first","10":"instock","11":"shipping-taxable","12":"product-type-simple"},"acf":[],"_links":{"self":[{"href":"https:\/\/formacionaiju.es\/en\/wp-json\/wp\/v2\/product\/6073","targetHints":{"allow":["GET"]}}],"collection":[{"href":"https:\/\/formacionaiju.es\/en\/wp-json\/wp\/v2\/product"}],"about":[{"href":"https:\/\/formacionaiju.es\/en\/wp-json\/wp\/v2\/types\/product"}],"replies":[{"embeddable":true,"href":"https:\/\/formacionaiju.es\/en\/wp-json\/wp\/v2\/comments?post=6073"}],"version-history":[{"count":3,"href":"https:\/\/formacionaiju.es\/en\/wp-json\/wp\/v2\/product\/6073\/revisions"}],"predecessor-version":[{"id":6077,"href":"https:\/\/formacionaiju.es\/en\/wp-json\/wp\/v2\/product\/6073\/revisions\/6077"}],"wp:featuredmedia":[{"embeddable":true,"href":"https:\/\/formacionaiju.es\/en\/wp-json\/wp\/v2\/media\/6074"}],"wp:attachment":[{"href":"https:\/\/formacionaiju.es\/en\/wp-json\/wp\/v2\/media?parent=6073"}],"wp:term":[{"taxonomy":"product_brand","embeddable":true,"href":"https:\/\/formacionaiju.es\/en\/wp-json\/wp\/v2\/product_brand?post=6073"},{"taxonomy":"product_cat","embeddable":true,"href":"https:\/\/formacionaiju.es\/en\/wp-json\/wp\/v2\/product_cat?post=6073"},{"taxonomy":"product_tag","embeddable":true,"href":"https:\/\/formacionaiju.es\/en\/wp-json\/wp\/v2\/product_tag?post=6073"}],"curies":[{"name":"wp","href":"https:\/\/api.w.org\/{rel}","templated":true}]}}