{"id":6182,"date":"2025-05-21T15:03:07","date_gmt":"2025-05-21T13:03:07","guid":{"rendered":"https:\/\/formacionaiju.es\/?post_type=product&#038;p=6182"},"modified":"2025-10-30T13:23:51","modified_gmt":"2025-10-30T11:23:51","slug":"automatas-programables","status":"publish","type":"product","link":"https:\/\/formacionaiju.es\/en\/product\/automatas-programables\/","title":{"rendered":"Aut\u00f3matas programables"},"content":{"rendered":"<p><strong>Destinatarios\/as<\/strong><\/p>\n<p>Prioritariamente trabajadores en activo, aunque podr\u00e1 participar un porcentaje de desempleados.<\/p>\n<p>&nbsp;<\/p>\n<p><strong>Objetivos<\/strong><\/p>\n<p><span data-olk-copy-source=\"MessageBody\">Aplicar los aut\u00f3matas programables a la gesti\u00f3n de proyectos.<\/span><\/p>\n<p>&nbsp;<\/p>\n<p><strong>Contenido<\/strong><\/p>\n<p>1. ESTRUCTURA, MANEJO E INSTALACI\u00d3N DE LOS AUT\u00d3MATAS PROGRAMABLES.<\/p>\n<p>2. LENGUAJES Y PROGRAMAS EN LOS AUT\u00d3MATAS PROGRAMABLES.<\/p>\n<p>3. EJEMPLOS B\u00c1SICOS DE PROGRAMACI\u00d3N.<\/p>\n<p>&nbsp;<\/p>\n<p><strong>Precio<\/strong><\/p>\n<p>Gratuito.<\/p>\n<p>&nbsp;<\/p>\n<p><strong>Profesorado<\/strong><\/p>\n<p><strong>Jos\u00e9 Carlos Torregrosa Gim\u00e9nez<\/strong>: Ingeniero t\u00e9cnico Industrial, especialidad en Electr\u00f3nica industrial (EPSA), master t\u00e9cnico superior en Prevenci\u00f3n de riesgos laborales, especialidad seguridad en el trabajo y Curso de aptitud Pedag\u00f3gica (CAP). Desde 1995 responsable de mantenimiento industrial en diversos sectores. Desde 1998 complementa su experiencia profesional con la docente en distintos centros de formaci\u00f3n p\u00fablicos y privados dando cursos t\u00e9cnicos para el SERVEF, particulares y empresas.<\/p>\n<p><strong>Rafael Segu\u00ed Revert<\/strong>: Ingeniero t\u00e9cnico Industrial, especialidad en electr\u00f3nica industrial (EPSA), finalizando estudios de grado en ingenier\u00eda qu\u00edmica. Involucrado en la automatizaci\u00f3n industrial desde hace m\u00e1s de 20 a\u00f1os, especialista en sistemas PLC y control autom\u00e1tico, es el responsable del departamento de I+D de Aesis, empresa dedicada a implementar soluciones de control y autom\u00e1tica industrial. En continua formaci\u00f3n tanto docente como profesional, ha realizado cursos de formaci\u00f3n en el \u00e1mbito del control industrial, inform\u00e1tica, sistemas operativos Linux, desarrollo web, y aut\u00f3matas programables.<\/p>\n<p>&nbsp;<\/p>\n<p><strong>Observaciones<\/strong><\/p>\n<p>Este curso es gratuito &#8211; subvencionado, est\u00e1 dirigido prioritariamente a trabajadores aunque podr\u00e1n participar un porcentaje de desempleados.<\/p>\n<p>&nbsp;<\/p>\n<p><img fetchpriority=\"high\" decoding=\"async\" class=\"alignnone wp-image-6206\" src=\"https:\/\/formacionaiju.es\/wp-content\/uploads\/2024\/11\/logos-todos-460x46.png\" alt=\"\" width=\"770\" height=\"77\" srcset=\"https:\/\/formacionaiju.es\/wp-content\/uploads\/2024\/11\/logos-todos-460x46.png 460w, https:\/\/formacionaiju.es\/wp-content\/uploads\/2024\/11\/logos-todos-1024x103.png 1024w, https:\/\/formacionaiju.es\/wp-content\/uploads\/2024\/11\/logos-todos-768x77.png 768w, https:\/\/formacionaiju.es\/wp-content\/uploads\/2024\/11\/logos-todos-1536x154.png 1536w, https:\/\/formacionaiju.es\/wp-content\/uploads\/2024\/11\/logos-todos-300x30.png 300w, https:\/\/formacionaiju.es\/wp-content\/uploads\/2024\/11\/logos-todos-120x12.png 120w, https:\/\/formacionaiju.es\/wp-content\/uploads\/2024\/11\/logos-todos-310x31.png 310w, https:\/\/formacionaiju.es\/wp-content\/uploads\/2024\/11\/logos-todos.png 1768w\" sizes=\"(max-width: 770px) 100vw, 770px\" \/><\/p>\n","protected":false},"excerpt":{"rendered":"<p><span data-olk-copy-source=\"MessageBody\">Consigue aplicar los aut\u00f3matas programables a la gesti\u00f3n de proyectos.<\/span><\/p>\n","protected":false},"featured_media":6183,"comment_status":"closed","ping_status":"closed","template":"","meta":{"_acf_changed":false,"_vibebp_attr":"","_vibebp_dimensions":"","_vibebp_responsive_height":"","_vibebp_accordion_ie_support":""},"product_brand":[],"product_cat":[161,136,178],"product_tag":[],"class_list":{"0":"post-6182","1":"product","2":"type-product","3":"status-publish","4":"has-post-thumbnail","6":"product_cat-finalizado","7":"product_cat-subvencionados","8":"product_cat-plan-nacional-ocupados","10":"first","11":"instock","12":"shipping-taxable","13":"product-type-simple"},"acf":[],"_links":{"self":[{"href":"https:\/\/formacionaiju.es\/en\/wp-json\/wp\/v2\/product\/6182","targetHints":{"allow":["GET"]}}],"collection":[{"href":"https:\/\/formacionaiju.es\/en\/wp-json\/wp\/v2\/product"}],"about":[{"href":"https:\/\/formacionaiju.es\/en\/wp-json\/wp\/v2\/types\/product"}],"replies":[{"embeddable":true,"href":"https:\/\/formacionaiju.es\/en\/wp-json\/wp\/v2\/comments?post=6182"}],"version-history":[{"count":14,"href":"https:\/\/formacionaiju.es\/en\/wp-json\/wp\/v2\/product\/6182\/revisions"}],"predecessor-version":[{"id":6588,"href":"https:\/\/formacionaiju.es\/en\/wp-json\/wp\/v2\/product\/6182\/revisions\/6588"}],"wp:featuredmedia":[{"embeddable":true,"href":"https:\/\/formacionaiju.es\/en\/wp-json\/wp\/v2\/media\/6183"}],"wp:attachment":[{"href":"https:\/\/formacionaiju.es\/en\/wp-json\/wp\/v2\/media?parent=6182"}],"wp:term":[{"taxonomy":"product_brand","embeddable":true,"href":"https:\/\/formacionaiju.es\/en\/wp-json\/wp\/v2\/product_brand?post=6182"},{"taxonomy":"product_cat","embeddable":true,"href":"https:\/\/formacionaiju.es\/en\/wp-json\/wp\/v2\/product_cat?post=6182"},{"taxonomy":"product_tag","embeddable":true,"href":"https:\/\/formacionaiju.es\/en\/wp-json\/wp\/v2\/product_tag?post=6182"}],"curies":[{"name":"wp","href":"https:\/\/api.w.org\/{rel}","templated":true}]}}