{"id":6189,"date":"2025-05-21T15:19:09","date_gmt":"2025-05-21T13:19:09","guid":{"rendered":"https:\/\/formacionaiju.es\/?post_type=product&#038;p=6189"},"modified":"2025-09-29T08:06:52","modified_gmt":"2025-09-29T06:06:52","slug":"introduccion-a-la-inteligencia-artificial-y-los-algoritmos","status":"publish","type":"product","link":"https:\/\/formacionaiju.es\/en\/product\/introduccion-a-la-inteligencia-artificial-y-los-algoritmos\/","title":{"rendered":"Introducci\u00f3n a la Inteligencia Artificial y los algoritmos"},"content":{"rendered":"<p><strong>Destinatarios\/as<\/strong><\/p>\n<p>Prioritariamente trabajadores en activo, aunque podr\u00e1 participar un porcentaje de desempleados.<\/p>\n<p>&nbsp;<\/p>\n<p><strong>Objetivos<\/strong><\/p>\n<p>Conocer todas las nociones y caracter\u00edsticas de las IA y su aplicaci\u00f3n directa en algoritmos<\/p>\n<p>&nbsp;<\/p>\n<p><strong>Contenido<\/strong><\/p>\n<p>1. NOCIONES Y ANTECEDENTES.<br \/>\n2. CARACTER\u00cdSTICAS DE LA IA.<br \/>\n3. S\u00cdMBOLOS Y M\u00c9TODOS NUM\u00c9RICOS.<br \/>\n4. F\u00d3RMULAS Y FUNCIONES.<br \/>\n5. ALGORITMOS.<br \/>\n6. ALGORITMOS Y APLICACIONES DE NEGOCIO (CASO GEOLOCALIZACI\u00d3N).<br \/>\n7. SISTEMAS BASADOS EN CONOCIMIENTO.<br \/>\n8. MOTORES DE INFERENCIA.<br \/>\n9. PATRONES.<br \/>\n10. REGLAS Y RESTRICCIONES.<\/p>\n<p>&nbsp;<\/p>\n<p><strong>Profesorado<\/strong><\/p>\n<p><strong>Chaume S\u00e1nchez:<\/strong>\u00a0es docente y emprendedor especializado en tecnolog\u00eda y transformaci\u00f3n digital, con experiencia en universidades como UPV, UV, UAX, ESIC y centros de FP. Fundador y CEO de GeeksHubs, ha formado a m\u00e1s de 7.000 profesionales IT en m\u00e1s de 10 a\u00f1os, conectando talento con empresas nacionales e internacionales. Investigador en el DSIC y el ITI de la UPV, actualmente desarrolla su tesis sobre el impacto de la Inteligencia Artificial en el aprendizaje organizativo y la productividad empresarial. Su enfoque combina educaci\u00f3n tecnol\u00f3gica, innovaci\u00f3n y transferencia de conocimiento al mercado.<\/p>\n<p>&nbsp;<\/p>\n<p><strong>Precio<\/strong><\/p>\n<p>Gratuito.<\/p>\n<p>&nbsp;<\/p>\n<p><strong>Observaciones<\/strong><\/p>\n<p>Este curso es gratuito &#8211; subvencionado, est\u00e1 dirigido prioritariamente a trabajadores aunque podr\u00e1n participar un porcentaje de desempleados.<\/p>\n<p>&nbsp;<\/p>\n<p><img decoding=\"async\" class=\"alignnone wp-image-6206\" src=\"https:\/\/formacionaiju.es\/wp-content\/uploads\/2024\/11\/logos-todos-460x46.png\" alt=\"\" width=\"690\" height=\"69\" srcset=\"https:\/\/formacionaiju.es\/wp-content\/uploads\/2024\/11\/logos-todos-460x46.png 460w, https:\/\/formacionaiju.es\/wp-content\/uploads\/2024\/11\/logos-todos-1024x103.png 1024w, https:\/\/formacionaiju.es\/wp-content\/uploads\/2024\/11\/logos-todos-768x77.png 768w, https:\/\/formacionaiju.es\/wp-content\/uploads\/2024\/11\/logos-todos-1536x154.png 1536w, https:\/\/formacionaiju.es\/wp-content\/uploads\/2024\/11\/logos-todos-300x30.png 300w, https:\/\/formacionaiju.es\/wp-content\/uploads\/2024\/11\/logos-todos-120x12.png 120w, https:\/\/formacionaiju.es\/wp-content\/uploads\/2024\/11\/logos-todos-310x31.png 310w, https:\/\/formacionaiju.es\/wp-content\/uploads\/2024\/11\/logos-todos.png 1768w\" sizes=\"(max-width: 690px) 100vw, 690px\" \/><\/p>\n","protected":false},"excerpt":{"rendered":"<p>\u00bfQuieres conocer todas las nociones y caracter\u00edsticas de las IA y su aplicaci\u00f3n directa en algoritmos?<\/p>\n<p>&nbsp;<\/p>\n","protected":false},"featured_media":6190,"comment_status":"closed","ping_status":"closed","template":"","meta":{"_acf_changed":false,"_vibebp_attr":"","_vibebp_dimensions":"","_vibebp_responsive_height":"","_vibebp_accordion_ie_support":""},"product_brand":[],"product_cat":[162,136,178],"product_tag":[],"class_list":{"0":"post-6189","1":"product","2":"type-product","3":"status-publish","4":"has-post-thumbnail","6":"product_cat-en-marcha","7":"product_cat-subvencionados","8":"product_cat-plan-nacional-ocupados","10":"first","11":"instock","12":"shipping-taxable","13":"product-type-simple"},"acf":[],"_links":{"self":[{"href":"https:\/\/formacionaiju.es\/en\/wp-json\/wp\/v2\/product\/6189","targetHints":{"allow":["GET"]}}],"collection":[{"href":"https:\/\/formacionaiju.es\/en\/wp-json\/wp\/v2\/product"}],"about":[{"href":"https:\/\/formacionaiju.es\/en\/wp-json\/wp\/v2\/types\/product"}],"replies":[{"embeddable":true,"href":"https:\/\/formacionaiju.es\/en\/wp-json\/wp\/v2\/comments?post=6189"}],"version-history":[{"count":16,"href":"https:\/\/formacionaiju.es\/en\/wp-json\/wp\/v2\/product\/6189\/revisions"}],"predecessor-version":[{"id":6414,"href":"https:\/\/formacionaiju.es\/en\/wp-json\/wp\/v2\/product\/6189\/revisions\/6414"}],"wp:featuredmedia":[{"embeddable":true,"href":"https:\/\/formacionaiju.es\/en\/wp-json\/wp\/v2\/media\/6190"}],"wp:attachment":[{"href":"https:\/\/formacionaiju.es\/en\/wp-json\/wp\/v2\/media?parent=6189"}],"wp:term":[{"taxonomy":"product_brand","embeddable":true,"href":"https:\/\/formacionaiju.es\/en\/wp-json\/wp\/v2\/product_brand?post=6189"},{"taxonomy":"product_cat","embeddable":true,"href":"https:\/\/formacionaiju.es\/en\/wp-json\/wp\/v2\/product_cat?post=6189"},{"taxonomy":"product_tag","embeddable":true,"href":"https:\/\/formacionaiju.es\/en\/wp-json\/wp\/v2\/product_tag?post=6189"}],"curies":[{"name":"wp","href":"https:\/\/api.w.org\/{rel}","templated":true}]}}