{"id":6194,"date":"2025-05-21T15:34:30","date_gmt":"2025-05-21T13:34:30","guid":{"rendered":"https:\/\/formacionaiju.es\/?post_type=product&#038;p=6194"},"modified":"2026-02-27T12:12:34","modified_gmt":"2026-02-27T10:12:34","slug":"cloud-computing","status":"publish","type":"product","link":"https:\/\/formacionaiju.es\/en\/product\/cloud-computing\/","title":{"rendered":"Cloud computing"},"content":{"rendered":"<p><strong>Destinatarios\/as<\/strong><\/p>\n<p>Prioritariamente trabajadores en activo, aunque podr\u00e1 participar un porcentaje de desempleados.<\/p>\n<p>&nbsp;<\/p>\n<p><strong>Objetivos<\/strong><\/p>\n<p><span data-olk-copy-source=\"MessageBody\">Implantar un proyecto de Cloud Computing.<\/span><\/p>\n<p>&nbsp;<\/p>\n<p><strong>Contenido<\/strong><\/p>\n<p>1. DEFINICI\u00d3N Y CARACTER\u00cdSTICAS<br \/>\n1.1. Introducci\u00f3n<br \/>\n1.2. Definici\u00f3n del Cloud Computing<br \/>\n1.3. Historia<\/p>\n<p>2. AGENTES QUE INTERVIENEN EN EL CLOUD COMPUTING<br \/>\n2.1. El Cloud Computing y el departamento IT<br \/>\n2.2. Niveles del Cloud Computing<br \/>\n2.3. \u00bfQu\u00e9 es la virtualizaci\u00f3n?<br \/>\n2.4. Centros de datos para Cloud<\/p>\n<p>3. C\u00d3MO ABORDAR UN PROYECTO DE CLOUD COMPUTING<br \/>\n3.1. Ventajas y desventajas del Cloud Computing<br \/>\n3.2. An\u00e1lisis DAFO de la implantaci\u00f3n del Cloud<\/p>\n<p>4. ASPECTOS LEGALES Y SEGURIDAD DEL CLOUD COMPUTING<br \/>\n4.1. Ley de Protecci\u00f3n de Datos (LOPD)<br \/>\n4.2. Propiedad intelectual<br \/>\n4.3. Relaciones laborales<br \/>\n4.4. Los retos del Cloud Computing<br \/>\n4.5. Implementaci\u00f3n de la seguridad en el Cloud Computing<br \/>\n4.6. An\u00e1lisis forense en el Cloud Computing<br \/>\n4.7. Cloud Security Alliance (CSA)<\/p>\n<p>5. TOPOLOG\u00cdA<br \/>\n5.1. Tipos de nube<br \/>\n5.2. Tipo de cloud que debo de usar<br \/>\n5.3. La topolog\u00eda en el \u00e1mbito de los servicios cloud<\/p>\n<p>6. EL MERCADO DEL CLOUD COMPUTING<br \/>\n6.1. La situaci\u00f3n actual del Cloud Computing<br \/>\n6.2. Ejemplos de soluciones disponibles en el mercado<\/p>\n<p>7. CASOS DE \u00c9XITO DE CLOUD COMPUTING<br \/>\n7.1. En Espa\u00f1a<br \/>\n7.2. En el resto del mundo<\/p>\n<p>&nbsp;<\/p>\n<p><strong>Profesorado<\/strong><\/p>\n<p><strong>Chaume S\u00e1nchez:<\/strong>\u00a0es docente y emprendedor especializado en tecnolog\u00eda y transformaci\u00f3n digital, con experiencia en universidades como UPV, UV, UAX, ESIC y centros de FP. Fundador y CEO de GeeksHubs, ha formado a m\u00e1s de 7.000 profesionales IT en m\u00e1s de 10 a\u00f1os, conectando talento con empresas nacionales e internacionales. Investigador en el DSIC y el ITI de la UPV, actualmente desarrolla su tesis sobre el impacto de la Inteligencia Artificial en el aprendizaje organizativo y la productividad empresarial. Su enfoque combina educaci\u00f3n tecnol\u00f3gica, innovaci\u00f3n y transferencia de conocimiento al mercado.<\/p>\n<p>&nbsp;<\/p>\n<p><strong>Precio<\/strong><\/p>\n<p>Gratuito.<\/p>\n<p>&nbsp;<\/p>\n<p><strong>Observaciones<\/strong><\/p>\n<p>Este curso es gratuito &#8211; subvencionado, est\u00e1 dirigido prioritariamente a trabajadores aunque podr\u00e1n participar un porcentaje de desempleados.<\/p>\n<p>&nbsp;<\/p>\n<p><img fetchpriority=\"high\" decoding=\"async\" class=\"alignnone wp-image-6206\" src=\"https:\/\/formacionaiju.es\/wp-content\/uploads\/2024\/11\/logos-todos-460x46.png\" alt=\"\" width=\"750\" height=\"75\" srcset=\"https:\/\/formacionaiju.es\/wp-content\/uploads\/2024\/11\/logos-todos-460x46.png 460w, https:\/\/formacionaiju.es\/wp-content\/uploads\/2024\/11\/logos-todos-1024x103.png 1024w, https:\/\/formacionaiju.es\/wp-content\/uploads\/2024\/11\/logos-todos-768x77.png 768w, https:\/\/formacionaiju.es\/wp-content\/uploads\/2024\/11\/logos-todos-1536x154.png 1536w, https:\/\/formacionaiju.es\/wp-content\/uploads\/2024\/11\/logos-todos-300x30.png 300w, https:\/\/formacionaiju.es\/wp-content\/uploads\/2024\/11\/logos-todos-120x12.png 120w, https:\/\/formacionaiju.es\/wp-content\/uploads\/2024\/11\/logos-todos-310x31.png 310w, https:\/\/formacionaiju.es\/wp-content\/uploads\/2024\/11\/logos-todos.png 1768w\" sizes=\"(max-width: 750px) 100vw, 750px\" \/><\/p>\n","protected":false},"excerpt":{"rendered":"<p>Ad\u00e9ntrate en el Cloud Computing y elimina la necesidad de infraestructura f\u00edsica propia, ofreciendo flexibilidad, escalabilidad y acceso remoto.<\/p>\n","protected":false},"featured_media":6195,"comment_status":"closed","ping_status":"closed","template":"","meta":{"_acf_changed":false,"_vibebp_attr":"","_vibebp_dimensions":"","_vibebp_responsive_height":"","_vibebp_accordion_ie_support":""},"product_brand":[],"product_cat":[136,178],"product_tag":[],"class_list":{"0":"post-6194","1":"product","2":"type-product","3":"status-publish","4":"has-post-thumbnail","6":"product_cat-subvencionados","7":"product_cat-plan-nacional-ocupados","9":"first","10":"instock","11":"shipping-taxable","12":"product-type-simple"},"acf":[],"_links":{"self":[{"href":"https:\/\/formacionaiju.es\/en\/wp-json\/wp\/v2\/product\/6194","targetHints":{"allow":["GET"]}}],"collection":[{"href":"https:\/\/formacionaiju.es\/en\/wp-json\/wp\/v2\/product"}],"about":[{"href":"https:\/\/formacionaiju.es\/en\/wp-json\/wp\/v2\/types\/product"}],"replies":[{"embeddable":true,"href":"https:\/\/formacionaiju.es\/en\/wp-json\/wp\/v2\/comments?post=6194"}],"version-history":[{"count":18,"href":"https:\/\/formacionaiju.es\/en\/wp-json\/wp\/v2\/product\/6194\/revisions"}],"predecessor-version":[{"id":7242,"href":"https:\/\/formacionaiju.es\/en\/wp-json\/wp\/v2\/product\/6194\/revisions\/7242"}],"wp:featuredmedia":[{"embeddable":true,"href":"https:\/\/formacionaiju.es\/en\/wp-json\/wp\/v2\/media\/6195"}],"wp:attachment":[{"href":"https:\/\/formacionaiju.es\/en\/wp-json\/wp\/v2\/media?parent=6194"}],"wp:term":[{"taxonomy":"product_brand","embeddable":true,"href":"https:\/\/formacionaiju.es\/en\/wp-json\/wp\/v2\/product_brand?post=6194"},{"taxonomy":"product_cat","embeddable":true,"href":"https:\/\/formacionaiju.es\/en\/wp-json\/wp\/v2\/product_cat?post=6194"},{"taxonomy":"product_tag","embeddable":true,"href":"https:\/\/formacionaiju.es\/en\/wp-json\/wp\/v2\/product_tag?post=6194"}],"curies":[{"name":"wp","href":"https:\/\/api.w.org\/{rel}","templated":true}]}}