{"id":6199,"date":"2025-05-21T15:43:12","date_gmt":"2025-05-21T13:43:12","guid":{"rendered":"https:\/\/formacionaiju.es\/?post_type=product&#038;p=6199"},"modified":"2026-03-03T12:37:02","modified_gmt":"2026-03-03T10:37:02","slug":"programacion-de-aplicaciones-android","status":"publish","type":"product","link":"https:\/\/formacionaiju.es\/en\/product\/programacion-de-aplicaciones-android\/","title":{"rendered":"Programaci\u00f3n de aplicaciones Android"},"content":{"rendered":"<p><strong>Destinatarios\/as<\/strong><\/p>\n<p>Prioritariamente trabajadores en activo, aunque podr\u00e1 participar un porcentaje de desempleados.<\/p>\n<p>&nbsp;<\/p>\n<p><strong>Objetivos<\/strong><\/p>\n<p>Programar aplicaciones de dispositivos m\u00f3viles Android y conocer los pormenores de su entorno interfaz, interfaz de usuarios y el desarrollo en relaci\u00f3n con los proveedores de contenido.<\/p>\n<p>&nbsp;<\/p>\n<p><strong>Contenido<\/strong><\/p>\n<p>M\u00f3dulo 1 FUNDAMENTOS DE LA INFORM\u00c1TICA (APPS)<br \/>\nM\u00f3dulo 2 DESARROLLO DE UNA APP<\/p>\n<p>&nbsp;<\/p>\n<p><strong>Profesorado<\/strong><\/p>\n<p><strong>Chaume S\u00e1nchez:<\/strong>\u00a0es docente y emprendedor especializado en tecnolog\u00eda y transformaci\u00f3n digital, con experiencia en universidades como UPV, UV, UAX, ESIC y centros de FP. Fundador y CEO de GeeksHubs, ha formado a m\u00e1s de 7.000 profesionales IT en m\u00e1s de 10 a\u00f1os, conectando talento con empresas nacionales e internacionales. Investigador en el DSIC y el ITI de la UPV, actualmente desarrolla su tesis sobre el impacto de la Inteligencia Artificial en el aprendizaje organizativo y la productividad empresarial. Su enfoque combina educaci\u00f3n tecnol\u00f3gica, innovaci\u00f3n y transferencia de conocimiento al mercado.<\/p>\n<p>&nbsp;<\/p>\n<p><strong>Precio<\/strong><\/p>\n<p>Gratuito.<\/p>\n<p>&nbsp;<\/p>\n<p><strong>Observaciones<\/strong><\/p>\n<p>Este curso es gratuito &#8211; subvencionado, est\u00e1 dirigido prioritariamente a trabajadores aunque podr\u00e1n participar un porcentaje de desempleados.<\/p>\n<p>&nbsp;<\/p>\n<p><img fetchpriority=\"high\" decoding=\"async\" class=\"alignnone wp-image-6206\" src=\"https:\/\/formacionaiju.es\/wp-content\/uploads\/2024\/11\/logos-todos-460x46.png\" alt=\"\" width=\"730\" height=\"73\" srcset=\"https:\/\/formacionaiju.es\/wp-content\/uploads\/2024\/11\/logos-todos-460x46.png 460w, https:\/\/formacionaiju.es\/wp-content\/uploads\/2024\/11\/logos-todos-1024x103.png 1024w, https:\/\/formacionaiju.es\/wp-content\/uploads\/2024\/11\/logos-todos-768x77.png 768w, https:\/\/formacionaiju.es\/wp-content\/uploads\/2024\/11\/logos-todos-1536x154.png 1536w, https:\/\/formacionaiju.es\/wp-content\/uploads\/2024\/11\/logos-todos-300x30.png 300w, https:\/\/formacionaiju.es\/wp-content\/uploads\/2024\/11\/logos-todos-120x12.png 120w, https:\/\/formacionaiju.es\/wp-content\/uploads\/2024\/11\/logos-todos-310x31.png 310w, https:\/\/formacionaiju.es\/wp-content\/uploads\/2024\/11\/logos-todos.png 1768w\" sizes=\"(max-width: 730px) 100vw, 730px\" \/><\/p>\n","protected":false},"excerpt":{"rendered":"<p>Consigue programar aplicaciones de dispositivos m\u00f3viles Android<\/p>\n","protected":false},"featured_media":6200,"comment_status":"closed","ping_status":"closed","template":"","meta":{"_acf_changed":false,"_vibebp_attr":"","_vibebp_dimensions":"","_vibebp_responsive_height":"","_vibebp_accordion_ie_support":""},"product_brand":[],"product_cat":[136,178],"product_tag":[],"class_list":{"0":"post-6199","1":"product","2":"type-product","3":"status-publish","4":"has-post-thumbnail","6":"product_cat-subvencionados","7":"product_cat-plan-nacional-ocupados","9":"first","10":"instock","11":"shipping-taxable","12":"product-type-simple"},"acf":[],"_links":{"self":[{"href":"https:\/\/formacionaiju.es\/en\/wp-json\/wp\/v2\/product\/6199","targetHints":{"allow":["GET"]}}],"collection":[{"href":"https:\/\/formacionaiju.es\/en\/wp-json\/wp\/v2\/product"}],"about":[{"href":"https:\/\/formacionaiju.es\/en\/wp-json\/wp\/v2\/types\/product"}],"replies":[{"embeddable":true,"href":"https:\/\/formacionaiju.es\/en\/wp-json\/wp\/v2\/comments?post=6199"}],"version-history":[{"count":18,"href":"https:\/\/formacionaiju.es\/en\/wp-json\/wp\/v2\/product\/6199\/revisions"}],"predecessor-version":[{"id":7272,"href":"https:\/\/formacionaiju.es\/en\/wp-json\/wp\/v2\/product\/6199\/revisions\/7272"}],"wp:featuredmedia":[{"embeddable":true,"href":"https:\/\/formacionaiju.es\/en\/wp-json\/wp\/v2\/media\/6200"}],"wp:attachment":[{"href":"https:\/\/formacionaiju.es\/en\/wp-json\/wp\/v2\/media?parent=6199"}],"wp:term":[{"taxonomy":"product_brand","embeddable":true,"href":"https:\/\/formacionaiju.es\/en\/wp-json\/wp\/v2\/product_brand?post=6199"},{"taxonomy":"product_cat","embeddable":true,"href":"https:\/\/formacionaiju.es\/en\/wp-json\/wp\/v2\/product_cat?post=6199"},{"taxonomy":"product_tag","embeddable":true,"href":"https:\/\/formacionaiju.es\/en\/wp-json\/wp\/v2\/product_tag?post=6199"}],"curies":[{"name":"wp","href":"https:\/\/api.w.org\/{rel}","templated":true}]}}