{"id":6229,"date":"2025-05-29T13:58:16","date_gmt":"2025-05-29T11:58:16","guid":{"rendered":"https:\/\/formacionaiju.es\/?post_type=product&#038;p=6229"},"modified":"2025-10-15T08:14:40","modified_gmt":"2025-10-15T06:14:40","slug":"normativa-reach-para-productos-quimicos-industriales","status":"publish","type":"product","link":"https:\/\/formacionaiju.es\/en\/product\/normativa-reach-para-productos-quimicos-industriales\/","title":{"rendered":"Normativa REACH para productos qu\u00edmicos industriales"},"content":{"rendered":"<p><strong>Destinatarios\/as<\/strong><\/p>\n<p>Interpretar la Normativa REACH para su aplicaci\u00f3n a los productos qu\u00edmicos.<\/p>\n<p>&nbsp;<\/p>\n<p><strong>Objetivos<\/strong><\/p>\n<p>Adquirir los conocimientos para aplicar correctamente el Reglamento para el Registro, Evaluaci\u00f3n y Autorizaci\u00f3n de Sustancias Qu\u00edmicas (REACH), para su correcta aplicaci\u00f3n en la industria.<\/p>\n<p>&nbsp;<\/p>\n<p><strong>Contenido<\/strong><\/p>\n<p>1. INTRODUCCION.<br \/>\n1.1. \u00bfQu\u00e9 es el REACH?. \u00bfEl porqu\u00e9 del REACH? Objetivos.<br \/>\n1.2. Situaci\u00f3n actual. Riesgo qu\u00edmico. C\u00f3mo se trata desde el punto de vista de la prevenci\u00f3n de riesgos<br \/>\nlaborales.<\/p>\n<p>2. REACH.<br \/>\n2.1. \u00c1mbito de aplicaci\u00f3n.<br \/>\n2.2. Sustancias y preparados.<br \/>\n2.3. Etapas del REACH: Prerregistro, Registro, Evaluaci\u00f3n, Autorizaci\u00f3n.<br \/>\n2.4. Restricciones. Notificaciones.<\/p>\n<p>3. AGENCIA EUROPEA DE PRODUCTOS QU\u00cdMICOS.<br \/>\n3.1. Informe de Seguridad Qu\u00edmica.<br \/>\n3.2. RIP\u2019s: Reach Implementation Projects.<br \/>\n3.3. Centros de soporte.<\/p>\n<p>4. CLASIFICACION Y ETIQUETADO<br \/>\n4.1. Requisitos contemplados en REACH.<br \/>\n4.2. GHS: Global Harmonised System. La nueva forma de clasificar y etiquetar.<br \/>\n4.3. Comunicaci\u00f3n a la cadena de suministro.<\/p>\n<p>5. ESCENARIOS DE EXPOSICION.<br \/>\n5.1. REACH y Prevenci\u00f3n de Riesgos Laborales.<\/p>\n<p>&nbsp;<\/p>\n<p><strong>Profesorado<\/strong><\/p>\n<p><strong>D\u00f1a. Alejandra Segura:<\/strong> Ingeniero T\u00e9cnico Industrial especialidad en Qu\u00edmica por la Universidad Polit\u00e9cnica de Valencia (UPV). M\u00e1ster en Ciencia y Tecnolog\u00eda Qu\u00edmica Anal\u00edtica por la Universidad Nacional a Distancia (UNED). T\u00e9cnico especialista en el \u00e1rea qu\u00edmica de AIJU desde 2008. Amplia experiencia en legislaci\u00f3n relacionada con el uso de sustancias qu\u00edmicas en la fabricaci\u00f3n de productos de consumo, principalmente con relaci\u00f3n al Reglamento REACH. Gestora de proyectos I+D+i tanto nacionales como europeos sobre todo relacionados en mejorar la seguridad de los productos. Formadora habitual en temas sobre legislaci\u00f3n, normativa y requisitos qu\u00edmicos en productos de consumo.<\/p>\n<p>&nbsp;<\/p>\n<p><strong>Precio<\/strong><\/p>\n<p>Gratuito.<\/p>\n<p>&nbsp;<\/p>\n<p>&nbsp;<\/p>\n<p><img fetchpriority=\"high\" decoding=\"async\" class=\"alignnone wp-image-6206\" src=\"https:\/\/formacionaiju.es\/wp-content\/uploads\/2024\/11\/logos-todos-460x46.png\" alt=\"\" width=\"740\" height=\"74\" srcset=\"https:\/\/formacionaiju.es\/wp-content\/uploads\/2024\/11\/logos-todos-460x46.png 460w, https:\/\/formacionaiju.es\/wp-content\/uploads\/2024\/11\/logos-todos-1024x103.png 1024w, https:\/\/formacionaiju.es\/wp-content\/uploads\/2024\/11\/logos-todos-768x77.png 768w, https:\/\/formacionaiju.es\/wp-content\/uploads\/2024\/11\/logos-todos-1536x154.png 1536w, https:\/\/formacionaiju.es\/wp-content\/uploads\/2024\/11\/logos-todos-300x30.png 300w, https:\/\/formacionaiju.es\/wp-content\/uploads\/2024\/11\/logos-todos-120x12.png 120w, https:\/\/formacionaiju.es\/wp-content\/uploads\/2024\/11\/logos-todos-310x31.png 310w, https:\/\/formacionaiju.es\/wp-content\/uploads\/2024\/11\/logos-todos.png 1768w\" sizes=\"(max-width: 740px) 100vw, 740px\" \/><\/p>\n","protected":false},"excerpt":{"rendered":"<p>Interpretar la Normativa REACH para su aplicaci\u00f3n a los productos qu\u00edmicos<\/p>\n","protected":false},"featured_media":6230,"comment_status":"closed","ping_status":"closed","template":"","meta":{"_acf_changed":false,"_vibebp_attr":"","_vibebp_dimensions":"","_vibebp_responsive_height":"","_vibebp_accordion_ie_support":""},"product_brand":[],"product_cat":[161,136,178],"product_tag":[],"class_list":{"0":"post-6229","1":"product","2":"type-product","3":"status-publish","4":"has-post-thumbnail","6":"product_cat-finalizado","7":"product_cat-subvencionados","8":"product_cat-plan-nacional-ocupados","10":"first","11":"instock","12":"shipping-taxable","13":"product-type-simple"},"acf":[],"_links":{"self":[{"href":"https:\/\/formacionaiju.es\/en\/wp-json\/wp\/v2\/product\/6229","targetHints":{"allow":["GET"]}}],"collection":[{"href":"https:\/\/formacionaiju.es\/en\/wp-json\/wp\/v2\/product"}],"about":[{"href":"https:\/\/formacionaiju.es\/en\/wp-json\/wp\/v2\/types\/product"}],"replies":[{"embeddable":true,"href":"https:\/\/formacionaiju.es\/en\/wp-json\/wp\/v2\/comments?post=6229"}],"version-history":[{"count":4,"href":"https:\/\/formacionaiju.es\/en\/wp-json\/wp\/v2\/product\/6229\/revisions"}],"predecessor-version":[{"id":6286,"href":"https:\/\/formacionaiju.es\/en\/wp-json\/wp\/v2\/product\/6229\/revisions\/6286"}],"wp:featuredmedia":[{"embeddable":true,"href":"https:\/\/formacionaiju.es\/en\/wp-json\/wp\/v2\/media\/6230"}],"wp:attachment":[{"href":"https:\/\/formacionaiju.es\/en\/wp-json\/wp\/v2\/media?parent=6229"}],"wp:term":[{"taxonomy":"product_brand","embeddable":true,"href":"https:\/\/formacionaiju.es\/en\/wp-json\/wp\/v2\/product_brand?post=6229"},{"taxonomy":"product_cat","embeddable":true,"href":"https:\/\/formacionaiju.es\/en\/wp-json\/wp\/v2\/product_cat?post=6229"},{"taxonomy":"product_tag","embeddable":true,"href":"https:\/\/formacionaiju.es\/en\/wp-json\/wp\/v2\/product_tag?post=6229"}],"curies":[{"name":"wp","href":"https:\/\/api.w.org\/{rel}","templated":true}]}}