{"id":6277,"date":"2025-06-11T08:55:55","date_gmt":"2025-06-11T06:55:55","guid":{"rendered":"https:\/\/formacionaiju.es\/?post_type=product&#038;p=6277"},"modified":"2025-07-03T08:38:34","modified_gmt":"2025-07-03T06:38:34","slug":"webinar-reglamento-reach-en-productos-de-consumo","status":"publish","type":"product","link":"https:\/\/formacionaiju.es\/en\/product\/webinar-reglamento-reach-en-productos-de-consumo\/","title":{"rendered":"Webinar: Reglamento REACH en productos de consumo"},"content":{"rendered":"<p style=\"text-align: left;\"><strong>Destinatarios\/as<\/strong><\/p>\n<p>Empresas productoras, importadoras o distribuidoras de art\u00edculos. Personal involucrado en el desarrollo de producto, calidad, I+D, compras, etc.<\/p>\n<p>&nbsp;<\/p>\n<p style=\"text-align: left;\"><strong>Objetivos<\/strong><\/p>\n<p class=\"_04xlpA direction-ltr align-justify para-style-body\" style=\"text-align: left;\">&#8211; Conocer los principios generales del Reglamento REACH.<br \/>\n&#8211; Aprender cu\u00e1les son los requisitos de este reglamento aplicables a productos de consumo.<\/p>\n<p>&nbsp;<\/p>\n<p style=\"text-align: left;\"><strong>Contenido<\/strong><\/p>\n<p>&#8211; \u00bfQu\u00e9 es el Reglamento REACH y a qu\u00e9 aplica?<br \/>\n&#8211; \u00bfqu\u00e9 requisitos aplican espec\u00edficamente a productos?<br \/>\n&#8211; C\u00f3mo verificar el cumplimiento del producto con los requisitos de aplicaci\u00f3n<\/p>\n<p>&nbsp;<\/p>\n<p style=\"text-align: left;\"><strong>CV Profesorado<\/strong><\/p>\n<p><strong>D\u00f1a. Alejandra Segura:<\/strong> Ingeniera T\u00e9cnico Industrial especialidad en Qu\u00edmica por la Universidad Polit\u00e9cnica de Valencia (UPV). M\u00e1ster en ciencia y tecnolog\u00eda Qu\u00edmica por la UNED. Candidata a doctorado en Bioingenier\u00eda por la Universidad Miguel Hern\u00e1ndez. T\u00e9cnico especialista en el \u00e1rea qu\u00edmica de AIJU desde 2008. Amplia experiencia en legislaci\u00f3n relacionada con el uso de sustancias qu\u00edmicas en la fabricaci\u00f3n de productos de consumo, principalmente en relaci\u00f3n con el Reglamento REACH. Gestora de proyectos I+D+i tanto nacionales como europeos sobre todo relacionados en mejorar la seguridad de los productos. Formadora habitual en temas sobre legislaci\u00f3n, normativa y requisitos qu\u00edmicos en productos de consumo.<\/p>\n<p>&nbsp;<\/p>\n<p style=\"text-align: left;\"><strong>Precio<\/strong><\/p>\n<p style=\"text-align: left;\">Asociados\/as AIJU\/desempleados\/as: 90 euros.<br \/>\nNo asociados\/as AIJU: 110 euros.<\/p>\n<p>&nbsp;<\/p>\n<p>&nbsp;<\/p>\n<p><strong>Observaciones\u00a0<\/strong><\/p>\n<p>IMPORTANTE: La solicitud de preinscripci\u00f3n es tambi\u00e9n un compromiso de pago en caso de ser admitido en la acci\u00f3n formativa. S\u00f3lo se admitir\u00e1n cancelaciones con derecho a devoluci\u00f3n o anulaci\u00f3n del pago, si se comunican a AIJU con al menos 5 d\u00edas laborables de antelaci\u00f3n a la fecha de inicio. Una vez confirmada la plaza al alumno, si \u00e9ste no asistiera al curso y no lo notifica, se le cobrar\u00e1 el importe \u00edntegro del mismo.<\/p>\n<p>AIJU se reserva el derecho a anular o aplazar este curso si no se llega a un m\u00ednimo de inscripciones.<\/p>\n","protected":false},"excerpt":{"rendered":"<p>El Reglamento REACH regula el uso de sustancias qu\u00edmicas en la Uni\u00f3n Europea, siendo de aplicaci\u00f3n a todas las materias primas que se fabrican, importan, usan o comercializan, pero \u00bfC\u00f3mo afectan los requisitos de este Reglamento a los productos de consumo?<\/p>\n","protected":false},"featured_media":6284,"comment_status":"closed","ping_status":"closed","template":"","meta":{"_acf_changed":false,"_vibebp_attr":"","_vibebp_dimensions":"","_vibebp_responsive_height":"","_vibebp_accordion_ie_support":""},"product_brand":[],"product_cat":[161,176],"product_tag":[],"class_list":{"0":"post-6277","1":"product","2":"type-product","3":"status-publish","4":"has-post-thumbnail","6":"product_cat-finalizado","7":"product_cat-webinar","9":"first","10":"instock","11":"shipping-taxable","12":"product-type-simple"},"acf":[],"_links":{"self":[{"href":"https:\/\/formacionaiju.es\/en\/wp-json\/wp\/v2\/product\/6277","targetHints":{"allow":["GET"]}}],"collection":[{"href":"https:\/\/formacionaiju.es\/en\/wp-json\/wp\/v2\/product"}],"about":[{"href":"https:\/\/formacionaiju.es\/en\/wp-json\/wp\/v2\/types\/product"}],"replies":[{"embeddable":true,"href":"https:\/\/formacionaiju.es\/en\/wp-json\/wp\/v2\/comments?post=6277"}],"version-history":[{"count":3,"href":"https:\/\/formacionaiju.es\/en\/wp-json\/wp\/v2\/product\/6277\/revisions"}],"predecessor-version":[{"id":6328,"href":"https:\/\/formacionaiju.es\/en\/wp-json\/wp\/v2\/product\/6277\/revisions\/6328"}],"wp:featuredmedia":[{"embeddable":true,"href":"https:\/\/formacionaiju.es\/en\/wp-json\/wp\/v2\/media\/6284"}],"wp:attachment":[{"href":"https:\/\/formacionaiju.es\/en\/wp-json\/wp\/v2\/media?parent=6277"}],"wp:term":[{"taxonomy":"product_brand","embeddable":true,"href":"https:\/\/formacionaiju.es\/en\/wp-json\/wp\/v2\/product_brand?post=6277"},{"taxonomy":"product_cat","embeddable":true,"href":"https:\/\/formacionaiju.es\/en\/wp-json\/wp\/v2\/product_cat?post=6277"},{"taxonomy":"product_tag","embeddable":true,"href":"https:\/\/formacionaiju.es\/en\/wp-json\/wp\/v2\/product_tag?post=6277"}],"curies":[{"name":"wp","href":"https:\/\/api.w.org\/{rel}","templated":true}]}}