{"id":6287,"date":"2025-06-12T10:24:55","date_gmt":"2025-06-12T08:24:55","guid":{"rendered":"https:\/\/formacionaiju.es\/?post_type=product&#038;p=6287"},"modified":"2025-09-17T08:46:27","modified_gmt":"2025-09-17T06:46:27","slug":"quimica-y-aditivos-en-la-industria-del-papel","status":"publish","type":"product","link":"https:\/\/formacionaiju.es\/en\/product\/quimica-y-aditivos-en-la-industria-del-papel\/","title":{"rendered":"Qu\u00edmica y aditivos en la industria del papel"},"content":{"rendered":"<p><strong>Modalidad<\/strong><\/p>\n<p>Teleformaci\u00f3n.<\/p>\n<p>&nbsp;<\/p>\n<p><strong>Destinatarios\/as<\/strong><\/p>\n<p>Prioritariamente trabajadores en activo, aunque podr\u00e1 participar un porcentaje de desempleados.<\/p>\n<p>&nbsp;<\/p>\n<p><strong>Objetivos<\/strong><\/p>\n<p>Al finalizar la formaci\u00f3n el trabajador ser\u00e1 capaz de conocer la importancia de la qu\u00edmica y de los aditivos en la fabricaci\u00f3n de papel y de la gesti\u00f3n adecuada de los mismos, dar a conocer la influencia de los aditivos (cargas minerales, agentes de retenci\u00f3n, colas, biocidas, colorantes, agentes de resistencia al estado h\u00famedo, etc.) en la calidad del papel y en la buena marcha de la m\u00e1quina de papel as\u00ed como los par\u00e1metros a medir y la forma correcta de controlarlos para lograr \u00f3ptimos resultados.<\/p>\n<p>&nbsp;<\/p>\n<p><strong>Contenido<\/strong><\/p>\n<p>1. INTRODUCCI\u00d3N A LA QU\u00cdMICA DEL PAPEL<br \/>\n2. CARGAS Y PIGMENTOS EN LA FABRICACI\u00d3N DE PAPEL<br \/>\n3. ENCOLADO INTERNO DEL PAPEL<br \/>\n4. QU\u00cdMICA DEL AGUA DE LA M\u00c1QUINA DE PAPEL<br \/>\n5. MICROBIOLOG\u00cdA DE LA M\u00c1QUINA DE PAPEL<br \/>\n6. ADITIVOS PRINCIPALES<\/p>\n<p>&nbsp;<\/p>\n<p><strong>Profesorado<\/strong><\/p>\n<p><strong>D. Jos\u00e9 Mart\u00ednez Garc\u00eda: <\/strong>Licenciado en qu\u00edmica industrial y t\u00e9cnico superior en prevenci\u00f3n de riesgos laborales, con una amplia experiencia en la industria qu\u00edmica, en varios sectores, desde la s\u00edntesis de principios activos qu\u00edmico-farmac\u00e9uticos a la fabricaci\u00f3n de pol\u00edmeros, pasando por la formulaci\u00f3n de recubrimientos y cosm\u00e9ticos. Ha desarrollado su actividad a su vez en diversos departamentos, por lo que tiene un conocimiento global muy extenso tanto de procesos qu\u00edmicos como de gesti\u00f3n y control de los mismos. Profesor curso del \u00e1rea qu\u00edmica y tutor de cursos online del Colegio oficial de qu\u00edmicos de Murcia.<\/p>\n<p>&nbsp;<\/p>\n<p><strong>Precio<\/strong><\/p>\n<p>Formaci\u00f3n gratuita\/subvencionada<\/p>\n<p>&nbsp;<\/p>\n<p><img fetchpriority=\"high\" decoding=\"async\" class=\"alignnone wp-image-6295\" src=\"https:\/\/formacionaiju.es\/wp-content\/uploads\/2025\/06\/logos-teleformacion-460x92.png\" alt=\"\" width=\"790\" height=\"158\" srcset=\"https:\/\/formacionaiju.es\/wp-content\/uploads\/2025\/06\/logos-teleformacion-460x92.png 460w, https:\/\/formacionaiju.es\/wp-content\/uploads\/2025\/06\/logos-teleformacion-1024x206.png 1024w, https:\/\/formacionaiju.es\/wp-content\/uploads\/2025\/06\/logos-teleformacion-768x154.png 768w, https:\/\/formacionaiju.es\/wp-content\/uploads\/2025\/06\/logos-teleformacion-1536x308.png 1536w, https:\/\/formacionaiju.es\/wp-content\/uploads\/2025\/06\/logos-teleformacion-300x60.png 300w, https:\/\/formacionaiju.es\/wp-content\/uploads\/2025\/06\/logos-teleformacion-120x24.png 120w, https:\/\/formacionaiju.es\/wp-content\/uploads\/2025\/06\/logos-teleformacion-310x62.png 310w, https:\/\/formacionaiju.es\/wp-content\/uploads\/2025\/06\/logos-teleformacion.png 1768w\" sizes=\"(max-width: 790px) 100vw, 790px\" \/><\/p>\n<p>&nbsp;<\/p>\n<p>&nbsp;<\/p>\n","protected":false},"excerpt":{"rendered":"<p>Formaci\u00f3n orientada a conocer los fundamentos de la qu\u00edmica aplicada en la fabricaci\u00f3n de papel, abordando el papel esencial de los aditivos en la mejora de sus propiedades. Ideal para profesionales del sector que buscan optimizar procesos y calidad del producto final.<\/p>\n","protected":false},"featured_media":6289,"comment_status":"closed","ping_status":"closed","template":"","meta":{"_acf_changed":false,"_vibebp_attr":"","_vibebp_dimensions":"","_vibebp_responsive_height":"","_vibebp_accordion_ie_support":""},"product_brand":[],"product_cat":[162,178,177],"product_tag":[],"class_list":{"0":"post-6287","1":"product","2":"type-product","3":"status-publish","4":"has-post-thumbnail","6":"product_cat-en-marcha","7":"product_cat-plan-nacional-ocupados","8":"product_cat-teleformacion-gratuito-subvencionado","10":"first","11":"instock","12":"shipping-taxable","13":"product-type-simple"},"acf":[],"_links":{"self":[{"href":"https:\/\/formacionaiju.es\/en\/wp-json\/wp\/v2\/product\/6287","targetHints":{"allow":["GET"]}}],"collection":[{"href":"https:\/\/formacionaiju.es\/en\/wp-json\/wp\/v2\/product"}],"about":[{"href":"https:\/\/formacionaiju.es\/en\/wp-json\/wp\/v2\/types\/product"}],"replies":[{"embeddable":true,"href":"https:\/\/formacionaiju.es\/en\/wp-json\/wp\/v2\/comments?post=6287"}],"version-history":[{"count":8,"href":"https:\/\/formacionaiju.es\/en\/wp-json\/wp\/v2\/product\/6287\/revisions"}],"predecessor-version":[{"id":6297,"href":"https:\/\/formacionaiju.es\/en\/wp-json\/wp\/v2\/product\/6287\/revisions\/6297"}],"wp:featuredmedia":[{"embeddable":true,"href":"https:\/\/formacionaiju.es\/en\/wp-json\/wp\/v2\/media\/6289"}],"wp:attachment":[{"href":"https:\/\/formacionaiju.es\/en\/wp-json\/wp\/v2\/media?parent=6287"}],"wp:term":[{"taxonomy":"product_brand","embeddable":true,"href":"https:\/\/formacionaiju.es\/en\/wp-json\/wp\/v2\/product_brand?post=6287"},{"taxonomy":"product_cat","embeddable":true,"href":"https:\/\/formacionaiju.es\/en\/wp-json\/wp\/v2\/product_cat?post=6287"},{"taxonomy":"product_tag","embeddable":true,"href":"https:\/\/formacionaiju.es\/en\/wp-json\/wp\/v2\/product_tag?post=6287"}],"curies":[{"name":"wp","href":"https:\/\/api.w.org\/{rel}","templated":true}]}}