{"id":6318,"date":"2025-06-17T13:09:07","date_gmt":"2025-06-17T11:09:07","guid":{"rendered":"https:\/\/formacionaiju.es\/?post_type=product&#038;p=6318"},"modified":"2025-07-23T11:40:02","modified_gmt":"2025-07-23T09:40:02","slug":"webinar-la-importancia-del-color-en-la-industria-del-plastico-innovacion-y-talento-formado-en-aiju-el-caso-polyclass","status":"publish","type":"product","link":"https:\/\/formacionaiju.es\/en\/product\/webinar-la-importancia-del-color-en-la-industria-del-plastico-innovacion-y-talento-formado-en-aiju-el-caso-polyclass\/","title":{"rendered":"Webinar &#8211; La importancia del color en la industria del pl\u00e1stico. Innovaci\u00f3n y talento formado en AIJU: el caso POLYCLASS"},"content":{"rendered":"<p style=\"text-align: left;\"><strong>Destinatarios\/as<\/strong><\/p>\n<p>Trabajadores\/as en activo, desempleados\/as.<\/p>\n<p>&nbsp;<\/p>\n<p style=\"text-align: left;\"><strong>Objetivos<\/strong><\/p>\n<p class=\"_04xlpA direction-ltr align-justify para-style-body\" style=\"text-align: left;\">&#8211; Destacar la relevancia del color como factor estrat\u00e9gico en la industria del pl\u00e1stico.<br \/>\n&#8211; Exponer conocimientos t\u00e9cnicos sobre la aplicaci\u00f3n del color en la transformaci\u00f3n de pol\u00edmeros.<br \/>\n&#8211; Presentar el caso POLYCLASS como ejemplo de innovaci\u00f3n desarrollada por alumnado formado en AIJU.<br \/>\n&#8211; Poner en valor el talento t\u00e9cnico cualificado y la formaci\u00f3n especializada impartida en AIJU.<\/p>\n<p>&nbsp;<\/p>\n<p style=\"text-align: left;\"><strong>Contenido<\/strong><\/p>\n<p>&#8211; Introducci\u00f3n. Paloma Riquelme (Responsable formaci\u00f3n AIJU)<br \/>\n&#8211; La importancia del color en la industria del pl\u00e1stico. Antonio Vicent (Profesor y tutor certificados profesionales de AIJU)<br \/>\n&#8211; Innovaci\u00f3n y talento formado en AIJU: El caso POLYCLASS a cargo de los alumnos del certificado profesional Organizaci\u00f3n y control de la transformaci\u00f3n de pol\u00edmeros.<br \/>\n&#8211; Preguntas.<\/p>\n<p>&nbsp;<\/p>\n<p style=\"text-align: left;\"><strong>Precio<\/strong><\/p>\n<p style=\"text-align: left;\">Gratuito.<\/p>\n<p>&nbsp;<\/p>\n<p><strong>Observaciones\u00a0<\/strong><\/p>\n<p>AIJU se reserva el derecho a anular o aplazar este curso si no se llega a un m\u00ednimo de inscripciones.<\/p>\n","protected":false},"excerpt":{"rendered":"<p>Descubre c\u00f3mo el color influye en la funcionalidad, est\u00e9tica y valor de los productos pl\u00e1sticos. En este webinar mostraremos casos reales de innovaci\u00f3n desarrollados por alumnado de AIJU, como el proyecto POLYCLASS, y la importancia de una formaci\u00f3n t\u00e9cnica especializada para el sector.<\/p>\n","protected":false},"featured_media":6320,"comment_status":"closed","ping_status":"closed","template":"","meta":{"_acf_changed":false,"_vibebp_attr":"","_vibebp_dimensions":"","_vibebp_responsive_height":"","_vibebp_accordion_ie_support":""},"product_brand":[],"product_cat":[161,176],"product_tag":[],"class_list":{"0":"post-6318","1":"product","2":"type-product","3":"status-publish","4":"has-post-thumbnail","6":"product_cat-finalizado","7":"product_cat-webinar","9":"first","10":"instock","11":"shipping-taxable","12":"product-type-simple"},"acf":[],"_links":{"self":[{"href":"https:\/\/formacionaiju.es\/en\/wp-json\/wp\/v2\/product\/6318","targetHints":{"allow":["GET"]}}],"collection":[{"href":"https:\/\/formacionaiju.es\/en\/wp-json\/wp\/v2\/product"}],"about":[{"href":"https:\/\/formacionaiju.es\/en\/wp-json\/wp\/v2\/types\/product"}],"replies":[{"embeddable":true,"href":"https:\/\/formacionaiju.es\/en\/wp-json\/wp\/v2\/comments?post=6318"}],"version-history":[{"count":5,"href":"https:\/\/formacionaiju.es\/en\/wp-json\/wp\/v2\/product\/6318\/revisions"}],"predecessor-version":[{"id":6380,"href":"https:\/\/formacionaiju.es\/en\/wp-json\/wp\/v2\/product\/6318\/revisions\/6380"}],"wp:featuredmedia":[{"embeddable":true,"href":"https:\/\/formacionaiju.es\/en\/wp-json\/wp\/v2\/media\/6320"}],"wp:attachment":[{"href":"https:\/\/formacionaiju.es\/en\/wp-json\/wp\/v2\/media?parent=6318"}],"wp:term":[{"taxonomy":"product_brand","embeddable":true,"href":"https:\/\/formacionaiju.es\/en\/wp-json\/wp\/v2\/product_brand?post=6318"},{"taxonomy":"product_cat","embeddable":true,"href":"https:\/\/formacionaiju.es\/en\/wp-json\/wp\/v2\/product_cat?post=6318"},{"taxonomy":"product_tag","embeddable":true,"href":"https:\/\/formacionaiju.es\/en\/wp-json\/wp\/v2\/product_tag?post=6318"}],"curies":[{"name":"wp","href":"https:\/\/api.w.org\/{rel}","templated":true}]}}