{"id":6359,"date":"2025-07-04T13:34:15","date_gmt":"2025-07-04T11:34:15","guid":{"rendered":"https:\/\/formacionaiju.es\/?post_type=product&#038;p=6359"},"modified":"2025-09-23T12:48:56","modified_gmt":"2025-09-23T10:48:56","slug":"c1-higher-success-with-business-level-1-parte-2","status":"publish","type":"product","link":"https:\/\/formacionaiju.es\/en\/product\/c1-higher-success-with-business-level-1-parte-2\/","title":{"rendered":"C1 Higher success with business. Level 1. Parte 2"},"content":{"rendered":"<p style=\"text-align: left;\"><strong>Destinatarios:<\/strong><\/p>\n<p style=\"text-align: left;\"><span class=\"OYPEnA text-decoration-none text-strikethrough-none\">Trabajadores\/as en activo, desempleados\/as.<\/span><\/p>\n<p>&nbsp;<\/p>\n<p style=\"text-align: left;\"><strong>Objetivos:<\/strong><br \/>\n&#8211; Mejorar las capacidades de ingl\u00e9s comercial tanto orales como escritas seg\u00fan las necesidades de los alumnos integrantes del grupo.<br \/>\n&#8211; Capacitar al alumnado para utilizar el idioma con soltura y eficacia en situaciones habituales o espec\u00edficas que requieran comprender, producir y tratar textos orales y escritos, conceptual y ling\u00fc\u00edsticamente complejos, en una variedad de lengua est\u00e1ndar, con un repertorio l\u00e9xico amplio y que versen sobre temas generales, actuales o propios del \u00e1mbito empresarial y de negocios.<br \/>\n&#8211; Mejorar la capacidad de respuesta espont\u00e1nea en idioma ingl\u00e9s, con coherencia y complejidad ling\u00fc\u00edstica.<\/p>\n<p>&nbsp;<\/p>\n<p style=\"text-align: left;\"><strong>Contenido:<\/strong><\/p>\n<p><strong>Unit 10<\/strong><br \/>\n10.1 Travel and entertainment<br \/>\nVocabulary: Business travel<br \/>\nListening: A team-building day<br \/>\nGrammar: Future forms<br \/>\nReading: Events management<br \/>\nVocabulary: go and get<br \/>\nReading: Planning a corporate event<br \/>\nSpeaking: Making a pitch<\/p>\n<p>10.2 The language of proposals<br \/>\nListening: Taking notes<br \/>\nReading: Two proposals<br \/>\nWriting: A proposal for a corporate event<\/p>\n<p>10.3 Speaking Test: Part Three<br \/>\nExam skill: Structuring a discussion<\/p>\n<p><strong>Unit 11<\/strong><br \/>\n11.1 The economy<br \/>\nVocabulary: Economic issues<br \/>\nReading: The new philanthropists Grammar: Conditionals (types 1 and 2)<br \/>\nSpeaking: Socio-economic problems<br \/>\nReading: Nicaragua? Yes, please!<br \/>\nListening: Relocation experiences<\/p>\n<p>11.2 Effective writing<br \/>\nWriting: Written business communication<br \/>\nWriting: A delicate letter<\/p>\n<p>11.3 Speaking Test: Part Two<br \/>\nExam skill: Organising your thoughts<\/p>\n<p><strong>Unit 12<\/strong><br \/>\n12.1 Crossing cultures<br \/>\nVocabulary: Globalisation<br \/>\nReading: Cross-cultural communication<br \/>\nReading: Understanding cultural differences<br \/>\nGrammar: Speculation<br \/>\nReading: China rules<br \/>\nListening: Understanding business culture<br \/>\nWriting: A market profile report<\/p>\n<p>12.2 Social English<br \/>\nVocabulary: Conversation starters<br \/>\nListening: Small talk: short responses<br \/>\nSpeaking: Social situations<\/p>\n<p>12.3 Reading Test: Part Five and Part Six<br \/>\nExam skills: Choosing the right word; Identifying<\/p>\n<p style=\"text-align: left;\"><strong>Precio:<\/strong><br \/>\n198\u20ac<\/p>\n<p><strong>Coste m\u00e1ximo bonificable por alumno: 198<\/strong>\u20ac<\/p>\n<p>&nbsp;<\/p>\n<p style=\"text-align: left;\"><strong>Observaciones:<\/strong><br \/>\nUna vez aceptada su solicitud, AIJU le indicar\u00e1 cu\u00e1ndo debe efectuar el pago.<br \/>\nIMPORTANTE: La solicitud de preinscripci\u00f3n es tambi\u00e9n un compromiso de pago en caso de ser admitido en la acci\u00f3n formativa. S\u00f3lo se admitir\u00e1n cancelaciones con derecho a devoluci\u00f3n o anulaci\u00f3n del pago, si se comunican a AIJU con al menos 5 d\u00edas laborables de antelaci\u00f3n a la fecha de inicio. Una vez confirmada la plaza al alumno\/a, si \u00e9ste no asistiera al curso y no lo notifica, se le cobrar\u00e1 el importe integro del mismo.<br \/>\n* BONIFICACI\u00d3N CURSOS: el importe de este curso puede bonificarse si se solicita a la FUNDAE. Gesti\u00f3n de la bonificaci\u00f3n gratuita por parte de AIJU. Cons\u00faltenos.<br \/>\nAIJU se reserva el derecho a anular o aplazar este curso si no se llega a un m\u00ednimo de inscripciones.<\/p>\n","protected":false},"excerpt":{"rendered":"<p>Destinatarios: Trabajadores\/as en activo, desempleados\/as. &nbsp; Objetivos: &#8211; Mejorar las capacidades de ingl\u00e9s comercial tanto orales como escritas seg\u00fan las &hellip;<\/p>\n","protected":false},"featured_media":6360,"comment_status":"closed","ping_status":"closed","template":"","meta":{"_acf_changed":false,"_vibebp_attr":"","_vibebp_dimensions":"","_vibebp_responsive_height":"","_vibebp_accordion_ie_support":""},"product_brand":[],"product_cat":[32,162],"product_tag":[],"class_list":{"0":"post-6359","1":"product","2":"type-product","3":"status-publish","4":"has-post-thumbnail","6":"product_cat-bonificable","7":"product_cat-en-marcha","9":"first","10":"instock","11":"shipping-taxable","12":"product-type-simple"},"acf":[],"_links":{"self":[{"href":"https:\/\/formacionaiju.es\/en\/wp-json\/wp\/v2\/product\/6359","targetHints":{"allow":["GET"]}}],"collection":[{"href":"https:\/\/formacionaiju.es\/en\/wp-json\/wp\/v2\/product"}],"about":[{"href":"https:\/\/formacionaiju.es\/en\/wp-json\/wp\/v2\/types\/product"}],"replies":[{"embeddable":true,"href":"https:\/\/formacionaiju.es\/en\/wp-json\/wp\/v2\/comments?post=6359"}],"version-history":[{"count":2,"href":"https:\/\/formacionaiju.es\/en\/wp-json\/wp\/v2\/product\/6359\/revisions"}],"predecessor-version":[{"id":6365,"href":"https:\/\/formacionaiju.es\/en\/wp-json\/wp\/v2\/product\/6359\/revisions\/6365"}],"wp:featuredmedia":[{"embeddable":true,"href":"https:\/\/formacionaiju.es\/en\/wp-json\/wp\/v2\/media\/6360"}],"wp:attachment":[{"href":"https:\/\/formacionaiju.es\/en\/wp-json\/wp\/v2\/media?parent=6359"}],"wp:term":[{"taxonomy":"product_brand","embeddable":true,"href":"https:\/\/formacionaiju.es\/en\/wp-json\/wp\/v2\/product_brand?post=6359"},{"taxonomy":"product_cat","embeddable":true,"href":"https:\/\/formacionaiju.es\/en\/wp-json\/wp\/v2\/product_cat?post=6359"},{"taxonomy":"product_tag","embeddable":true,"href":"https:\/\/formacionaiju.es\/en\/wp-json\/wp\/v2\/product_tag?post=6359"}],"curies":[{"name":"wp","href":"https:\/\/api.w.org\/{rel}","templated":true}]}}