{"id":6427,"date":"2025-08-01T11:15:38","date_gmt":"2025-08-01T09:15:38","guid":{"rendered":"https:\/\/formacionaiju.es\/?post_type=product&#038;p=6427"},"modified":"2025-09-25T09:12:25","modified_gmt":"2025-09-25T07:12:25","slug":"restriccion-sobre-microplasticos-guia-de-aplicacion","status":"publish","type":"product","link":"https:\/\/formacionaiju.es\/en\/product\/restriccion-sobre-microplasticos-guia-de-aplicacion\/","title":{"rendered":"Webinar: Restricci\u00f3n sobre micropl\u00e1sticos. Gu\u00eda de aplicaci\u00f3n"},"content":{"rendered":"<p style=\"text-align: left;\"><strong>Destinatarios\/as<\/strong><\/p>\n<p>Empresas productoras, importadoras o distribuidoras de art\u00edculos que usen estos materiales en la fabricaci\u00f3n de sus productos. Personal involucrado en el desarrollo de producto, calidad, I+D, compras, etc<\/p>\n<p>&nbsp;<\/p>\n<p style=\"text-align: left;\"><strong>Objetivos<\/strong><\/p>\n<p class=\"_04xlpA direction-ltr align-justify para-style-body\" style=\"text-align: left;\">&#8211; Ofrecer una visi\u00f3n general actualizada con las \u00faltimas novedades publicadas de la aplicaci\u00f3n de la restricci\u00f3n recogida en el Reglamento (UE) 2023\/2055.<br \/>\n&#8211; Conocer cu\u00e1l es la consideraci\u00f3n de micropl\u00e1stico dentro de la restricci\u00f3n.<\/p>\n<p>&nbsp;<\/p>\n<p style=\"text-align: left;\"><strong>Contenido<\/strong><\/p>\n<p>&#8211; \u00bfQu\u00e9 se considera micropl\u00e1stico?<br \/>\n&#8211; Objeto de aplicaci\u00f3n de la restricci\u00f3n<br \/>\n&#8211; Gu\u00eda explicativa sobre la aplicaci\u00f3n de la restricci\u00f3n<\/p>\n<p>&nbsp;<\/p>\n<p style=\"text-align: left;\"><strong>CV Profesorado<\/strong><\/p>\n<p><strong>D\u00f1a. Alejandra Segura:<\/strong> Ingeniera T\u00e9cnico Industrial especialidad en Qu\u00edmica por la Universidad Polit\u00e9cnica de Valencia (UPV). M\u00e1ster en ciencia y tecnolog\u00eda Qu\u00edmica por la UNED. Candidata a doctorado en Bioingenier\u00eda por la Universidad Miguel Hern\u00e1ndez. T\u00e9cnico especialista en el \u00e1rea qu\u00edmica de AIJU desde 2008. Amplia experiencia en legislaci\u00f3n relacionada con el uso de sustancias qu\u00edmicas en la fabricaci\u00f3n de productos de consumo, principalmente en relaci\u00f3n con el Reglamento REACH. Gestora de proyectos I+D+i tanto nacionales como europeos sobre todo relacionados en mejorar la seguridad de los productos. Formadora habitual en temas sobre legislaci\u00f3n, normativa y requisitos qu\u00edmicos en productos de consumo.<\/p>\n<p>&nbsp;<\/p>\n<p style=\"text-align: left;\"><strong>Precio<\/strong><\/p>\n<p style=\"text-align: left;\">Asociados\/as AIJU\/desempleados\/as: 90 euros.<br \/>\nNo asociados\/as AIJU: 112 euros.<\/p>\n<p>&nbsp;<\/p>\n<p>&nbsp;<\/p>\n<p><strong>Observaciones\u00a0<\/strong><\/p>\n<p>IMPORTANTE: La solicitud de preinscripci\u00f3n es tambi\u00e9n un compromiso de pago en caso de ser admitido en la acci\u00f3n formativa. S\u00f3lo se admitir\u00e1n cancelaciones con derecho a devoluci\u00f3n o anulaci\u00f3n del pago, si se comunican a AIJU con al menos 5 d\u00edas laborables de antelaci\u00f3n a la fecha de inicio. Una vez confirmada la plaza al alumno, si \u00e9ste no asistiera al curso y no lo notifica, se le cobrar\u00e1 el importe \u00edntegro del mismo.<\/p>\n<p>AIJU se reserva el derecho a anular o aplazar este curso si no se llega a un m\u00ednimo de inscripciones.<\/p>\n","protected":false},"excerpt":{"rendered":"<p>La aplicaci\u00f3n de la restricci\u00f3n sobre el uso de micropl\u00e1sticos a\u00f1adidos intencionadamente ha generado confusi\u00f3n desde su entrada en vigor en 2023. La publicaci\u00f3n de la gu\u00eda explicativa intenta aclarar conceptos y facilitar el proceso.<\/p>\n","protected":false},"featured_media":6434,"comment_status":"closed","ping_status":"closed","template":"","meta":{"_acf_changed":false,"_vibebp_attr":"","_vibebp_dimensions":"","_vibebp_responsive_height":"","_vibebp_accordion_ie_support":""},"product_brand":[],"product_cat":[161,171,176],"product_tag":[],"class_list":{"0":"post-6427","1":"product","2":"type-product","3":"status-publish","4":"has-post-thumbnail","6":"product_cat-finalizado","7":"product_cat-formacion-no-bonificable","8":"product_cat-webinar","10":"first","11":"instock","12":"shipping-taxable","13":"product-type-simple"},"acf":[],"_links":{"self":[{"href":"https:\/\/formacionaiju.es\/en\/wp-json\/wp\/v2\/product\/6427","targetHints":{"allow":["GET"]}}],"collection":[{"href":"https:\/\/formacionaiju.es\/en\/wp-json\/wp\/v2\/product"}],"about":[{"href":"https:\/\/formacionaiju.es\/en\/wp-json\/wp\/v2\/types\/product"}],"replies":[{"embeddable":true,"href":"https:\/\/formacionaiju.es\/en\/wp-json\/wp\/v2\/comments?post=6427"}],"version-history":[{"count":4,"href":"https:\/\/formacionaiju.es\/en\/wp-json\/wp\/v2\/product\/6427\/revisions"}],"predecessor-version":[{"id":6436,"href":"https:\/\/formacionaiju.es\/en\/wp-json\/wp\/v2\/product\/6427\/revisions\/6436"}],"wp:featuredmedia":[{"embeddable":true,"href":"https:\/\/formacionaiju.es\/en\/wp-json\/wp\/v2\/media\/6434"}],"wp:attachment":[{"href":"https:\/\/formacionaiju.es\/en\/wp-json\/wp\/v2\/media?parent=6427"}],"wp:term":[{"taxonomy":"product_brand","embeddable":true,"href":"https:\/\/formacionaiju.es\/en\/wp-json\/wp\/v2\/product_brand?post=6427"},{"taxonomy":"product_cat","embeddable":true,"href":"https:\/\/formacionaiju.es\/en\/wp-json\/wp\/v2\/product_cat?post=6427"},{"taxonomy":"product_tag","embeddable":true,"href":"https:\/\/formacionaiju.es\/en\/wp-json\/wp\/v2\/product_tag?post=6427"}],"curies":[{"name":"wp","href":"https:\/\/api.w.org\/{rel}","templated":true}]}}