{"id":6494,"date":"2025-09-18T13:37:05","date_gmt":"2025-09-18T11:37:05","guid":{"rendered":"https:\/\/formacionaiju.es\/?post_type=product&#038;p=6494"},"modified":"2025-11-25T17:26:38","modified_gmt":"2025-11-25T15:26:38","slug":"logistica-avanzada","status":"publish","type":"product","link":"https:\/\/formacionaiju.es\/en\/product\/logistica-avanzada\/","title":{"rendered":"Log\u00edstica avanzada"},"content":{"rendered":"<p><strong>Destinatarios\/as<\/strong><\/p>\n<p>Trabajadores\/as en activo, responsables de planificaci\u00f3n, control de producci\u00f3n, ingenieros de mantenimiento.<\/p>\n<p>&nbsp;<\/p>\n<p><strong>Objetivos<\/strong><\/p>\n<p>An\u00e1lisis del estado del arte en la log\u00edstica: interna y externa, presentaci\u00f3n de ejemplos de buenas pr\u00e1cticas.<\/p>\n<p>&nbsp;<\/p>\n<p><strong>Contenido<\/strong><\/p>\n<p>9:00- 11:00<\/p>\n<p>El rol actual de la log\u00edstica en la industria en el entorno actual.<br \/>\nEvoluci\u00f3n de la log\u00edstica en los \u00faltimos a\u00f1os.<br \/>\n&#8211; M\u00e9todos y herramientas para una log\u00edstica interna:<br \/>\n&#8211; Eficaz<br \/>\n&#8211; Eficiente<br \/>\n&#8211; Sostenible<br \/>\n&#8211; Ejemplos de aplicaci\u00f3n de mejoras a nivel de log\u00edstica tradicional<br \/>\n&#8211; Auto evaluaci\u00f3n e ubicaci\u00f3n objetiva en la curva de madurez de los enfoques evolutivos de la log\u00edstica<\/p>\n<p>Concepto de log\u00edstica avanzada. Mas all\u00e1 de la log\u00edstica 4.0 y aterrizando la realidad.<br \/>\nNuevos paradigmas de negocio, la nueva cadena de valor<\/p>\n<p>10:30- 11:00 Almuerzo<\/p>\n<p>11:00- 13:00<\/p>\n<p>&#8211; Log\u00edstica de entrada \u2013 proveedores<br \/>\n&#8211; Log\u00edstica interna: nuevos medios, nuevos retos, estado delarte<br \/>\n&#8211; Presentaci\u00f3n de ejemplos y casos de uso<br \/>\n&#8211; Integraci\u00f3n de la log\u00edstica con el control de producci\u00f3n<br \/>\n&#8211; Reorganizaci\u00f3n f\u00edsica de nuestros almacenes: menos es m\u00e1s,como lograr flexibilidad vs automatizaci\u00f3n<br \/>\n&#8211; Herramientas de mejora operacional en procesos log\u00edsticos<br \/>\n&#8211; Log\u00edstica de salida \u2013 clientes, la experiencia del usuario<br \/>\n&#8211; Log\u00edstica de \u00faltima milla<\/p>\n<p>13:00-14:30<br \/>\n&#8211; El camino hacia la log\u00edstica avanzada: retos y restricciones<br \/>\n&#8211; Claves para la definici\u00f3n de un road map. Reflexi\u00f3n de losparticipantes para generar su propio road map<\/p>\n<p>&nbsp;<\/p>\n<p><strong>CV Profesorado<\/strong><\/p>\n<p><strong>D. David Lazaro: <\/strong>Profesional consolidado en varios sectores de ingenier\u00eda con 10 a\u00f1os de experiencia laboral en gesti\u00f3n de proyectos para lanzamientos de nuevos productos, definici\u00f3n e implementaci\u00f3n de procesos productivos y log\u00edsticos eficientes, adem\u00e1s de promover el desarrollo de la digitalizaci\u00f3n y automatizaci\u00f3n industrial.<br \/>\n&#8211; Ingeniero Industrial Superior \u2013Universidad Polit\u00e9cnica de Valencia.<br \/>\n&#8211; Tesis de m\u00e1ster \u2013Universidad de Link\u00f6ping, Suecia.<br \/>\n&#8211; M\u00e1ster MBA \u2013Universidad de Alcal\u00e1 (Madrid).<br \/>\nLleva m\u00e1s de 6 a\u00f1os ejerciendo de docente en varias escuelas de negocio y universidades, incluy\u00e9ndose entre ellas Universidad Juan Carlos, AviationGroupy la Universidad Europea de Negocios.<\/p>\n<p>&nbsp;<\/p>\n<p><strong>Precio<\/strong><br \/>\nAsociados\/as AIJU\/desempleados\/as: 225 euros; 2\u00ba asistente y siguientes de la misma empresa: 203 euros.<br \/>\nNo asociados\/as AIJU: 270 euros; 2\u00ba asistente y siguientes de la misma empresa: 250 euros.<\/p>\n<p>Descuento del 10% para asociados del Colegio de Qu\u00edmicos Comunidad Valenciana.<\/p>\n<p><strong>* Almuerzo incluido en el precio<\/strong><\/p>\n<p>&nbsp;<\/p>\n<p><strong>Observaciones<\/strong><\/p>\n<p>AIJU NO GESTIONAR\u00c1 LA BONIFICACI\u00d3N EN ESTE CURSO<\/p>\n<p>Una vez aceptada su solicitud, AIJU le indicar\u00e1 cu\u00e1ndo debe efectuar el pago.<\/p>\n<p>IMPORTANTE: La solicitud de preinscripci\u00f3n es tambi\u00e9n un compromiso de pago en caso de ser admitido en la acci\u00f3n formativa. S\u00f3lo se admitir\u00e1n cancelaciones con derecho a devoluci\u00f3n o anulaci\u00f3n del pago, si se comunican a AIJU con al menos 5 d\u00edas laborables de antelaci\u00f3n a la fecha de inicio. Una vez confirmada la plaza al alumno\/a, si \u00e9ste no asistiera al curso y no lo notifica, se le cobrar\u00e1 el importe integro del mismo.<\/p>\n","protected":false},"excerpt":{"rendered":"<p>Optimiza la gesti\u00f3n integral de la cadena de suministro mediante herramientas avanzadas y casos reales. Mejora la eficiencia operativa, la trazabilidad y la toma de decisiones en entornos log\u00edsticos complejos.<\/p>\n","protected":false},"featured_media":6495,"comment_status":"closed","ping_status":"closed","template":"","meta":{"_acf_changed":false,"_vibebp_attr":"","_vibebp_dimensions":"","_vibebp_responsive_height":"","_vibebp_accordion_ie_support":""},"product_brand":[],"product_cat":[173,161],"product_tag":[],"class_list":{"0":"post-6494","1":"product","2":"type-product","3":"status-publish","4":"has-post-thumbnail","6":"product_cat-aiju-no-gestiona-bonificacion","7":"product_cat-finalizado","9":"first","10":"instock","11":"shipping-taxable","12":"product-type-simple"},"acf":[],"_links":{"self":[{"href":"https:\/\/formacionaiju.es\/en\/wp-json\/wp\/v2\/product\/6494","targetHints":{"allow":["GET"]}}],"collection":[{"href":"https:\/\/formacionaiju.es\/en\/wp-json\/wp\/v2\/product"}],"about":[{"href":"https:\/\/formacionaiju.es\/en\/wp-json\/wp\/v2\/types\/product"}],"replies":[{"embeddable":true,"href":"https:\/\/formacionaiju.es\/en\/wp-json\/wp\/v2\/comments?post=6494"}],"version-history":[{"count":6,"href":"https:\/\/formacionaiju.es\/en\/wp-json\/wp\/v2\/product\/6494\/revisions"}],"predecessor-version":[{"id":6669,"href":"https:\/\/formacionaiju.es\/en\/wp-json\/wp\/v2\/product\/6494\/revisions\/6669"}],"wp:featuredmedia":[{"embeddable":true,"href":"https:\/\/formacionaiju.es\/en\/wp-json\/wp\/v2\/media\/6495"}],"wp:attachment":[{"href":"https:\/\/formacionaiju.es\/en\/wp-json\/wp\/v2\/media?parent=6494"}],"wp:term":[{"taxonomy":"product_brand","embeddable":true,"href":"https:\/\/formacionaiju.es\/en\/wp-json\/wp\/v2\/product_brand?post=6494"},{"taxonomy":"product_cat","embeddable":true,"href":"https:\/\/formacionaiju.es\/en\/wp-json\/wp\/v2\/product_cat?post=6494"},{"taxonomy":"product_tag","embeddable":true,"href":"https:\/\/formacionaiju.es\/en\/wp-json\/wp\/v2\/product_tag?post=6494"}],"curies":[{"name":"wp","href":"https:\/\/api.w.org\/{rel}","templated":true}]}}