{"id":6574,"date":"2025-10-13T16:59:39","date_gmt":"2025-10-13T14:59:39","guid":{"rendered":"https:\/\/formacionaiju.es\/?post_type=product&#038;p=6574"},"modified":"2025-11-18T19:54:30","modified_gmt":"2025-11-18T17:54:30","slug":"webinar-nuevas-versiones-de-las-normas-europeas-de-seguridad-de-los-juguetes-en-71","status":"publish","type":"product","link":"https:\/\/formacionaiju.es\/en\/product\/webinar-nuevas-versiones-de-las-normas-europeas-de-seguridad-de-los-juguetes-en-71\/","title":{"rendered":"Webinar: Nuevas versiones de las normas europeas de seguridad de los juguetes EN 71"},"content":{"rendered":"<p style=\"text-align: left;\"><strong>Destinatarios\/as<\/strong><\/p>\n<p>&#8211; Empresas importadoras, fabricantes y distribuidoras de juguetes.<br \/>\n&#8211; Dise\u00f1adores de juguetes.<br \/>\n&#8211; Personal que gestiona la seguridad y \/o calidad, personal de compras de empresas, plataformas online o cualquier persona que necesite conocer la normativa de seguridad de juguetes.<\/p>\n<p>&nbsp;<\/p>\n<p style=\"text-align: left;\"><strong>Objetivos<\/strong><\/p>\n<p>&#8211; Informar sobre el estado actual de normas de seguridad europeas de los juguetes: EN71-1 Propiedades mec\u00e1nicas y f\u00edsicas, EN71-2 Inflamabilidad y EN71-8 Juegos de actividad para uso dom\u00e9stico.<br \/>\n&#8211; Dar a conocer los principales cambios introducidos por las nuevas versiones y c\u00f3mo afectan en la pr\u00e1ctica a las diferentes tipolog\u00edas de juguetes.<br \/>\n-Calendario de implantaci\u00f3n de estas normas.<\/p>\n<p>Por tanto, la formaci\u00f3n est\u00e1 enfocada en proporcionar la actualizaci\u00f3n de las novedades y conocer el alcance de dichas modificaciones en los productos comercializados dentro del mercado europeo.<\/p>\n<p>&nbsp;<\/p>\n<p style=\"text-align: left;\"><strong>Contenido<\/strong><\/p>\n<p>&#8211; Revisi\u00f3n requisitos generales de las normas EN 71-1, EN 71-2 y EN 71-8<br \/>\n&#8211; Novedades y c\u00f3mo afectan a las distintas tipolog\u00edas de juguetes.<br \/>\n&#8211; Fechas de implantaci\u00f3n.<\/p>\n<p>&nbsp;<\/p>\n<p style=\"text-align: left;\"><strong>CV Profesorado<\/strong><\/p>\n<p><strong>D. Juan Gonz\u00e1lez:<\/strong> Ingeniero T\u00e9cnico Industrial Qu\u00edmico. Con m\u00e1s 35 a\u00f1os de experiencia profesional en el centro tecnol\u00f3gico AIJU. Experto en seguridad de productos infantiles. Ha participado en comit\u00e9s nacionales e internacionales de normalizaci\u00f3n. Imparte cursos sobre seguridad de juguetes con respecto a varias normas internacionales de seguridad, tanto a empresas como a organismos de inspecci\u00f3n, aduaneros, etc. Investigador en gran cantidad de proyectos tanto nacionales como internacionales. Ha colaborado en publicaciones especializadas. Es docente habitual y ha realizado ponencias en congresos, jornadas y talleres formativos vinculados a estas tem\u00e1ticas. Bajo su responsabilidad se han ensayado en el laboratorio de AIJU decenas de miles de juguetes.<\/p>\n<p><strong>D\u00f1a. Gema Pozo:<\/strong> Licenciada en Ciencias Qu\u00edmicas por la Universidad de Alicante. Desarrolla dentro de AIJU tareas como especialista en seguridad infantil, principalmente en cuanto a legislaci\u00f3n internacional relacionada con Estados Unidos, Canad\u00e1 y Europa. Amplia experiencia en el manejo de pruebas de laboratorio y llevado a cabo en los \u00faltimos a\u00f1os la aplicaci\u00f3n de normas de seguridad para los juguetes dentro del sistema de calidad de AIJU. Experto t\u00e9cnico dentro de los comit\u00e9s europeos CEN\/TC 52:\u00a0\u00a0 WG 3 \u201cMechanical and Physical Properties\u201d, WG 10 \u201cActivity toys\u201d\u00a0 WG 13\u201d Flammability\u201d y WG11 \u201cInterpretations and proposals for improvements of EN 71-1, EN 71-2, EN 71-8 y EN 71-14. Adem\u00e1s, participa en los comit\u00e9s nacionales espa\u00f1oles CTN-UNE 172\/SC1 &#8220;juguetes&#8221; y CTN\/UNE\/GT 8 &#8220;seguridad de la ropa infantil&#8221;.<\/p>\n<p>&nbsp;<\/p>\n<p style=\"text-align: left;\"><strong>Precio<\/strong><\/p>\n<p style=\"text-align: left;\">Asociados\/as AIJU\/desempleados\/as: 60 euros.<br \/>\nNo asociados\/as AIJU: 72 euros.<\/p>\n<p>&nbsp;<\/p>\n<p>&nbsp;<\/p>\n<p><strong>Observaciones\u00a0<\/strong><\/p>\n<p>IMPORTANTE: La solicitud de preinscripci\u00f3n es tambi\u00e9n un compromiso de pago en caso de ser admitido en la acci\u00f3n formativa. S\u00f3lo se admitir\u00e1n cancelaciones con derecho a devoluci\u00f3n o anulaci\u00f3n del pago, si se comunican a AIJU con al menos 5 d\u00edas laborables de antelaci\u00f3n a la fecha de inicio. Una vez confirmada la plaza al alumno, si \u00e9ste no asistiera al curso y no lo notifica, se le cobrar\u00e1 el importe \u00edntegro del mismo.<\/p>\n<p>AIJU se reserva el derecho a anular o aplazar este curso si no se llega a un m\u00ednimo de inscripciones.<\/p>\n","protected":false},"excerpt":{"rendered":"<p>Conoce los principales cambios de los requisitos f\u00edsico-mec\u00e1nicos y de inflamabilidad seg\u00fan normativa europea EN 71-1, EN 71-2 y EN 71-8<\/p>\n","protected":false},"featured_media":6578,"comment_status":"closed","ping_status":"closed","template":"","meta":{"_acf_changed":false,"_vibebp_attr":"","_vibebp_dimensions":"","_vibebp_responsive_height":"","_vibebp_accordion_ie_support":""},"product_brand":[],"product_cat":[171],"product_tag":[],"class_list":{"0":"post-6574","1":"product","2":"type-product","3":"status-publish","4":"has-post-thumbnail","6":"product_cat-formacion-no-bonificable","8":"first","9":"outofstock","10":"shipping-taxable","11":"product-type-simple"},"acf":[],"_links":{"self":[{"href":"https:\/\/formacionaiju.es\/en\/wp-json\/wp\/v2\/product\/6574","targetHints":{"allow":["GET"]}}],"collection":[{"href":"https:\/\/formacionaiju.es\/en\/wp-json\/wp\/v2\/product"}],"about":[{"href":"https:\/\/formacionaiju.es\/en\/wp-json\/wp\/v2\/types\/product"}],"replies":[{"embeddable":true,"href":"https:\/\/formacionaiju.es\/en\/wp-json\/wp\/v2\/comments?post=6574"}],"version-history":[{"count":3,"href":"https:\/\/formacionaiju.es\/en\/wp-json\/wp\/v2\/product\/6574\/revisions"}],"predecessor-version":[{"id":6789,"href":"https:\/\/formacionaiju.es\/en\/wp-json\/wp\/v2\/product\/6574\/revisions\/6789"}],"wp:featuredmedia":[{"embeddable":true,"href":"https:\/\/formacionaiju.es\/en\/wp-json\/wp\/v2\/media\/6578"}],"wp:attachment":[{"href":"https:\/\/formacionaiju.es\/en\/wp-json\/wp\/v2\/media?parent=6574"}],"wp:term":[{"taxonomy":"product_brand","embeddable":true,"href":"https:\/\/formacionaiju.es\/en\/wp-json\/wp\/v2\/product_brand?post=6574"},{"taxonomy":"product_cat","embeddable":true,"href":"https:\/\/formacionaiju.es\/en\/wp-json\/wp\/v2\/product_cat?post=6574"},{"taxonomy":"product_tag","embeddable":true,"href":"https:\/\/formacionaiju.es\/en\/wp-json\/wp\/v2\/product_tag?post=6574"}],"curies":[{"name":"wp","href":"https:\/\/api.w.org\/{rel}","templated":true}]}}