{"id":6756,"date":"2025-11-10T13:29:23","date_gmt":"2025-11-10T11:29:23","guid":{"rendered":"https:\/\/formacionaiju.es\/?post_type=product&#038;p=6756"},"modified":"2026-03-03T12:40:56","modified_gmt":"2026-03-03T10:40:56","slug":"operaciones-de-transformacion-de-termoplasticos-por-inyeccion-3a-edicion","status":"publish","type":"product","link":"https:\/\/formacionaiju.es\/en\/product\/operaciones-de-transformacion-de-termoplasticos-por-inyeccion-3a-edicion\/","title":{"rendered":"Operaciones de transformaci\u00f3n de termopl\u00e1sticos por inyecci\u00f3n. 3\u00aa edici\u00f3n"},"content":{"rendered":"<p><strong>Destinatarios\/as<\/strong><br \/>\nPrioritariamente trabajadores en activo del sector qu\u00edmico, aunque podr\u00e1 participar un porcentaje de desempleados.<\/p>\n<p>&nbsp;<\/p>\n<p><strong>Objetivos<\/strong><br \/>\nAnalizar las operaciones del proceso de transformaci\u00f3n de termopl\u00e1sticos por inyecci\u00f3n.<\/p>\n<p>&nbsp;<\/p>\n<p><strong>Contenido<\/strong><\/p>\n<p>1. MATERIALES<br \/>\n1.1. Descripci\u00f3n de los tipos m\u00e1s importantes y caracter\u00edsticas m\u00e1s relevantes para el proceso.<\/p>\n<p>2. M\u00c1QUINA<br \/>\n2.1. Elementos y caracter\u00edsticas.<br \/>\n2.2. Par\u00e1metros de capacidad de m\u00e1quina.<br \/>\n2.3. Estimaci\u00f3n de la fuerza de cierre necesaria.<\/p>\n<p>3. MOLDE<br \/>\n3.1. Sistemas de inyecci\u00f3n, extracci\u00f3n y atemperaci\u00f3n.<br \/>\n3.2. Influencias de la situaci\u00f3n, tama\u00f1o y tipo de las entradas de inyecci\u00f3n.<br \/>\n3.3. Moldes de distribuidor caliente.<\/p>\n<p>4. PROCESO (fundamentos)<br \/>\n4.1. El ciclo de inyecci\u00f3n, las fases y el tiempo de ciclo.<br \/>\n4.2. La presi\u00f3n hidr\u00e1ulica, su evoluci\u00f3n durante el proceso.<br \/>\n4.2.1. Presi\u00f3n hidr\u00e1ulica vs presi\u00f3n espec\u00edfica.<br \/>\n4.3. Interdependencia de los par\u00e1metros de ajuste.<br \/>\n4.3.1. Par\u00e1metros dependientes del material y par\u00e1metros dependientes de la pieza.<\/p>\n<p>5. PROCESOS (par\u00e1metros)<br \/>\n5.1. La influencia de las temperaturas (masa y molde), velocidad y presiones en las caracter\u00edsticas de las<br \/>\npiezas inyectadas.<br \/>\n5.2. Influencia del punto de conmutaci\u00f3n de la presi\u00f3n y el coj\u00edn de masa.<br \/>\n5.3. Interdependencia de las caracter\u00edsticas de calidad.<\/p>\n<p>6. PROCESO (anomal\u00edas)<br \/>\n6.1. Definici\u00f3n y descripci\u00f3n de los defectos m\u00e1s comunes de las piezas inyectadas, las causas posibles de<br \/>\nsu formaci\u00f3n, y las formas de identificaci\u00f3n y reparaci\u00f3n.<br \/>\n6.2. R\u00e1fagas, rechupes, l\u00edneas de uni\u00f3n, efecto di\u00e9sel, rebabas,\u2026<\/p>\n<p>7. INTRODUCCI\u00d3N A LAS TECNOLOG\u00cdAS DE INYECCI\u00d3N DE MULTILATERALES E INYECCI\u00d3N ASISTIDA CON GAS.<\/p>\n<p>&nbsp;<\/p>\n<p>INCLUYE PR\u00c1CTICAS A PIE DE M\u00c1QUINA<\/p>\n<p>&nbsp;<\/p>\n<p><strong>Profesorado<\/strong><\/p>\n<p><strong>D. Juan Luis G\u00e1mez:<\/strong> Doctor por la universidad Polit\u00e9cnica de Valencia (UPV), ingeniero T\u00e9cnico industrial, Profesor asociado en la UPV impartiendo clases en la Universidad polit\u00e9cnica de Valencia en el departamento de Ingenier\u00eda Gr\u00e1fica, responsable del Departamento t\u00e9cnico en distintas empresas, Especialista en moldes y matrices y en procesos de transformaci\u00f3n de pol\u00edmeros, Asesor y formador para empresas de Inyecci\u00f3n de termopl\u00e1sticos. 20 a\u00f1os de experiencia en diversas empresas en el sector de la transformaci\u00f3n del pl\u00e1sticos y fabricaci\u00f3n de moldes.<\/p>\n<p>&nbsp;<\/p>\n<p><strong>Precio<\/strong><br \/>\nCurso subvencionado<\/p>\n<p>&nbsp;<\/p>\n<p><img fetchpriority=\"high\" decoding=\"async\" class=\"alignnone wp-image-6206\" src=\"https:\/\/formacionaiju.es\/wp-content\/uploads\/2024\/11\/logos-todos-460x46.png\" alt=\"\" width=\"740\" height=\"74\" srcset=\"https:\/\/formacionaiju.es\/wp-content\/uploads\/2024\/11\/logos-todos-460x46.png 460w, https:\/\/formacionaiju.es\/wp-content\/uploads\/2024\/11\/logos-todos-1024x103.png 1024w, https:\/\/formacionaiju.es\/wp-content\/uploads\/2024\/11\/logos-todos-768x77.png 768w, https:\/\/formacionaiju.es\/wp-content\/uploads\/2024\/11\/logos-todos-1536x154.png 1536w, https:\/\/formacionaiju.es\/wp-content\/uploads\/2024\/11\/logos-todos-300x30.png 300w, https:\/\/formacionaiju.es\/wp-content\/uploads\/2024\/11\/logos-todos-120x12.png 120w, https:\/\/formacionaiju.es\/wp-content\/uploads\/2024\/11\/logos-todos-310x31.png 310w, https:\/\/formacionaiju.es\/wp-content\/uploads\/2024\/11\/logos-todos.png 1768w\" sizes=\"(max-width: 740px) 100vw, 740px\" \/><\/p>\n","protected":false},"excerpt":{"rendered":"<p>Curso t\u00e9cnico sobre procesos de transformaci\u00f3n de termopl\u00e1sticos por inyecci\u00f3n, enfocado en el manejo de equipos, par\u00e1metros de operaci\u00f3n y optimizaci\u00f3n de la producci\u00f3n.<\/p>\n","protected":false},"featured_media":6368,"comment_status":"closed","ping_status":"closed","template":"","meta":{"_acf_changed":false,"_vibebp_attr":"","_vibebp_dimensions":"","_vibebp_responsive_height":"","_vibebp_accordion_ie_support":""},"product_brand":[],"product_cat":[162,178],"product_tag":[],"class_list":{"0":"post-6756","1":"product","2":"type-product","3":"status-publish","4":"has-post-thumbnail","6":"product_cat-en-marcha","7":"product_cat-plan-nacional-ocupados","9":"first","10":"instock","11":"shipping-taxable","12":"product-type-simple"},"acf":[],"_links":{"self":[{"href":"https:\/\/formacionaiju.es\/en\/wp-json\/wp\/v2\/product\/6756","targetHints":{"allow":["GET"]}}],"collection":[{"href":"https:\/\/formacionaiju.es\/en\/wp-json\/wp\/v2\/product"}],"about":[{"href":"https:\/\/formacionaiju.es\/en\/wp-json\/wp\/v2\/types\/product"}],"replies":[{"embeddable":true,"href":"https:\/\/formacionaiju.es\/en\/wp-json\/wp\/v2\/comments?post=6756"}],"version-history":[{"count":10,"href":"https:\/\/formacionaiju.es\/en\/wp-json\/wp\/v2\/product\/6756\/revisions"}],"predecessor-version":[{"id":7160,"href":"https:\/\/formacionaiju.es\/en\/wp-json\/wp\/v2\/product\/6756\/revisions\/7160"}],"wp:featuredmedia":[{"embeddable":true,"href":"https:\/\/formacionaiju.es\/en\/wp-json\/wp\/v2\/media\/6368"}],"wp:attachment":[{"href":"https:\/\/formacionaiju.es\/en\/wp-json\/wp\/v2\/media?parent=6756"}],"wp:term":[{"taxonomy":"product_brand","embeddable":true,"href":"https:\/\/formacionaiju.es\/en\/wp-json\/wp\/v2\/product_brand?post=6756"},{"taxonomy":"product_cat","embeddable":true,"href":"https:\/\/formacionaiju.es\/en\/wp-json\/wp\/v2\/product_cat?post=6756"},{"taxonomy":"product_tag","embeddable":true,"href":"https:\/\/formacionaiju.es\/en\/wp-json\/wp\/v2\/product_tag?post=6756"}],"curies":[{"name":"wp","href":"https:\/\/api.w.org\/{rel}","templated":true}]}}