{"id":6790,"date":"2025-11-20T18:42:26","date_gmt":"2025-11-20T16:42:26","guid":{"rendered":"https:\/\/formacionaiju.es\/?post_type=product&#038;p=6790"},"modified":"2026-02-27T13:34:17","modified_gmt":"2026-02-27T11:34:17","slug":"automatas-programables-2a-edicion","status":"publish","type":"product","link":"https:\/\/formacionaiju.es\/en\/product\/automatas-programables-2a-edicion\/","title":{"rendered":"Aut\u00f3matas programables. 2\u00aa edici\u00f3n."},"content":{"rendered":"<p><strong>Destinatarios\/as<\/strong><\/p>\n<p>Prioritariamente trabajadores en activo, aunque podr\u00e1 participar un porcentaje de desempleados.<\/p>\n<p>&nbsp;<\/p>\n<p><strong>Objetivos<\/strong><\/p>\n<p><span data-olk-copy-source=\"MessageBody\">Aplicar los aut\u00f3matas programables a la gesti\u00f3n de proyectos.<\/span><\/p>\n<p>&nbsp;<\/p>\n<p><strong>Contenido<\/strong><\/p>\n<p>1. ESTRUCTURA, MANEJO E INSTALACI\u00d3N DE LOS AUT\u00d3MATAS PROGRAMABLES.<\/p>\n<p>2. LENGUAJES Y PROGRAMAS EN LOS AUT\u00d3MATAS PROGRAMABLES.<\/p>\n<p>3. EJEMPLOS B\u00c1SICOS DE PROGRAMACI\u00d3N.<\/p>\n<p>&nbsp;<\/p>\n<p><strong>Precio<\/strong><\/p>\n<p>Gratuito.<\/p>\n<p>&nbsp;<\/p>\n<p><strong>Profesorado<\/strong><\/p>\n<p><strong>Emilio Torres<\/strong>: Ingeniero en Organizaci\u00f3n Industrial e Ingeniero T\u00e9cnico Industrial, con la especialidad en electr\u00f3nica Industrial. Es Consultor colaborador de la Universitat Oberta de Catalunya (UOC). Fue profesor asociado de la Universidad Polit\u00e9cnica de Valencia y consultor de organizaci\u00f3n industrial aut\u00f3nomo. Durante 6 a\u00f1os trabaj\u00f3 en la empresa Feber como adjunto al director de producci\u00f3n y como responsable de log\u00edstica interna. Es profesor T\u00e9cnico de Formaci\u00f3n Profesional en la especialidad de Instalaciones Electrot\u00e9cnicas desde el a\u00f1o 2004, docente en ciclos formativos de Formaci\u00f3n Profesional en los m\u00f3dulos de Automatismos Industriales, Instalaciones Dom\u00f3ticas e Instalaciones de Interior. En el \u00e1mbito industrial tambi\u00e9n es docente habitual, realizando tanto formaci\u00f3n a medida como cursos en abierto para trabajadores y desempleados.<\/p>\n<p>&nbsp;<\/p>\n<p><strong>Observaciones<\/strong><\/p>\n<p>Este curso es gratuito &#8211; subvencionado, est\u00e1 dirigido prioritariamente a trabajadores aunque podr\u00e1n participar un porcentaje de desempleados.<\/p>\n<p>&nbsp;<\/p>\n<p><img fetchpriority=\"high\" decoding=\"async\" class=\"alignnone wp-image-6206\" src=\"https:\/\/formacionaiju.es\/wp-content\/uploads\/2024\/11\/logos-todos-460x46.png\" alt=\"\" width=\"770\" height=\"77\" srcset=\"https:\/\/formacionaiju.es\/wp-content\/uploads\/2024\/11\/logos-todos-460x46.png 460w, https:\/\/formacionaiju.es\/wp-content\/uploads\/2024\/11\/logos-todos-1024x103.png 1024w, https:\/\/formacionaiju.es\/wp-content\/uploads\/2024\/11\/logos-todos-768x77.png 768w, https:\/\/formacionaiju.es\/wp-content\/uploads\/2024\/11\/logos-todos-1536x154.png 1536w, https:\/\/formacionaiju.es\/wp-content\/uploads\/2024\/11\/logos-todos-300x30.png 300w, https:\/\/formacionaiju.es\/wp-content\/uploads\/2024\/11\/logos-todos-120x12.png 120w, https:\/\/formacionaiju.es\/wp-content\/uploads\/2024\/11\/logos-todos-310x31.png 310w, https:\/\/formacionaiju.es\/wp-content\/uploads\/2024\/11\/logos-todos.png 1768w\" sizes=\"(max-width: 770px) 100vw, 770px\" \/><\/p>\n","protected":false},"excerpt":{"rendered":"<p>Consigue aplicar los aut\u00f3matas programables a la gesti\u00f3n de proyectos.<\/p>\n","protected":false},"featured_media":6183,"comment_status":"closed","ping_status":"closed","template":"","meta":{"_acf_changed":false,"_vibebp_attr":"","_vibebp_dimensions":"","_vibebp_responsive_height":"","_vibebp_accordion_ie_support":""},"product_brand":[],"product_cat":[162,136,178],"product_tag":[],"class_list":{"0":"post-6790","1":"product","2":"type-product","3":"status-publish","4":"has-post-thumbnail","6":"product_cat-en-marcha","7":"product_cat-subvencionados","8":"product_cat-plan-nacional-ocupados","10":"first","11":"instock","12":"shipping-taxable","13":"product-type-simple"},"acf":[],"_links":{"self":[{"href":"https:\/\/formacionaiju.es\/en\/wp-json\/wp\/v2\/product\/6790","targetHints":{"allow":["GET"]}}],"collection":[{"href":"https:\/\/formacionaiju.es\/en\/wp-json\/wp\/v2\/product"}],"about":[{"href":"https:\/\/formacionaiju.es\/en\/wp-json\/wp\/v2\/types\/product"}],"replies":[{"embeddable":true,"href":"https:\/\/formacionaiju.es\/en\/wp-json\/wp\/v2\/comments?post=6790"}],"version-history":[{"count":4,"href":"https:\/\/formacionaiju.es\/en\/wp-json\/wp\/v2\/product\/6790\/revisions"}],"predecessor-version":[{"id":6796,"href":"https:\/\/formacionaiju.es\/en\/wp-json\/wp\/v2\/product\/6790\/revisions\/6796"}],"wp:featuredmedia":[{"embeddable":true,"href":"https:\/\/formacionaiju.es\/en\/wp-json\/wp\/v2\/media\/6183"}],"wp:attachment":[{"href":"https:\/\/formacionaiju.es\/en\/wp-json\/wp\/v2\/media?parent=6790"}],"wp:term":[{"taxonomy":"product_brand","embeddable":true,"href":"https:\/\/formacionaiju.es\/en\/wp-json\/wp\/v2\/product_brand?post=6790"},{"taxonomy":"product_cat","embeddable":true,"href":"https:\/\/formacionaiju.es\/en\/wp-json\/wp\/v2\/product_cat?post=6790"},{"taxonomy":"product_tag","embeddable":true,"href":"https:\/\/formacionaiju.es\/en\/wp-json\/wp\/v2\/product_tag?post=6790"}],"curies":[{"name":"wp","href":"https:\/\/api.w.org\/{rel}","templated":true}]}}