{"id":6845,"date":"2025-11-27T18:38:08","date_gmt":"2025-11-27T16:38:08","guid":{"rendered":"https:\/\/formacionaiju.es\/?post_type=product&#038;p=6845"},"modified":"2025-12-10T11:29:20","modified_gmt":"2025-12-10T09:29:20","slug":"reach-situacion-actual-y-requisitos-2a-edicion","status":"publish","type":"product","link":"https:\/\/formacionaiju.es\/en\/product\/reach-situacion-actual-y-requisitos-2a-edicion\/","title":{"rendered":"Reach: situaci\u00f3n actual y requisitos. 2\u00aa edici\u00f3n"},"content":{"rendered":"<p><strong>Destinatarios\/as<\/strong><\/p>\n<p>Prioritariamente trabajadores en activo del sector qu\u00edmico\/pl\u00e1stico, aunque podr\u00e1 participar un porcentaje de desempleados.<\/p>\n<p>&nbsp;<\/p>\n<p><strong>Objetivos<\/strong><\/p>\n<p>Adquirir los conocimientos para aplicar correctamente el Reglamento para el Registro, Evaluaci\u00f3n y Autorizaci\u00f3n de Sustancias Qu\u00edmicas (REACH), para su correcta aplicaci\u00f3n en la industria.<\/p>\n<p>&nbsp;<\/p>\n<p><strong>Contenido<\/strong><\/p>\n<p>1. Introducci\u00f3n.<br \/>\n2. Registro de sustancias.<br \/>\n3. Puesta en com\u00fan de datos y supresi\u00f3n de los ensayos innecesarios.<br \/>\n4. Informaci\u00f3n en la cadena de suministro.<br \/>\n5. Usuarios intermedios.<br \/>\n6. Evaluaci\u00f3n de sustancias.<br \/>\n7. Autorizaci\u00f3n.<br \/>\n8. Restricciones de fabricaci\u00f3n, comercializaci\u00f3n y uso de determinadas<br \/>\nsustancias y preparados peligrosos.<br \/>\n9. La agencia europea de productos qu\u00edmicos.<br \/>\n10. Cat\u00e1logo de clasificaci\u00f3n y etiquetado.<br \/>\n11. Informaci\u00f3n.<br \/>\n12. Autoridades competentes.<br \/>\n13. Cumplimiento de la normativa.<\/p>\n<p>&nbsp;<\/p>\n<p>Horarios aula virtual: 18:00 &#8211; 20:00h.<\/p>\n<p>&nbsp;<\/p>\n<p><strong>Profesorado<\/strong><\/p>\n<p><strong>D\u00f1a. Alejandra Segura:<\/strong> Ingeniero T\u00e9cnico Industrial especialidad en Qu\u00edmica por la Universidad Polit\u00e9cnica de Valencia (UPV). M\u00e1ster en Ciencia y Tecnolog\u00eda Qu\u00edmica Anal\u00edtica por la Universidad Nacional a Distancia (UNED). T\u00e9cnico especialista en el \u00e1rea qu\u00edmica de AIJU desde 2008. Amplia experiencia en legislaci\u00f3n relacionada con el uso de sustancias qu\u00edmicas en la fabricaci\u00f3n de productos de consumo, principalmente con relaci\u00f3n al Reglamento REACH. Gestora de proyectos I+D+i tanto nacionales como europeos sobre todo relacionados en mejorar la seguridad de los productos. Formadora habitual en temas sobre legislaci\u00f3n, normativa y requisitos qu\u00edmicos en productos de consumo.<\/p>\n<p>&nbsp;<\/p>\n<p><strong>Precio<\/strong><\/p>\n<p>Gratuito.<\/p>\n<p>&nbsp;<\/p>\n<p>&nbsp;<\/p>\n<p><img fetchpriority=\"high\" decoding=\"async\" class=\"alignnone wp-image-6206\" src=\"https:\/\/formacionaiju.es\/wp-content\/uploads\/2024\/11\/logos-todos-460x46.png\" alt=\"\" width=\"740\" height=\"74\" srcset=\"https:\/\/formacionaiju.es\/wp-content\/uploads\/2024\/11\/logos-todos-460x46.png 460w, https:\/\/formacionaiju.es\/wp-content\/uploads\/2024\/11\/logos-todos-1024x103.png 1024w, https:\/\/formacionaiju.es\/wp-content\/uploads\/2024\/11\/logos-todos-768x77.png 768w, https:\/\/formacionaiju.es\/wp-content\/uploads\/2024\/11\/logos-todos-1536x154.png 1536w, https:\/\/formacionaiju.es\/wp-content\/uploads\/2024\/11\/logos-todos-300x30.png 300w, https:\/\/formacionaiju.es\/wp-content\/uploads\/2024\/11\/logos-todos-120x12.png 120w, https:\/\/formacionaiju.es\/wp-content\/uploads\/2024\/11\/logos-todos-310x31.png 310w, https:\/\/formacionaiju.es\/wp-content\/uploads\/2024\/11\/logos-todos.png 1768w\" sizes=\"(max-width: 740px) 100vw, 740px\" \/><\/p>\n","protected":false},"excerpt":{"rendered":"<p>Consigue una correcta aplicaci\u00f3n en la industria del Reglamento para el Registro, Evaluaci\u00f3n y Autorizaci\u00f3n de Sustancias Qu\u00edmicas (REACH).<\/p>\n","protected":false},"featured_media":6847,"comment_status":"closed","ping_status":"closed","template":"","meta":{"_acf_changed":false,"_vibebp_attr":"","_vibebp_dimensions":"","_vibebp_responsive_height":"","_vibebp_accordion_ie_support":""},"product_brand":[],"product_cat":[136,178],"product_tag":[],"class_list":{"0":"post-6845","1":"product","2":"type-product","3":"status-publish","4":"has-post-thumbnail","6":"product_cat-subvencionados","7":"product_cat-plan-nacional-ocupados","9":"first","10":"instock","11":"shipping-taxable","12":"product-type-simple"},"acf":[],"_links":{"self":[{"href":"https:\/\/formacionaiju.es\/en\/wp-json\/wp\/v2\/product\/6845","targetHints":{"allow":["GET"]}}],"collection":[{"href":"https:\/\/formacionaiju.es\/en\/wp-json\/wp\/v2\/product"}],"about":[{"href":"https:\/\/formacionaiju.es\/en\/wp-json\/wp\/v2\/types\/product"}],"replies":[{"embeddable":true,"href":"https:\/\/formacionaiju.es\/en\/wp-json\/wp\/v2\/comments?post=6845"}],"version-history":[{"count":4,"href":"https:\/\/formacionaiju.es\/en\/wp-json\/wp\/v2\/product\/6845\/revisions"}],"predecessor-version":[{"id":6996,"href":"https:\/\/formacionaiju.es\/en\/wp-json\/wp\/v2\/product\/6845\/revisions\/6996"}],"wp:featuredmedia":[{"embeddable":true,"href":"https:\/\/formacionaiju.es\/en\/wp-json\/wp\/v2\/media\/6847"}],"wp:attachment":[{"href":"https:\/\/formacionaiju.es\/en\/wp-json\/wp\/v2\/media?parent=6845"}],"wp:term":[{"taxonomy":"product_brand","embeddable":true,"href":"https:\/\/formacionaiju.es\/en\/wp-json\/wp\/v2\/product_brand?post=6845"},{"taxonomy":"product_cat","embeddable":true,"href":"https:\/\/formacionaiju.es\/en\/wp-json\/wp\/v2\/product_cat?post=6845"},{"taxonomy":"product_tag","embeddable":true,"href":"https:\/\/formacionaiju.es\/en\/wp-json\/wp\/v2\/product_tag?post=6845"}],"curies":[{"name":"wp","href":"https:\/\/api.w.org\/{rel}","templated":true}]}}