{"id":6864,"date":"2025-12-02T16:49:21","date_gmt":"2025-12-02T14:49:21","guid":{"rendered":"https:\/\/formacionaiju.es\/?post_type=product&#038;p=6864"},"modified":"2026-03-03T12:41:44","modified_gmt":"2026-03-03T10:41:44","slug":"sistema-de-mejora-continua-lean-en-la-industria-quimica-tf","status":"publish","type":"product","link":"https:\/\/formacionaiju.es\/en\/product\/sistema-de-mejora-continua-lean-en-la-industria-quimica-tf\/","title":{"rendered":"Sistema de mejora continua LEAN en la industria qu\u00edmica (TF)"},"content":{"rendered":"<p><strong>Modalidad<\/strong><\/p>\n<p>Teleformaci\u00f3n.<\/p>\n<p>&nbsp;<\/p>\n<p><strong>Destinatarios\/as<\/strong><\/p>\n<p>Prioritariamente trabajadores en activo, aunque podr\u00e1 participar un porcentaje de desempleados.<\/p>\n<p>&nbsp;<\/p>\n<p><strong>Objetivos<\/strong><\/p>\n<p>Aplicar herramientas y metodolog\u00edas LEAN que mejoren los procesos productivos y organizativos de las empresas del sector industrial qu\u00edmico contribuyendo a la identificaci\u00f3n de los aspectos clave de proceso, la reducci\u00f3n de tiempos y la optimizaci\u00f3n de recursos.<\/p>\n<p>&nbsp;<\/p>\n<p><strong>Contenido<\/strong><\/p>\n<p>1. Introducci\u00f3n a los sistemas LEAN.<\/p>\n<p>2. Sistema de mejora continua LEAN en la industria.<\/p>\n<p>3. Herramientas LEAN para producci\u00f3n en la industria qu\u00edmica<\/p>\n<p>4. Mantenimiento productivo total (TPM).<\/p>\n<p>5. LEAN para gesti\u00f3n de calidad.<\/p>\n<p>&nbsp;<\/p>\n<p><strong>Profesorado<\/strong><\/p>\n<p><strong>D. Jos\u00e9 Mart\u00ednez Garc\u00eda:\u00a0<\/strong>Licenciado en qu\u00edmica industrial y t\u00e9cnico superior en prevenci\u00f3n de riesgos laborales, con una amplia experiencia en la industria qu\u00edmica, en varios sectores, desde la s\u00edntesis de principios activos qu\u00edmico-farmac\u00e9uticos a la fabricaci\u00f3n de pol\u00edmeros, pasando por la formulaci\u00f3n de recubrimientos y cosm\u00e9ticos. Ha desarrollado su actividad a su vez en diversos departamentos, por lo que tiene un conocimiento global muy extenso tanto de procesos qu\u00edmicos como de gesti\u00f3n y control de los mismos. Profesor curso del \u00e1rea qu\u00edmica y tutor de cursos online del Colegio oficial de qu\u00edmicos de Murcia y AIJU.<\/p>\n<p>&nbsp;<\/p>\n<p><strong>Precio<\/strong><\/p>\n<p>Gratuito &#8211; Curso subvencionado<\/p>\n<p>&nbsp;<\/p>\n<p><strong>Requisitos de acceso:\u00a0<\/strong><\/p>\n<p>Cumplir como m\u00ednimo alguno de los siguientes requisitos:<br \/>\nT\u00edtulo de Bachiller o equivalente<br \/>\nT\u00edtulo de T\u00e9cnico Superior (FP Grado Superior) o equivalente<br \/>\nHaber superado la prueba de acceso a Ciclos Formativos de Grado Superior<br \/>\nHaber superado cualquier prueba oficial de acceso a la universidad<br \/>\nCertificado de profesionalidad de nivel 3<br \/>\nT\u00edtulo de Grado o equivalente<br \/>\nT\u00edtulo de Postgrado (M\u00e1ster) o equivalente<\/p>\n<p>&nbsp;<\/p>\n<p>&nbsp;<\/p>\n<p><img fetchpriority=\"high\" decoding=\"async\" class=\"alignnone wp-image-6295\" src=\"https:\/\/formacionaiju.es\/wp-content\/uploads\/2025\/06\/logos-teleformacion-460x92.png\" alt=\"\" width=\"790\" height=\"158\" srcset=\"https:\/\/formacionaiju.es\/wp-content\/uploads\/2025\/06\/logos-teleformacion-460x92.png 460w, https:\/\/formacionaiju.es\/wp-content\/uploads\/2025\/06\/logos-teleformacion-1024x206.png 1024w, https:\/\/formacionaiju.es\/wp-content\/uploads\/2025\/06\/logos-teleformacion-768x154.png 768w, https:\/\/formacionaiju.es\/wp-content\/uploads\/2025\/06\/logos-teleformacion-1536x308.png 1536w, https:\/\/formacionaiju.es\/wp-content\/uploads\/2025\/06\/logos-teleformacion-300x60.png 300w, https:\/\/formacionaiju.es\/wp-content\/uploads\/2025\/06\/logos-teleformacion-120x24.png 120w, https:\/\/formacionaiju.es\/wp-content\/uploads\/2025\/06\/logos-teleformacion-310x62.png 310w, https:\/\/formacionaiju.es\/wp-content\/uploads\/2025\/06\/logos-teleformacion.png 1768w\" sizes=\"(max-width: 790px) 100vw, 790px\" \/><\/p>\n<p>&nbsp;<\/p>\n<p>&nbsp;<\/p>\n","protected":false},"excerpt":{"rendered":"<p>El Sistema de Mejora Continua LEAN en la industria qu\u00edmica se centra en la identificaci\u00f3n de aspectos clave de proceso, la reducci\u00f3n de tiempos y la optimizaci\u00f3n de recursos.<\/p>\n","protected":false},"featured_media":6867,"comment_status":"closed","ping_status":"closed","template":"","meta":{"_acf_changed":false,"_vibebp_attr":"","_vibebp_dimensions":"","_vibebp_responsive_height":"","_vibebp_accordion_ie_support":""},"product_brand":[],"product_cat":[162,136,178,175],"product_tag":[],"class_list":{"0":"post-6864","1":"product","2":"type-product","3":"status-publish","4":"has-post-thumbnail","6":"product_cat-en-marcha","7":"product_cat-subvencionados","8":"product_cat-plan-nacional-ocupados","9":"product_cat-teleformacion","11":"first","12":"instock","13":"shipping-taxable","14":"product-type-simple"},"acf":[],"_links":{"self":[{"href":"https:\/\/formacionaiju.es\/en\/wp-json\/wp\/v2\/product\/6864","targetHints":{"allow":["GET"]}}],"collection":[{"href":"https:\/\/formacionaiju.es\/en\/wp-json\/wp\/v2\/product"}],"about":[{"href":"https:\/\/formacionaiju.es\/en\/wp-json\/wp\/v2\/types\/product"}],"replies":[{"embeddable":true,"href":"https:\/\/formacionaiju.es\/en\/wp-json\/wp\/v2\/comments?post=6864"}],"version-history":[{"count":12,"href":"https:\/\/formacionaiju.es\/en\/wp-json\/wp\/v2\/product\/6864\/revisions"}],"predecessor-version":[{"id":7236,"href":"https:\/\/formacionaiju.es\/en\/wp-json\/wp\/v2\/product\/6864\/revisions\/7236"}],"wp:featuredmedia":[{"embeddable":true,"href":"https:\/\/formacionaiju.es\/en\/wp-json\/wp\/v2\/media\/6867"}],"wp:attachment":[{"href":"https:\/\/formacionaiju.es\/en\/wp-json\/wp\/v2\/media?parent=6864"}],"wp:term":[{"taxonomy":"product_brand","embeddable":true,"href":"https:\/\/formacionaiju.es\/en\/wp-json\/wp\/v2\/product_brand?post=6864"},{"taxonomy":"product_cat","embeddable":true,"href":"https:\/\/formacionaiju.es\/en\/wp-json\/wp\/v2\/product_cat?post=6864"},{"taxonomy":"product_tag","embeddable":true,"href":"https:\/\/formacionaiju.es\/en\/wp-json\/wp\/v2\/product_tag?post=6864"}],"curies":[{"name":"wp","href":"https:\/\/api.w.org\/{rel}","templated":true}]}}