{"id":6877,"date":"2025-12-02T17:52:22","date_gmt":"2025-12-02T15:52:22","guid":{"rendered":"https:\/\/formacionaiju.es\/?post_type=product&#038;p=6877"},"modified":"2026-03-17T12:15:55","modified_gmt":"2026-03-17T10:15:55","slug":"conduccion-de-carretillas-elevadoras-curso-teorico-practico-ed-2026","status":"publish","type":"product","link":"https:\/\/formacionaiju.es\/en\/product\/conduccion-de-carretillas-elevadoras-curso-teorico-practico-ed-2026\/","title":{"rendered":"Conducci\u00f3n de carretillas elevadoras (curso te\u00f3rico-pr\u00e1ctico) Ed. 2026"},"content":{"rendered":"<p style=\"text-align: left;\"><strong>Destinatarios\/as<\/strong><\/p>\n<p style=\"text-align: left;\"><span class=\"OYPEnA text-decoration-none text-strikethrough-none\">Trabajadores\/as en activo, desempleados\/as.<\/span><\/p>\n<p>&nbsp;<\/p>\n<p style=\"text-align: left;\"><strong>Objetivos<\/strong><\/p>\n<p class=\"cvGsUA direction-ltr align-start para-style-body\" style=\"text-align: left;\">Saber manipular y controlar la carretilla elevadora para su buen manejo en la manipulaci\u00f3n de bultos.<\/p>\n<p>&nbsp;<\/p>\n<p style=\"text-align: left;\"><strong>Contenido<\/strong><\/p>\n<p style=\"text-align: left;\">1. La carretilla automotriz. Concepto<br \/>\n2. Conocimiento de la carretilla elevadora<br \/>\n3. Elementos de seguridad de la carretilla elevadora<br \/>\n4. Estabilidad de la carretilla<br \/>\n5. Normas de seguridad en el manejo de la carretilla<br \/>\n6. Responsabilidades del conductor<br \/>\n7. Mantenimiento b\u00e1sico de la carretilla<\/p>\n<p style=\"text-align: left;\">El primer d\u00eda se impartir\u00e1 teor\u00eda en las instalaciones de AIJU.<br \/>\nEl segundo d\u00eda, las pr\u00e1cticas se realizar\u00e1n en las instalaciones de la autoescuela.<\/p>\n<p>&nbsp;<\/p>\n<p><strong>Profesorado<\/strong><\/p>\n<p><strong>D. Jos\u00e9 Antonio Monje:<\/strong> Profesor en Formaci\u00f3n Vial, con 9 a\u00f1os de experiencia en el sector. Ha realizado e impartido formaciones relacionadas con la conducci\u00f3n de todo tipo de veh\u00edculos, siendo un profesional en el \u00e1mbito de carretillas elevadoras. Actualmente sigue ejerciendo como profesor en Formaci\u00f3n Vial en la Autoescuela Monje S.C.<\/p>\n<p>&nbsp;<\/p>\n<p style=\"text-align: left;\"><strong>Precio<\/strong><\/p>\n<p style=\"text-align: left;\">Asociados\/as AIJU\/desempleados\/as: 150 euros.<br \/>\nNo asociados\/as AIJU: 180 euros <strong>(la gesti\u00f3n de la bonificaci\u00f3n para no socios supondr\u00e1 un incremento de 30\u20ac)<\/strong><\/p>\n<p>Cantidad m\u00e1xima bonificable por alumno: <strong>104 euros<\/strong><\/p>\n<p>&nbsp;<\/p>\n<p style=\"text-align: left;\"><strong>Observaciones:<\/strong><br \/>\nUna vez aceptada su solicitud, AIJU le indicar\u00e1 cu\u00e1ndo debe efectuar el pago.<br \/>\nIMPORTANTE: La solicitud de preinscripci\u00f3n es tambi\u00e9n un compromiso de pago en caso de ser admitido en la acci\u00f3n formativa. S\u00f3lo se admitir\u00e1n cancelaciones con derecho a devoluci\u00f3n o anulaci\u00f3n del pago, si se comunican a AIJU con al menos 5 d\u00edas laborables de antelaci\u00f3n a la fecha de inicio. Una vez confirmada la plaza al alumno\/a, si \u00e9ste no asistiera al curso y no lo notifica, se le cobrar\u00e1 el importe integro del mismo.<br \/>\n* BONIFICACI\u00d3N CURSOS: el importe de este curso puede bonificarse de forma parcial si se solicita a la FUNDAE. Gesti\u00f3n de la bonificaci\u00f3n gratuita para asociados por parte de AIJU. Cons\u00faltenos.<br \/>\nAIJU se reserva el derecho a anular o aplazar este curso si no se llega a un m\u00ednimo de inscripciones.<\/p>\n","protected":false},"excerpt":{"rendered":"<p>Domina el manejo de carretillas elevadoras y lleva tu carrera al siguiente nivel.<br \/>\n\u00a1Inscr\u00edbete ahora, certif\u00edcate y convi\u00e9rtete en un operador altamente valorado!<\/p>\n","protected":false},"featured_media":6883,"comment_status":"closed","ping_status":"closed","template":"","meta":{"_acf_changed":false,"_vibebp_attr":"","_vibebp_dimensions":"","_vibebp_responsive_height":"","_vibebp_accordion_ie_support":""},"product_brand":[],"product_cat":[161,36],"product_tag":[],"class_list":{"0":"post-6877","1":"product","2":"type-product","3":"status-publish","4":"has-post-thumbnail","6":"product_cat-finalizado","7":"product_cat-parcialmente-bonificable","9":"first","10":"instock","11":"shipping-taxable","12":"product-type-simple"},"acf":[],"_links":{"self":[{"href":"https:\/\/formacionaiju.es\/en\/wp-json\/wp\/v2\/product\/6877","targetHints":{"allow":["GET"]}}],"collection":[{"href":"https:\/\/formacionaiju.es\/en\/wp-json\/wp\/v2\/product"}],"about":[{"href":"https:\/\/formacionaiju.es\/en\/wp-json\/wp\/v2\/types\/product"}],"replies":[{"embeddable":true,"href":"https:\/\/formacionaiju.es\/en\/wp-json\/wp\/v2\/comments?post=6877"}],"version-history":[{"count":7,"href":"https:\/\/formacionaiju.es\/en\/wp-json\/wp\/v2\/product\/6877\/revisions"}],"predecessor-version":[{"id":6886,"href":"https:\/\/formacionaiju.es\/en\/wp-json\/wp\/v2\/product\/6877\/revisions\/6886"}],"wp:featuredmedia":[{"embeddable":true,"href":"https:\/\/formacionaiju.es\/en\/wp-json\/wp\/v2\/media\/6883"}],"wp:attachment":[{"href":"https:\/\/formacionaiju.es\/en\/wp-json\/wp\/v2\/media?parent=6877"}],"wp:term":[{"taxonomy":"product_brand","embeddable":true,"href":"https:\/\/formacionaiju.es\/en\/wp-json\/wp\/v2\/product_brand?post=6877"},{"taxonomy":"product_cat","embeddable":true,"href":"https:\/\/formacionaiju.es\/en\/wp-json\/wp\/v2\/product_cat?post=6877"},{"taxonomy":"product_tag","embeddable":true,"href":"https:\/\/formacionaiju.es\/en\/wp-json\/wp\/v2\/product_tag?post=6877"}],"curies":[{"name":"wp","href":"https:\/\/api.w.org\/{rel}","templated":true}]}}