{"id":6891,"date":"2025-12-02T18:33:44","date_gmt":"2025-12-02T16:33:44","guid":{"rendered":"https:\/\/formacionaiju.es\/?post_type=product&#038;p=6891"},"modified":"2026-02-24T14:52:45","modified_gmt":"2026-02-24T12:52:45","slug":"tratamientos-superficiales-del-papel-tf","status":"publish","type":"product","link":"https:\/\/formacionaiju.es\/en\/product\/tratamientos-superficiales-del-papel-tf\/","title":{"rendered":"Tratamientos superficiales del papel (TF)"},"content":{"rendered":"<p><strong>Destinatarios\/as<\/strong><br \/>\nPrioritariamente trabajadores en activo, aunque podr\u00e1 participar un porcentaje de desempleados.<\/p>\n<p>&nbsp;<\/p>\n<p><strong>Objetivos<\/strong><\/p>\n<p>Al finalizar la formaci\u00f3n el trabajador ser\u00e1 capaz de conocer los tratamientos superficiales m\u00e1s frecuentemente aplicados a los distintos tipos de papel y sus propiedades, los equipos m\u00e1s utilizados para su aplicaci\u00f3n y los distintos componentes de los ba\u00f1os, as\u00ed como las formulaciones m\u00e1s asiduamente utilizadas y las distintas operaciones a realizar para una buena aplicaci\u00f3n de los mismos.<\/p>\n<p><strong>Contenido<\/strong><\/p>\n<p>Tratamientos superficiales con almid\u00f3n en la m\u00e1quina de papel.<\/p>\n<p>Estucado del papel.<\/p>\n<p>Formas o t\u00e9cnicas distintas de aplicaci\u00f3n del estuco.<\/p>\n<p>La m\u00e1quina estucadora.<\/p>\n<p>&nbsp;<\/p>\n<p><strong>Profesorado<\/strong><\/p>\n<p><strong>D. Jos\u00e9 Mart\u00ednez Garc\u00eda. <\/strong>Licenciado en qu\u00edmica industrial y t\u00e9cnico superior en prevenci\u00f3n de riesgos laborales, con una amplia experiencia en la industria qu\u00edmica, en varios sectores, desde la s\u00edntesis de principios activos qu\u00edmico-farmac\u00e9uticos a la fabricaci\u00f3n de pol\u00edmeros, pasando por la formulaci\u00f3n de recubrimientos y cosm\u00e9ticos. Ha desarrollado su actividad a su vez en diversos departamentos, por lo que tiene un conocimiento global muy extenso tanto de procesos qu\u00edmicos como de gesti\u00f3n y control de los mismos. Profesor curso del \u00e1rea qu\u00edmica y tutor de cursos online del Colegio oficial de qu\u00edmicos de Murcia y AIJU.<\/p>\n<p>&nbsp;<\/p>\n<p><strong>Precio<\/strong><br \/>\nCurso subvencionado<\/p>\n<p>&nbsp;<\/p>\n<p><img fetchpriority=\"high\" decoding=\"async\" class=\"alignnone wp-image-6295\" src=\"https:\/\/formacionaiju.es\/wp-content\/uploads\/2025\/06\/logos-teleformacion-460x92.png\" alt=\"\" width=\"890\" height=\"178\" srcset=\"https:\/\/formacionaiju.es\/wp-content\/uploads\/2025\/06\/logos-teleformacion-460x92.png 460w, https:\/\/formacionaiju.es\/wp-content\/uploads\/2025\/06\/logos-teleformacion-1024x206.png 1024w, https:\/\/formacionaiju.es\/wp-content\/uploads\/2025\/06\/logos-teleformacion-768x154.png 768w, https:\/\/formacionaiju.es\/wp-content\/uploads\/2025\/06\/logos-teleformacion-1536x308.png 1536w, https:\/\/formacionaiju.es\/wp-content\/uploads\/2025\/06\/logos-teleformacion-300x60.png 300w, https:\/\/formacionaiju.es\/wp-content\/uploads\/2025\/06\/logos-teleformacion-120x24.png 120w, https:\/\/formacionaiju.es\/wp-content\/uploads\/2025\/06\/logos-teleformacion-310x62.png 310w, https:\/\/formacionaiju.es\/wp-content\/uploads\/2025\/06\/logos-teleformacion.png 1768w\" sizes=\"(max-width: 890px) 100vw, 890px\" \/><\/p>\n","protected":false},"excerpt":{"rendered":"<p>Capacidad para conocer los tratamientos superficiales, aplicados a los distintos tipos de papel y sus propiedades.<\/p>\n","protected":false},"featured_media":6902,"comment_status":"closed","ping_status":"closed","template":"","meta":{"_acf_changed":false,"_vibebp_attr":"","_vibebp_dimensions":"","_vibebp_responsive_height":"","_vibebp_accordion_ie_support":""},"product_brand":[],"product_cat":[136,178,175],"product_tag":[],"class_list":{"0":"post-6891","1":"product","2":"type-product","3":"status-publish","4":"has-post-thumbnail","6":"product_cat-subvencionados","7":"product_cat-plan-nacional-ocupados","8":"product_cat-teleformacion","10":"first","11":"instock","12":"shipping-taxable","13":"product-type-simple"},"acf":[],"_links":{"self":[{"href":"https:\/\/formacionaiju.es\/en\/wp-json\/wp\/v2\/product\/6891","targetHints":{"allow":["GET"]}}],"collection":[{"href":"https:\/\/formacionaiju.es\/en\/wp-json\/wp\/v2\/product"}],"about":[{"href":"https:\/\/formacionaiju.es\/en\/wp-json\/wp\/v2\/types\/product"}],"replies":[{"embeddable":true,"href":"https:\/\/formacionaiju.es\/en\/wp-json\/wp\/v2\/comments?post=6891"}],"version-history":[{"count":10,"href":"https:\/\/formacionaiju.es\/en\/wp-json\/wp\/v2\/product\/6891\/revisions"}],"predecessor-version":[{"id":7232,"href":"https:\/\/formacionaiju.es\/en\/wp-json\/wp\/v2\/product\/6891\/revisions\/7232"}],"wp:featuredmedia":[{"embeddable":true,"href":"https:\/\/formacionaiju.es\/en\/wp-json\/wp\/v2\/media\/6902"}],"wp:attachment":[{"href":"https:\/\/formacionaiju.es\/en\/wp-json\/wp\/v2\/media?parent=6891"}],"wp:term":[{"taxonomy":"product_brand","embeddable":true,"href":"https:\/\/formacionaiju.es\/en\/wp-json\/wp\/v2\/product_brand?post=6891"},{"taxonomy":"product_cat","embeddable":true,"href":"https:\/\/formacionaiju.es\/en\/wp-json\/wp\/v2\/product_cat?post=6891"},{"taxonomy":"product_tag","embeddable":true,"href":"https:\/\/formacionaiju.es\/en\/wp-json\/wp\/v2\/product_tag?post=6891"}],"curies":[{"name":"wp","href":"https:\/\/api.w.org\/{rel}","templated":true}]}}