{"id":6913,"date":"2025-12-04T16:44:43","date_gmt":"2025-12-04T14:44:43","guid":{"rendered":"https:\/\/formacionaiju.es\/?post_type=product&#038;p=6913"},"modified":"2026-04-08T08:33:03","modified_gmt":"2026-04-08T06:33:03","slug":"recuperacion-del-papel-y-su-utilizacion-para-obtener-pastas-recicladas-tf","status":"publish","type":"product","link":"https:\/\/formacionaiju.es\/en\/product\/recuperacion-del-papel-y-su-utilizacion-para-obtener-pastas-recicladas-tf\/","title":{"rendered":"Recuperaci\u00f3n del papel y su utilizaci\u00f3n para obtener pastas recicladas (teleformaci\u00f3n)"},"content":{"rendered":"<p><strong>Destinatarios\/as<\/strong><br \/>\nPrioritariamente trabajadores en activo, aunque podr\u00e1 participar un porcentaje de desempleados.<\/p>\n<p>&nbsp;<\/p>\n<p><strong>Objetivos<\/strong><\/p>\n<p>Al finalizar la formaci\u00f3n el trabajador ser\u00e1 capaz de conocer los procesos de recuperaci\u00f3n del papel y sus ventajas medioambientales y econ\u00f3micas, los papeles m\u00e1s frecuentemente fabricados a partir de papel recuperado y los m\u00e1s utilizados para la obtenci\u00f3n de pastas recicladas, los equipos utilizados en las distintas fases del reciclado en funci\u00f3n de los papeles a cuya producci\u00f3n se destinan y las caracter\u00edsticas principales que han de lograrse en estos as\u00ed como la medida en que los distintos tipos de pastas recicladas contribuir\u00e1n a ellas.<\/p>\n<p><strong>Contenido<\/strong><\/p>\n<p>1. Papeles producidos con papel recuperado, recuperaci\u00f3n y clasificaci\u00f3n del papel.<br \/>\n2. Equipo m\u00e1s frecuentemente utilizados en los procesos de obtenci\u00f3n de pastas recicladas.<br \/>\n3. Procesos m\u00e1s frecuentes de obtenci\u00f3n de pastas recicladas a partir de papeles recuperados.<\/p>\n<p>&nbsp;<\/p>\n<p><strong>Profesorado<\/strong><\/p>\n<p><strong>D. Jos\u00e9 Mart\u00ednez Garc\u00eda:\u00a0<\/strong>Licenciado en qu\u00edmica industrial y t\u00e9cnico superior en prevenci\u00f3n de riesgos laborales, con una amplia experiencia en la industria qu\u00edmica, en varios sectores, desde la s\u00edntesis de principios activos qu\u00edmico-farmac\u00e9uticos a la fabricaci\u00f3n de pol\u00edmeros, pasando por la formulaci\u00f3n de recubrimientos y cosm\u00e9ticos. Ha desarrollado su actividad a su vez en diversos departamentos, por lo que tiene un conocimiento global muy extenso tanto de procesos qu\u00edmicos como de gesti\u00f3n y control de los mismos. Profesor curso del \u00e1rea qu\u00edmica y tutor de cursos online del Colegio oficial de qu\u00edmicos de Murcia y AIJU.<\/p>\n<p>&nbsp;<\/p>\n<p><strong>Precio<\/strong><br \/>\nCurso subvencionado<\/p>\n<p>&nbsp;<\/p>\n<p>&nbsp;<\/p>\n<p><img fetchpriority=\"high\" decoding=\"async\" class=\"alignnone wp-image-6295\" src=\"https:\/\/formacionaiju.es\/wp-content\/uploads\/2025\/06\/logos-teleformacion-460x92.png\" alt=\"\" width=\"1070\" height=\"214\" srcset=\"https:\/\/formacionaiju.es\/wp-content\/uploads\/2025\/06\/logos-teleformacion-460x92.png 460w, https:\/\/formacionaiju.es\/wp-content\/uploads\/2025\/06\/logos-teleformacion-1024x206.png 1024w, https:\/\/formacionaiju.es\/wp-content\/uploads\/2025\/06\/logos-teleformacion-768x154.png 768w, https:\/\/formacionaiju.es\/wp-content\/uploads\/2025\/06\/logos-teleformacion-1536x308.png 1536w, https:\/\/formacionaiju.es\/wp-content\/uploads\/2025\/06\/logos-teleformacion-300x60.png 300w, https:\/\/formacionaiju.es\/wp-content\/uploads\/2025\/06\/logos-teleformacion-120x24.png 120w, https:\/\/formacionaiju.es\/wp-content\/uploads\/2025\/06\/logos-teleformacion-310x62.png 310w, https:\/\/formacionaiju.es\/wp-content\/uploads\/2025\/06\/logos-teleformacion.png 1768w\" sizes=\"(max-width: 1070px) 100vw, 1070px\" \/><\/p>\n","protected":false},"excerpt":{"rendered":"<p>Al finalizar la formaci\u00f3n, el trabajador comprender\u00e1 el proceso de reciclaje del papel, sus beneficios, los tipos de papeles y pastas recicladas m\u00e1s utilizados, as\u00ed como los equipos y caracter\u00edsticas esenciales del papel resultante.<\/p>\n","protected":false},"featured_media":6914,"comment_status":"closed","ping_status":"closed","template":"","meta":{"_acf_changed":false,"_vibebp_attr":"","_vibebp_dimensions":"","_vibebp_responsive_height":"","_vibebp_accordion_ie_support":""},"product_brand":[],"product_cat":[138,136,178,175],"product_tag":[],"class_list":{"0":"post-6913","1":"product","2":"type-product","3":"status-publish","4":"has-post-thumbnail","6":"product_cat-gratuito","7":"product_cat-subvencionados","8":"product_cat-plan-nacional-ocupados","9":"product_cat-teleformacion","11":"first","12":"instock","13":"shipping-taxable","14":"product-type-simple"},"acf":[],"_links":{"self":[{"href":"https:\/\/formacionaiju.es\/en\/wp-json\/wp\/v2\/product\/6913","targetHints":{"allow":["GET"]}}],"collection":[{"href":"https:\/\/formacionaiju.es\/en\/wp-json\/wp\/v2\/product"}],"about":[{"href":"https:\/\/formacionaiju.es\/en\/wp-json\/wp\/v2\/types\/product"}],"replies":[{"embeddable":true,"href":"https:\/\/formacionaiju.es\/en\/wp-json\/wp\/v2\/comments?post=6913"}],"version-history":[{"count":7,"href":"https:\/\/formacionaiju.es\/en\/wp-json\/wp\/v2\/product\/6913\/revisions"}],"predecessor-version":[{"id":7402,"href":"https:\/\/formacionaiju.es\/en\/wp-json\/wp\/v2\/product\/6913\/revisions\/7402"}],"wp:featuredmedia":[{"embeddable":true,"href":"https:\/\/formacionaiju.es\/en\/wp-json\/wp\/v2\/media\/6914"}],"wp:attachment":[{"href":"https:\/\/formacionaiju.es\/en\/wp-json\/wp\/v2\/media?parent=6913"}],"wp:term":[{"taxonomy":"product_brand","embeddable":true,"href":"https:\/\/formacionaiju.es\/en\/wp-json\/wp\/v2\/product_brand?post=6913"},{"taxonomy":"product_cat","embeddable":true,"href":"https:\/\/formacionaiju.es\/en\/wp-json\/wp\/v2\/product_cat?post=6913"},{"taxonomy":"product_tag","embeddable":true,"href":"https:\/\/formacionaiju.es\/en\/wp-json\/wp\/v2\/product_tag?post=6913"}],"curies":[{"name":"wp","href":"https:\/\/api.w.org\/{rel}","templated":true}]}}