{"id":6926,"date":"2025-12-04T17:29:19","date_gmt":"2025-12-04T15:29:19","guid":{"rendered":"https:\/\/formacionaiju.es\/?post_type=product&#038;p=6926"},"modified":"2026-03-18T15:00:38","modified_gmt":"2026-03-18T13:00:38","slug":"power-bi-analisis-de-informacion-y-optimizacion-de-procesos-ed-2026","status":"publish","type":"product","link":"https:\/\/formacionaiju.es\/en\/product\/power-bi-analisis-de-informacion-y-optimizacion-de-procesos-ed-2026\/","title":{"rendered":"Power BI. An\u00e1lisis de informaci\u00f3n y optimizaci\u00f3n de procesos. Ed. 2026"},"content":{"rendered":"<p><strong>Destinatarios\/as<\/strong><\/p>\n<p>Personas responsables de departamentos o que tengan que tratar con datos de la empresa. Con conocimiento b\u00e1sico de Excel y est\u00e9n interesadas en esta herramienta de Microsoft con la que dar un salto cualitativo en la generaci\u00f3n y an\u00e1lisis de informaci\u00f3n.<\/p>\n<p>&nbsp;<\/p>\n<p><strong>Objetivos<\/strong><br \/>\nAprender a optimizar procesos<br \/>\nCrear dise\u00f1os de informes interactivos para un c\u00f3modo an\u00e1lisis de informaci\u00f3n.<br \/>\nSer capaces de crear cuadros de mando para an\u00e1lisis de distintos departamentos.<br \/>\nAutomatizaciones e informes en tiempo real para poder visualizarlos desde distintos dispositivos.<br \/>\n\u00datil para obtener todos nuestros datos de forma eficaz y visual de:<br \/>\n&#8211; Ventas<br \/>\n&#8211; Administraci\u00f3n<br \/>\n&#8211; Bancos<br \/>\n&#8211; RRHH<br \/>\n&#8211; Producci\u00f3n<\/p>\n<p>&nbsp;<\/p>\n<p><strong>Contenido<\/strong><\/p>\n<p>Introducci\u00f3n. Conceptos Previos de Power BI.<br \/>\nConexi\u00f3n con diversas fuentes de informaci\u00f3n.<br \/>\nIntroducci\u00f3n a Power Query para el modelado y formato de los datos.<br \/>\nManejo de la herramienta por sus men\u00fas b\u00e1sicos.<br \/>\n&#8211; Barra de informes.<br \/>\n&#8211; Tablas (introducci\u00f3n al trabajo con medidas, columnas, f\u00f3rmulas DAX b\u00e1sicas).<br \/>\n&#8211; Relaciones entre tablas.<br \/>\nEjemplos de ejercicios con algunos casos pr\u00e1cticos para;<br \/>\n&#8211; Ventas, Administraci\u00f3n, Bancos, RRHH, Producci\u00f3n.<br \/>\nTipos de Licencia Microsoft Power BI.<\/p>\n<p>&nbsp;<\/p>\n<p><strong>CV Profesorado<\/strong><\/p>\n<p>D. David Cantos Bardisa. Ingeniero T\u00e9cnico Telem\u00e1tica. Profesional aut\u00f3nomo con amplia experiencia en el sector de soluciones y servicios inform\u00e1ticos para la empresa. Docente habitual tanto en formaciones a medida como en otro tipo de cursos dirigidos al \u00e1mbito empresarial.<\/p>\n<p>&nbsp;<\/p>\n<p><strong>Precio<\/strong><br \/>\nAsociados\/as AIJU: 260 euros; 2\u00ba asistente y siguientes de la misma empresa: 208 euros.<br \/>\nNo asociados\/as AIJU: 312 euros; 2\u00ba asistente y siguientes de la misma empresa: 260 euros. <strong>La gesti\u00f3n de la bonificaci\u00f3n para no socios supondr\u00e1 un incremento de 30\u20ac<\/strong><\/p>\n<p><strong>Coste m\u00e1ximo bonificable por alumno: 234<\/strong>\u20ac<\/p>\n<p>&nbsp;<\/p>\n<p><strong>Observaciones<\/strong><br \/>\nUna vez aceptada su solicitud, AIJU le indicar\u00e1 cu\u00e1ndo debe efectuar el pago.<br \/>\nIMPORTANTE: La solicitud de preinscripci\u00f3n es tambi\u00e9n un compromiso de pago en caso de ser admitido en la acci\u00f3n formativa. S\u00f3lo se admitir\u00e1n cancelaciones con derecho a devoluci\u00f3n o anulaci\u00f3n del pago, si se comunican a AIJU con al menos 5 d\u00edas laborables de antelaci\u00f3n a la fecha de inicio. Una vez confirmada la plaza al alumno\/a, si \u00e9ste no asistiera al curso y no lo notifica, se le cobrar\u00e1 el importe integro del mismo.<br \/>\n* BONIFICACI\u00d3N CURSOS: el importe de este curso puede bonificarse si se solicita a la FUNDAE. Gesti\u00f3n de la bonificaci\u00f3n gratuita para asociados por parte de AIJU. Cons\u00faltenos.<\/p>\n","protected":false},"excerpt":{"rendered":"<p>No pierda la oportunidad de formarse en Power BI y aprender a optimizar procesos, dise\u00f1ar informes interactivos y cuadros de mando. Visualice en tiempo real datos clave de ventas, administraci\u00f3n, RRHH, bancos o producci\u00f3n.<\/p>\n","protected":false},"featured_media":6928,"comment_status":"closed","ping_status":"closed","template":"","meta":{"_acf_changed":false,"_vibebp_attr":"","_vibebp_dimensions":"","_vibebp_responsive_height":"","_vibebp_accordion_ie_support":""},"product_brand":[],"product_cat":[36],"product_tag":[],"class_list":{"0":"post-6926","1":"product","2":"type-product","3":"status-publish","4":"has-post-thumbnail","6":"product_cat-parcialmente-bonificable","8":"first","9":"instock","10":"shipping-taxable","11":"product-type-simple"},"acf":[],"_links":{"self":[{"href":"https:\/\/formacionaiju.es\/en\/wp-json\/wp\/v2\/product\/6926","targetHints":{"allow":["GET"]}}],"collection":[{"href":"https:\/\/formacionaiju.es\/en\/wp-json\/wp\/v2\/product"}],"about":[{"href":"https:\/\/formacionaiju.es\/en\/wp-json\/wp\/v2\/types\/product"}],"replies":[{"embeddable":true,"href":"https:\/\/formacionaiju.es\/en\/wp-json\/wp\/v2\/comments?post=6926"}],"version-history":[{"count":5,"href":"https:\/\/formacionaiju.es\/en\/wp-json\/wp\/v2\/product\/6926\/revisions"}],"predecessor-version":[{"id":7229,"href":"https:\/\/formacionaiju.es\/en\/wp-json\/wp\/v2\/product\/6926\/revisions\/7229"}],"wp:featuredmedia":[{"embeddable":true,"href":"https:\/\/formacionaiju.es\/en\/wp-json\/wp\/v2\/media\/6928"}],"wp:attachment":[{"href":"https:\/\/formacionaiju.es\/en\/wp-json\/wp\/v2\/media?parent=6926"}],"wp:term":[{"taxonomy":"product_brand","embeddable":true,"href":"https:\/\/formacionaiju.es\/en\/wp-json\/wp\/v2\/product_brand?post=6926"},{"taxonomy":"product_cat","embeddable":true,"href":"https:\/\/formacionaiju.es\/en\/wp-json\/wp\/v2\/product_cat?post=6926"},{"taxonomy":"product_tag","embeddable":true,"href":"https:\/\/formacionaiju.es\/en\/wp-json\/wp\/v2\/product_tag?post=6926"}],"curies":[{"name":"wp","href":"https:\/\/api.w.org\/{rel}","templated":true}]}}