{"id":6937,"date":"2025-12-04T18:40:55","date_gmt":"2025-12-04T16:40:55","guid":{"rendered":"https:\/\/formacionaiju.es\/?post_type=product&#038;p=6937"},"modified":"2026-03-25T11:18:19","modified_gmt":"2026-03-25T09:18:19","slug":"curso-excel-avanzado-2026","status":"publish","type":"product","link":"https:\/\/formacionaiju.es\/en\/product\/curso-excel-avanzado-2026\/","title":{"rendered":"Excel avanzado y tablas din\u00e1micas. Ed. 2026"},"content":{"rendered":"<p><strong>Destinatarios\/as<\/strong><\/p>\n<p>Trabajadores\/as en activo, desempleados\/as<\/p>\n<p>&nbsp;<\/p>\n<p><strong>Objetivos<\/strong><\/p>\n<p>&#8211; Aprender a crear tablas y gr\u00e1ficos din\u00e1micos para un c\u00f3modo an\u00e1lisis de informaci\u00f3n.<br \/>\n&#8211; Ser capaces de crear un cuadro de mandos din\u00e1mico de Excel (Dashboard)<\/p>\n<p>&nbsp;<\/p>\n<p><strong>Contenido<\/strong><\/p>\n<p>&#8211; Introducci\u00f3n conceptos previos Excel.<br \/>\n&#8211; Tablas din\u00e1micas<br \/>\n&#8211; Gr\u00e1ficos din\u00e1micos<br \/>\n&#8211; Cuadro de mandos (Dashboard)<\/p>\n<p>Para asistir al curso es recomendable tener un conocimiento nivel b\u00e1sico de Excel.<\/p>\n<p>&nbsp;<\/p>\n<p><strong>CV Profesorado<\/strong><br \/>\nD. David Cantos Bardisa.\u00a0Ingeniero T\u00e9cnico Telem\u00e1tica. Profesional aut\u00f3nomo con amplia experiencia en el sector de soluciones y servicios inform\u00e1ticos para la empresa. Docente habitual tanto en formaciones a medida como en otro tipo de cursos dirigidos al \u00e1mbito empresarial.<\/p>\n<p>&nbsp;<\/p>\n<p><strong>Precio<\/strong><br \/>\nAsociados\/as AIJU\/desempleados\/as: 155 euros; 2\u00ba asistente y siguientes de la misma empresa: 140 euros.<br \/>\nNo asociados\/as AIJU: 185 euros; 2\u00ba asistente y siguientes de la misma empresa: 165 euros. <strong>La gesti\u00f3n de la bonificaci\u00f3n para no socios supondr\u00e1 un incremento de 30\u20ac<\/strong><\/p>\n<p><strong>Coste m\u00e1ximo bonificable por alumno: 155\u20ac<\/strong><\/p>\n<p>&nbsp;<\/p>\n<p><strong>Observaciones<\/strong><br \/>\nUna vez aceptada su solicitud, AIJU le indicar\u00e1 cu\u00e1ndo debe efectuar el pago.<br \/>\nIMPORTANTE: La solicitud de preinscripci\u00f3n es tambi\u00e9n un compromiso de pago en caso de ser admitido en la acci\u00f3n formativa. S\u00f3lo se admitir\u00e1n cancelaciones con derecho a devoluci\u00f3n o anulaci\u00f3n del pago, si se comunican a AIJU con al menos 5 d\u00edas laborables de antelaci\u00f3n a la fecha de inicio. Una vez confirmada la plaza al alumno\/a, si \u00e9ste no asistiera al curso y no lo notifica, se le cobrar\u00e1 el importe integro del mismo.<br \/>\n* BONIFICACI\u00d3N CURSOS: el importe de este curso puede bonificarse si se solicita a la FUNDAE. Gesti\u00f3n de la bonificaci\u00f3n gratuita para asociados por parte de AIJU. Cons\u00faltenos.<\/p>\n","protected":false},"excerpt":{"rendered":"<p>Curso especializado en Excel avanzado, centrado en funciones complejas, automatizaci\u00f3n y an\u00e1lisis de datos mediante tablas din\u00e1micas para optimizar la toma de decisiones empresariales.<\/p>\n","protected":false},"featured_media":6940,"comment_status":"closed","ping_status":"closed","template":"","meta":{"_acf_changed":false,"_vibebp_attr":"","_vibebp_dimensions":"","_vibebp_responsive_height":"","_vibebp_accordion_ie_support":""},"product_brand":[],"product_cat":[32],"product_tag":[],"class_list":{"0":"post-6937","1":"product","2":"type-product","3":"status-publish","4":"has-post-thumbnail","6":"product_cat-bonificable","8":"first","9":"instock","10":"shipping-taxable","11":"product-type-simple"},"acf":[],"_links":{"self":[{"href":"https:\/\/formacionaiju.es\/en\/wp-json\/wp\/v2\/product\/6937","targetHints":{"allow":["GET"]}}],"collection":[{"href":"https:\/\/formacionaiju.es\/en\/wp-json\/wp\/v2\/product"}],"about":[{"href":"https:\/\/formacionaiju.es\/en\/wp-json\/wp\/v2\/types\/product"}],"replies":[{"embeddable":true,"href":"https:\/\/formacionaiju.es\/en\/wp-json\/wp\/v2\/comments?post=6937"}],"version-history":[{"count":8,"href":"https:\/\/formacionaiju.es\/en\/wp-json\/wp\/v2\/product\/6937\/revisions"}],"predecessor-version":[{"id":7381,"href":"https:\/\/formacionaiju.es\/en\/wp-json\/wp\/v2\/product\/6937\/revisions\/7381"}],"wp:featuredmedia":[{"embeddable":true,"href":"https:\/\/formacionaiju.es\/en\/wp-json\/wp\/v2\/media\/6940"}],"wp:attachment":[{"href":"https:\/\/formacionaiju.es\/en\/wp-json\/wp\/v2\/media?parent=6937"}],"wp:term":[{"taxonomy":"product_brand","embeddable":true,"href":"https:\/\/formacionaiju.es\/en\/wp-json\/wp\/v2\/product_brand?post=6937"},{"taxonomy":"product_cat","embeddable":true,"href":"https:\/\/formacionaiju.es\/en\/wp-json\/wp\/v2\/product_cat?post=6937"},{"taxonomy":"product_tag","embeddable":true,"href":"https:\/\/formacionaiju.es\/en\/wp-json\/wp\/v2\/product_tag?post=6937"}],"curies":[{"name":"wp","href":"https:\/\/api.w.org\/{rel}","templated":true}]}}