{"id":6967,"date":"2025-12-09T17:57:58","date_gmt":"2025-12-09T15:57:58","guid":{"rendered":"https:\/\/formacionaiju.es\/?post_type=product&#038;p=6967"},"modified":"2026-03-16T13:33:51","modified_gmt":"2026-03-16T11:33:51","slug":"curso-de-liderazgo-y-gestion-de-equipos","status":"publish","type":"product","link":"https:\/\/formacionaiju.es\/en\/product\/curso-de-liderazgo-y-gestion-de-equipos\/","title":{"rendered":"Liderazgo y gesti\u00f3n de equipos"},"content":{"rendered":"<p><strong>Destinatarios\/as<\/strong><br \/>\nProfesionales y en especial a Gerentes, Directivos, Ejecutivos y Mandos Intermedios que asumen el reto de liderar equipos o quieren prepararse para dominar las estrategias y habilidades necesarias para gestionar equipos de trabajo.<\/p>\n<p>&nbsp;<\/p>\n<p><strong>Objetivos<\/strong><\/p>\n<p><!--StartFragment --><span class=\"cf0\">Desarrollar en los participantes las competencias esenciales de liderazgo y gesti\u00f3n de equipos, permiti\u00e9ndoles comprender su propio estilo de liderazgo, fortalecer sus habilidades para dirigir personas de manera efectiva, y aplicar estrategias que promuevan la cohesi\u00f3n, motivaci\u00f3n y alto rendimiento dentro de sus equipos.<\/span><!--EndFragment --><\/p>\n<p>&nbsp;<\/p>\n<p><strong>Contenido<\/strong><\/p>\n<p><!--StartFragment --><\/p>\n<p class=\"pf0\"><strong><span class=\"cf0\">Sesi\u00f3n 1: Liderazgo efectivo<\/span><\/strong><\/p>\n<p class=\"pf0\"><span class=\"cf0\">1. El concepto de liderazgo: gestionar vs liderar.<\/span><\/p>\n<p class=\"pf0\"><span class=\"cf0\">2. Identificar las competencias del l\u00edder: El rol del l\u00edder.<\/span><\/p>\n<p class=\"pf0\"><span class=\"cf0\">3. La gesti\u00f3n del exceso: S\u00edndromes y malos h\u00e1bitos.<\/span><\/p>\n<p class=\"pf0\"><span class=\"cf0\">4. Conocer lo diferentes estilos de liderazgo. Autoan\u00e1lisis Qu\u00e9 tipo de l\u00edder soy.<\/span><\/p>\n<p class=\"pf0\"><span class=\"cf0\">5. Plan de acci\u00f3n individual. Trabajo entre sesiones.<\/span><\/p>\n<p class=\"pf0\"><strong><span class=\"cf0\">Sesi\u00f3n 2: Gesti\u00f3n de equipos<\/span><\/strong><\/p>\n<p class=\"pf0\"><span class=\"cf0\">1. Apoyar el desarrollo del equipo de manera personalizada, alineando los objetivos individuales, del equipo y de la organizaci\u00f3n.<\/span><\/p>\n<p class=\"pf0\"><span class=\"cf0\">2. Crear fuertes lazos entre colaboradores.<\/span><\/p>\n<p class=\"pf0\"><span class=\"cf0\">3. Favorecer la cohesi\u00f3n y motivaci\u00f3n.<\/span><\/p>\n<p class=\"pf0\"><span class=\"cf0\">4. Identificar las caracter\u00edsticas del equipo de alto rendimiento.<\/span><\/p>\n<p class=\"pf0\"><span class=\"cf0\">5. Desarrollo en mi equipo las caracter\u00edsticas de los equipos de AR.<\/span><\/p>\n<p><!--EndFragment --><\/p>\n<p>&nbsp;<\/p>\n<p><strong>CV Profesorado<\/strong><\/p>\n<p><!--StartFragment --><\/p>\n<p class=\"pf0\"><span class=\"cf0\"><strong>D. Ra\u00fal Gallego Rodr\u00edguez<\/strong>: Psic\u00f3logo, Coach, Formador Licenciado en Psicolog\u00eda Organizacional por la Universidad de Sevilla. M\u00e1ster en Psicolog\u00eda Positiva Aplicada por la Universidad Jaime I de Castell\u00f3n (UJI). Certificado en Coaching Ejecutivo y Organizacional por ICP (Instituto de Coaching y <\/span><span class=\"cf0\">Mentoring<\/span><span class=\"cf0\"> Psicol\u00f3gico). Acreditado como Psic\u00f3logo-Coach por el Colegio Oficial de Psicolog\u00eda de Murcia. Cuenta con m\u00e1s de 25 a\u00f1os de experiencia como profesional de los recursos humanos, en el \u00e1rea de selecci\u00f3n, formaci\u00f3n y desarrollo de habilidades. Experto en Inteligencia Emocional, es coautor de varios libros \u201cPROGRAMA ARCO IRIS DE EDUCACION EMOCIONAL\u201d <\/span><span class=\"cf0\">Begastri<\/span><span class=\"cf0\">, Educaci\u00f3n Infantil y Primaria, Editorial <\/span><span class=\"cf0\">Noubooks<\/span><span class=\"cf0\"> 2016. \u201cPROGRAMA ARCO IRIS DE EDUCACION EMOCIONAL\u201d <\/span><span class=\"cf0\">Alquipir<\/span><span class=\"cf0\">, Educaci\u00f3n Secundaria. Editorial <\/span><span class=\"cf0\">Noubooks<\/span><span class=\"cf0\"> 2016. \u201cEL LIBRO DE LAS FAMILIAS, Juegos y din\u00e1micas para trabajar la Inteligencia Emocional en casa\u201d. Editorial Pluma Verde 2019. Actualmente trabaja como Orientador Laboral, adem\u00e1s de ejercer como Coach, Consultor y formador en el \u00e1rea de la Inteligencia Emocional, Psicolog\u00eda Positiva y desarrollo personal y profesional.<\/span><\/p>\n<p>&nbsp;<\/p>\n<p class=\"pf0\"><strong><span class=\"cf0\">Precio<\/span><\/strong><\/p>\n<p class=\"pf0\"><span class=\"cf0\">Asociados\/as AIJU: 200 euros; 2\u00ba asistente y siguientes de la misma empresa: 180 euros.<\/span><\/p>\n<p><span class=\"cf0\">No asociados\/as AIJU: 240euros; 2\u00ba asistente y siguientes de la misma empresa: 216 euros. <strong><span class=\"cf2\">La gesti\u00f3n de la bonificaci\u00f3n para no socios supondr\u00e1 un incremento de 30\u20ac.\u00a0<\/span><\/strong><\/span><\/p>\n<p><span class=\"cf0\">10% Descuento para colegiados en Colegio Qu\u00edmicos Comunidad Valenciana sobre precio no asociado.<\/span><\/p>\n<p><b>Coste m\u00e1ximo bonificable por alumno: 104<\/b>\u20ac<\/p>\n<p>&nbsp;<\/p>\n<p><!--EndFragment --><\/p>\n<p><strong>Observaciones<\/strong><br \/>\nUna vez aceptada su solicitud, AIJU le indicar\u00e1 cu\u00e1ndo debe efectuar el pago.<br \/>\nIMPORTANTE: La solicitud de preinscripci\u00f3n es tambi\u00e9n un compromiso de pago en caso de ser admitido en la acci\u00f3n formativa. S\u00f3lo se admitir\u00e1n cancelaciones con derecho a devoluci\u00f3n o anulaci\u00f3n del pago, si se comunican a AIJU con al menos 5 d\u00edas laborables de antelaci\u00f3n a la fecha de inicio. Una vez confirmada la plaza al alumno\/a, si \u00e9ste no asistiera al curso y no lo notifica, se le cobrar\u00e1 el importe integro del mismo.<br \/>\n* BONIFICACI\u00d3N CURSOS: el importe de este curso puede bonificarse si se solicita a la FUNDAE. Gesti\u00f3n de la bonificaci\u00f3n gratuita para asociados por parte de AIJU. Cons\u00faltenos.<\/p>\n","protected":false},"excerpt":{"rendered":"<p>Fortalecer las habilidades de liderazgo y gesti\u00f3n de equipos para mejorar la direcci\u00f3n de personas, el trabajo colaborativo y el rendimiento del equipo.<\/p>\n","protected":false},"featured_media":6968,"comment_status":"closed","ping_status":"closed","template":"","meta":{"_acf_changed":false,"_vibebp_attr":"","_vibebp_dimensions":"","_vibebp_responsive_height":"","_vibebp_accordion_ie_support":""},"product_brand":[],"product_cat":[162,36],"product_tag":[],"class_list":{"0":"post-6967","1":"product","2":"type-product","3":"status-publish","4":"has-post-thumbnail","6":"product_cat-en-marcha","7":"product_cat-parcialmente-bonificable","9":"first","10":"instock","11":"shipping-taxable","12":"product-type-simple"},"acf":[],"_links":{"self":[{"href":"https:\/\/formacionaiju.es\/en\/wp-json\/wp\/v2\/product\/6967","targetHints":{"allow":["GET"]}}],"collection":[{"href":"https:\/\/formacionaiju.es\/en\/wp-json\/wp\/v2\/product"}],"about":[{"href":"https:\/\/formacionaiju.es\/en\/wp-json\/wp\/v2\/types\/product"}],"replies":[{"embeddable":true,"href":"https:\/\/formacionaiju.es\/en\/wp-json\/wp\/v2\/comments?post=6967"}],"version-history":[{"count":7,"href":"https:\/\/formacionaiju.es\/en\/wp-json\/wp\/v2\/product\/6967\/revisions"}],"predecessor-version":[{"id":7263,"href":"https:\/\/formacionaiju.es\/en\/wp-json\/wp\/v2\/product\/6967\/revisions\/7263"}],"wp:featuredmedia":[{"embeddable":true,"href":"https:\/\/formacionaiju.es\/en\/wp-json\/wp\/v2\/media\/6968"}],"wp:attachment":[{"href":"https:\/\/formacionaiju.es\/en\/wp-json\/wp\/v2\/media?parent=6967"}],"wp:term":[{"taxonomy":"product_brand","embeddable":true,"href":"https:\/\/formacionaiju.es\/en\/wp-json\/wp\/v2\/product_brand?post=6967"},{"taxonomy":"product_cat","embeddable":true,"href":"https:\/\/formacionaiju.es\/en\/wp-json\/wp\/v2\/product_cat?post=6967"},{"taxonomy":"product_tag","embeddable":true,"href":"https:\/\/formacionaiju.es\/en\/wp-json\/wp\/v2\/product_tag?post=6967"}],"curies":[{"name":"wp","href":"https:\/\/api.w.org\/{rel}","templated":true}]}}