{"id":6980,"date":"2025-12-09T18:59:23","date_gmt":"2025-12-09T16:59:23","guid":{"rendered":"https:\/\/formacionaiju.es\/?post_type=product&#038;p=6980"},"modified":"2026-02-25T18:51:39","modified_gmt":"2026-02-25T16:51:39","slug":"el-color-en-la-industria-principios-y-aplicaciones-tf","status":"publish","type":"product","link":"https:\/\/formacionaiju.es\/en\/product\/el-color-en-la-industria-principios-y-aplicaciones-tf\/","title":{"rendered":"El color en la industria del pl\u00e1stico: Principios y Aplicaciones (TF)"},"content":{"rendered":"<p><strong>Destinatarios\/as<\/strong><br \/>\nTrabajadores en activo, desempleados<\/p>\n<p>&nbsp;<\/p>\n<p><strong>Objetivos<\/strong><\/p>\n<p>&#8211; Comprender los fundamentos y elementos t\u00e9cnicos del color en la industria del pl\u00e1stico.<br \/>\n&#8211; Aplicar herramientas, sistemas de medici\u00f3n y comunicaci\u00f3n del color en la industria del pl\u00e1stico.<\/p>\n<p>&nbsp;<\/p>\n<p><strong>Contenido<\/strong><\/p>\n<p><!--StartFragment --><\/p>\n<p><span class=\"cf0\">Unidad 1. El color en la industria: una introducci\u00f3n esencial<\/span><\/p>\n<p><span class=\"cf0\">Unidad 2. La fuente de luz<\/span><\/p>\n<p><span class=\"cf0\">Unidad 3. El objeto. La interacci\u00f3n de la luz con los materiales<\/span><\/p>\n<p><span class=\"cf0\">Unidad 4. El observador<\/span><\/p>\n<p><span class=\"cf0\">Unidad 5. Escalas de color: el lenguaje num\u00e9rico del color en la industria del pl\u00e1stico<\/span><\/p>\n<p>&nbsp;<\/p>\n<p><strong>Profesorado<\/strong><\/p>\n<p><b>Antonio Vicent.\u00a0<\/b>Ingeniero vers\u00e1til con enfoque en la sostenibilidad. Experiencia en sectores clave como energ\u00eda, agua, materiales y su transformaci\u00f3n. Profesor de formaci\u00f3n profesional para el empleo y tutor de postgrado, apasionado por inspirar y transmitir conocimientos y habilidades clave para un futuro sostenible. A trav\u00e9s de mis clases y tutor\u00edas, busco fomentar el pensamiento cr\u00edtico, la creatividad y el compromiso con el desarrollo sostenible. Especializado en optimizaci\u00f3n de procesos y gesti\u00f3n de equipos para alcanzar los Objetivos de Desarrollo Sostenible (ODS) de forma eficiente.<\/p>\n<p>&nbsp;<\/p>\n<p><strong>Precio<\/strong><\/p>\n<div>\n<p><!--StartFragment --><span class=\"cf0\">Asociados\/as AIJU: 250 euros; 2\u00ba asistente y siguientes de la misma empresa: 225 euros.<\/span><\/p>\n<p><span class=\"cf0\">No asociados\/as AIJU: 300 euros; 2\u00ba asistente y siguientes de la misma empresa: 270 euros.\u00a0<strong>(la gesti\u00f3n de la bonificaci\u00f3n para no socios supondr\u00e1 un incremento de 30\u20ac)<\/strong><\/span><\/p>\n<p><span class=\"cf0\">Descuento del 10% para asociados del Colegio de Qu\u00edmicos Comunidad Valenciana.<\/span><\/p>\n<p><strong><span class=\"cf0\">Coste m\u00e1ximo bonificable por alumno: 150\u20ac<\/span><\/strong><\/p>\n<p><!--EndFragment --><\/p>\n<\/div>\n<div><\/div>\n<div>\n<p><!--StartFragment --><strong><span class=\"cf0\">Observaciones<\/span><\/strong><\/p>\n<p><span class=\"cf0\">Una vez aceptada su solicitud, AIJU le indicar\u00e1 cu\u00e1ndo debe efectuar el pago.<\/span><\/p>\n<p><span class=\"cf0\">IMPORTANTE: La solicitud de preinscripci\u00f3n es tambi\u00e9n un compromiso de pago en caso de ser admitido en la acci\u00f3n formativa. S\u00f3lo se admitir\u00e1n cancelaciones con derecho a devoluci\u00f3n o anulaci\u00f3n del pago, si se comunican a AIJU con al menos 5 d\u00edas laborables de antelaci\u00f3n a la fecha de inicio. Una vez confirmada la plaza al alumno\/a, si \u00e9ste no asistiera al curso y no lo notifica, se le cobrar\u00e1 el importe integro del mismo.<\/span><\/p>\n<p><span class=\"cf0\">* BONIFICACI\u00d3N CURSOS: el importe de este curso puede bonificarse parcialmente si se solicita a la FUNDAE. Gesti\u00f3n de la bonificaci\u00f3n para asociados gratuita por parte de AIJU. Cons\u00faltenos.<\/span><\/p>\n<p><!--EndFragment --><\/p>\n<\/div>\n<p>&nbsp;<\/p>\n<p>&nbsp;<\/p>\n<p>&nbsp;<\/p>\n","protected":false},"excerpt":{"rendered":"<p>Comprender los principios y aspectos t\u00e9cnicos del color en los pl\u00e1sticos y aplicar herramientas y sistemas para medir, controlar el color dentro de la industria.<\/p>\n","protected":false},"featured_media":6981,"comment_status":"closed","ping_status":"closed","template":"","meta":{"_acf_changed":false,"_vibebp_attr":"","_vibebp_dimensions":"","_vibebp_responsive_height":"","_vibebp_accordion_ie_support":""},"product_brand":[],"product_cat":[36],"product_tag":[],"class_list":{"0":"post-6980","1":"product","2":"type-product","3":"status-publish","4":"has-post-thumbnail","6":"product_cat-parcialmente-bonificable","8":"first","9":"instock","10":"shipping-taxable","11":"product-type-simple"},"acf":[],"_links":{"self":[{"href":"https:\/\/formacionaiju.es\/en\/wp-json\/wp\/v2\/product\/6980","targetHints":{"allow":["GET"]}}],"collection":[{"href":"https:\/\/formacionaiju.es\/en\/wp-json\/wp\/v2\/product"}],"about":[{"href":"https:\/\/formacionaiju.es\/en\/wp-json\/wp\/v2\/types\/product"}],"replies":[{"embeddable":true,"href":"https:\/\/formacionaiju.es\/en\/wp-json\/wp\/v2\/comments?post=6980"}],"version-history":[{"count":14,"href":"https:\/\/formacionaiju.es\/en\/wp-json\/wp\/v2\/product\/6980\/revisions"}],"predecessor-version":[{"id":6984,"href":"https:\/\/formacionaiju.es\/en\/wp-json\/wp\/v2\/product\/6980\/revisions\/6984"}],"wp:featuredmedia":[{"embeddable":true,"href":"https:\/\/formacionaiju.es\/en\/wp-json\/wp\/v2\/media\/6981"}],"wp:attachment":[{"href":"https:\/\/formacionaiju.es\/en\/wp-json\/wp\/v2\/media?parent=6980"}],"wp:term":[{"taxonomy":"product_brand","embeddable":true,"href":"https:\/\/formacionaiju.es\/en\/wp-json\/wp\/v2\/product_brand?post=6980"},{"taxonomy":"product_cat","embeddable":true,"href":"https:\/\/formacionaiju.es\/en\/wp-json\/wp\/v2\/product_cat?post=6980"},{"taxonomy":"product_tag","embeddable":true,"href":"https:\/\/formacionaiju.es\/en\/wp-json\/wp\/v2\/product_tag?post=6980"}],"curies":[{"name":"wp","href":"https:\/\/api.w.org\/{rel}","templated":true}]}}