{"id":7120,"date":"2026-02-03T19:51:59","date_gmt":"2026-02-03T17:51:59","guid":{"rendered":"https:\/\/formacionaiju.es\/?post_type=product&#038;p=7120"},"modified":"2026-02-03T20:15:04","modified_gmt":"2026-02-03T18:15:04","slug":"7120","status":"publish","type":"product","link":"https:\/\/formacionaiju.es\/en\/product\/7120\/","title":{"rendered":"Inyecci\u00f3n avanzada &#8211; Scientific Injection Molding (Te\u00f3rico-Pr\u00e1ctico)"},"content":{"rendered":"<p><strong>Destinatarios\/as<\/strong><br \/>\nPersonal de planta, ingenieros de proceso, calidad y dise\u00f1o, t\u00e9cnicos de pruebas de molde, responsables de compras de pl\u00e1stico , ingenieros de simulaci\u00f3n&#8230;<\/p>\n<p>&nbsp;<\/p>\n<p><strong>Objetivos<\/strong><\/p>\n<p>Comprender los fundamentos del Scientific Molding y su base termodin\u00e1mica para analizar y controlar el proceso de inyecci\u00f3n mediante par\u00e1metros cr\u00edticos y estudios de comportamiento del material.<br \/>\nAplicar los conceptos te\u00f3ricos en m\u00e1quina, optimizando el proceso, asegurando su estabilidad y facilitando la portabilidad entre diferentes equipos.<!--EndFragment --><\/p>\n<p>&nbsp;<\/p>\n<p><strong>Contenido<\/strong><\/p>\n<p><!--StartFragment --><\/p>\n<p>PARTE TE\u00d3RICA (6H) 25\/05<br \/>\nINFORMACI\u00d3N B\u00c1SICA<br \/>\n&#8211; Que es el Scientific Molding<br \/>\n&#8211; Outputs de proceso<br \/>\n&#8211; Comportamiento Termodin\u00e1mico<br \/>\n&#8211; Shear thinnig, shear y viscosidad<br \/>\n&#8211; PROCESO<br \/>\n&#8211; Fuerza de Cierre, estimaci\u00f3n te\u00f3rica<br \/>\n&#8211; Intensification Ratio<br \/>\n&#8211; Husillos, funcionamiento, conversiones unidades<br \/>\n&#8211; Velocidad de inyecci\u00f3n<br \/>\n&#8211; Llenado progresivo<br \/>\n&#8211; Determinaci\u00f3n punto de conmutaci\u00f3n<br \/>\n&#8211; Sistemas de conmutaci\u00f3n<br \/>\n&#8211; Postpresi\u00f3n, determinaci\u00f3n<br \/>\nSCIENTIFIC MOLDING<br \/>\n&#8211; Delta P<br \/>\n&#8211; Tiempo de permanencia, calculo<br \/>\n&#8211; Estudio de p\u00e9rdidas de presi\u00f3n<br \/>\n&#8211; Ensayo de la viscosidad relativa<br \/>\n&#8211; Velocidad perfomance de la maquina<br \/>\n&#8211; Cizalla generada en las entradas<br \/>\n&#8211; Estudio sellado entrada<br \/>\n&#8211; Ventana de proceso<br \/>\n&#8211; R\u00e9gimen turbulento<br \/>\n&#8211; Portabilidad entre maquinas<\/p>\n<p>PARTE PR\u00c1CTICA EN M\u00c1QUINA (4H) 26\/05<\/p>\n<p>&nbsp;<\/p>\n<p><strong>CV Profesorado<\/strong><\/p>\n<p><!--StartFragment --><\/p>\n<p class=\"pf0\"><span class=\"cf0\"><strong>D. Jos\u00e9 Ram\u00f3n Lerma<\/strong>: Titulado superior en mec\u00e1nica especializada en moldes, y un m\u00e1ster en gesti\u00f3n empresarial. Director t\u00e9cnico de la empresa Biesterfeld Ib\u00e9rica, empresa perteneciente al grupo BIESTERFELD, distribuidor de pl\u00e1sticos l\u00edder en Europa. En paralelo a esta actividad realiza imparte formaci\u00f3n en pl\u00e1sticos y su transformaci\u00f3n. Tiene m\u00e1s de 30 a\u00f1os de experiencia en f\u00e1bricas de inyecci\u00f3n de pl\u00e1stico y haber publicado tres libros sobre pl\u00e1sticos y su transformaci\u00f3n por inyecci\u00f3n. Esta actividad docente la realiza tanto en centros t\u00e9cnicos de referencia en Espa\u00f1a como a medida para empresas.<\/span><\/p>\n<p>&nbsp;<\/p>\n<p class=\"pf0\"><strong><span class=\"cf0\">Precio<\/span><\/strong><\/p>\n<p class=\"pf0\"><span class=\"cf0\">Asociados\/as AIJU: 875 euros; 2\u00ba asistente y siguientes de la misma empresa: 788 euros.<\/span><\/p>\n<p><span class=\"cf0\">No asociados\/as AIJU: 1050 euros; 2\u00ba asistente y siguientes de la misma empresa: 945 euros. <strong><span class=\"cf2\">La gesti\u00f3n de la bonificaci\u00f3n para no socios supondr\u00e1 un incremento de 30\u20ac.\u00a0<\/span><\/strong><\/span><\/p>\n<p><span class=\"cf0\">10% Descuento para colegiados en Colegio Qu\u00edmicos Comunidad Valenciana sobre precio no asociado.<\/span><\/p>\n<p><b>Coste m\u00e1ximo bonificable por alumno: 130<\/b>\u20ac<\/p>\n<p>&nbsp;<\/p>\n<p><!--EndFragment --><\/p>\n<p><strong>Observaciones<\/strong><br \/>\nUna vez aceptada su solicitud, AIJU le indicar\u00e1 cu\u00e1ndo debe efectuar el pago.<br \/>\nIMPORTANTE: La solicitud de preinscripci\u00f3n es tambi\u00e9n un compromiso de pago en caso de ser admitido en la acci\u00f3n formativa. S\u00f3lo se admitir\u00e1n cancelaciones con derecho a devoluci\u00f3n o anulaci\u00f3n del pago, si se comunican a AIJU con al menos 5 d\u00edas laborables de antelaci\u00f3n a la fecha de inicio. Una vez confirmada la plaza al alumno\/a, si \u00e9ste no asistiera al curso y no lo notifica, se le cobrar\u00e1 el importe integro del mismo.<br \/>\n* BONIFICACI\u00d3N CURSOS: el importe de este curso puede bonificarse si se solicita a la FUNDAE. Gesti\u00f3n de la bonificaci\u00f3n gratuita para asociados por parte de AIJU. Cons\u00faltenos.<\/p>\n","protected":false},"excerpt":{"rendered":"<p>Inyecci\u00f3n avanzada con herramientas de definici\u00f3n de procesos robustos y consistentes a trav\u00e9s de ensayos a pie de m\u00e1quina. Utilizaci\u00f3n de outputs y de portabilidad de procesos.<\/p>\n","protected":false},"featured_media":7121,"comment_status":"closed","ping_status":"closed","template":"","meta":{"_acf_changed":false,"_vibebp_attr":"","_vibebp_dimensions":"","_vibebp_responsive_height":"","_vibebp_accordion_ie_support":""},"product_brand":[],"product_cat":[36],"product_tag":[],"class_list":{"0":"post-7120","1":"product","2":"type-product","3":"status-publish","4":"has-post-thumbnail","6":"product_cat-parcialmente-bonificable","8":"first","9":"instock","10":"shipping-taxable","11":"product-type-simple"},"acf":[],"_links":{"self":[{"href":"https:\/\/formacionaiju.es\/en\/wp-json\/wp\/v2\/product\/7120","targetHints":{"allow":["GET"]}}],"collection":[{"href":"https:\/\/formacionaiju.es\/en\/wp-json\/wp\/v2\/product"}],"about":[{"href":"https:\/\/formacionaiju.es\/en\/wp-json\/wp\/v2\/types\/product"}],"replies":[{"embeddable":true,"href":"https:\/\/formacionaiju.es\/en\/wp-json\/wp\/v2\/comments?post=7120"}],"version-history":[{"count":4,"href":"https:\/\/formacionaiju.es\/en\/wp-json\/wp\/v2\/product\/7120\/revisions"}],"predecessor-version":[{"id":7128,"href":"https:\/\/formacionaiju.es\/en\/wp-json\/wp\/v2\/product\/7120\/revisions\/7128"}],"wp:featuredmedia":[{"embeddable":true,"href":"https:\/\/formacionaiju.es\/en\/wp-json\/wp\/v2\/media\/7121"}],"wp:attachment":[{"href":"https:\/\/formacionaiju.es\/en\/wp-json\/wp\/v2\/media?parent=7120"}],"wp:term":[{"taxonomy":"product_brand","embeddable":true,"href":"https:\/\/formacionaiju.es\/en\/wp-json\/wp\/v2\/product_brand?post=7120"},{"taxonomy":"product_cat","embeddable":true,"href":"https:\/\/formacionaiju.es\/en\/wp-json\/wp\/v2\/product_cat?post=7120"},{"taxonomy":"product_tag","embeddable":true,"href":"https:\/\/formacionaiju.es\/en\/wp-json\/wp\/v2\/product_tag?post=7120"}],"curies":[{"name":"wp","href":"https:\/\/api.w.org\/{rel}","templated":true}]}}