{"id":7200,"date":"2026-02-19T12:45:46","date_gmt":"2026-02-19T10:45:46","guid":{"rendered":"https:\/\/formacionaiju.es\/?post_type=product&#038;p=7200"},"modified":"2026-03-04T14:47:34","modified_gmt":"2026-03-04T12:47:34","slug":"cnc-maquinas-3a-edicion","status":"publish","type":"product","link":"https:\/\/formacionaiju.es\/en\/product\/cnc-maquinas-3a-edicion\/","title":{"rendered":"CNC M\u00e1quinas. 3\u00aa edici\u00f3n"},"content":{"rendered":"<p><strong>Destinatarios\/as<\/strong><br \/>\nPrioritariamente trabajadores en activo, aunque podr\u00e1 participar un porcentaje de desempleados.<\/p>\n<p>&nbsp;<\/p>\n<p><strong>Objetivos<\/strong><br \/>\nManejar la programaci\u00f3n de m\u00e1quinas de CNC para la fabricaci\u00f3n mec\u00e1nica automatizada, mejorando las competencias y favoreciendo la adaptaci\u00f3n a nuevas \u00e1reas de producci\u00f3n.<\/p>\n<p>&nbsp;<\/p>\n<p><strong>Contenido<\/strong><br \/>\nM\u00f3dulo 1. Introducci\u00f3n y preparaci\u00f3n de m\u00e1quinas de CNC<\/p>\n<p>\u2022 Definici\u00f3n del control num\u00e9rico<br \/>\n\u2022 Control num\u00e9rico en m\u00e1quinas especiales.<br \/>\n\u2022 Exposici\u00f3n de la presentaci\u00f3n y manipulaci\u00f3n del software<br \/>\n\u2022 Entorno visual del software<br \/>\n\u2022 Manipulaci\u00f3n.<br \/>\n\u2022 Explicaci\u00f3n de las funciones preparatorias y auxiliares<br \/>\n\u2022 Operaciones b\u00e1sicas<br \/>\n\u2022 Movimientos<br \/>\n\u2022 Ejes<br \/>\n\u2022 Definici\u00f3n de los or\u00edgenes de la pieza<br \/>\n\u2022 Descripci\u00f3n de los sistemas de coordenadas<br \/>\n\u2022 Absolutas, incrementales, polares<br \/>\n\u2022 Identificaci\u00f3n de puntos en el espacio<\/p>\n<p>M\u00f3dulo 2. Programaci\u00f3n CNC<\/p>\n<p>\u2022 Exposici\u00f3n de herramientas de creaci\u00f3n de un programa<br \/>\n\u2022 Programa 2 ejes con perfiles y otros<br \/>\n\u2022 Definici\u00f3n de herramientas<br \/>\n\u2022 Observaci\u00f3n de la programaci\u00f3n absoluta e incremental<br \/>\n\u2022 Ejercicios de programaci\u00f3n en c\u00f3digo b\u00e1sico en el simulador. Programas<br \/>\ncompletos para su ejecuci\u00f3n a m\u00e1quina real.<br \/>\n\u2022 Compensaci\u00f3n herramientas y programaci\u00f3n de ciclos<br \/>\n\u2022 Eliminaci\u00f3n de errores y soluciones a las alarmas de control.<br \/>\n\u2022 Descripci\u00f3n de trayectorias: Interpolaciones lineales y circulares<br \/>\n\u2022 Tipolog\u00edas de trayectorias<br \/>\n\u2022 Movimientos b\u00e1sicos en c\u00f3digo ISO con simulador<br \/>\n\u2022 Explicaci\u00f3n de otros aspectos<br \/>\n\u2022 Casos reales como aplicaci\u00f3n de los recursos trabajados<br \/>\n\u2022 Aspectos de seguridad<\/p>\n<p><strong>Nota:<\/strong> Se utilizar\u00e1 el programa FAGOR. <span data-olk-copy-source=\"MessageBody\">En torno ser\u00e1 2 ejes y fresadora 3 ejes.<\/span><\/p>\n<p>&nbsp;<\/p>\n<p><strong>Profesorado<\/strong><\/p>\n<p><strong>D. Alberto Calabuig:<\/strong> T\u00e9cnico especialista en matricer\u00eda y moldes en el IES La Foia de Ibi (Alicante). Ha desarrollado su labor profesional en diferentes empresas (Matricer\u00eda Juguetera, SL, T\u00e9cnicas y aplicaciones productivas SL, Juypal, SL y Bec-Vil SL) desempa\u00f1ando las funciones de oficial de primera en mecanizado-matricer\u00eda-moldes. Desde 2007 es profesor de secundaria en ciclos de mecanizado y mantenimiento de m\u00e1quinas (Generalitat Valenciana). Actualmente profesor del IES La Foia de Ibi (Alicante) y docente habitual en el \u00e1mbito empresarial.<\/p>\n<p>&nbsp;<\/p>\n<p><strong>Precio<\/strong><br \/>\nCurso subvencionado<\/p>\n<p>&nbsp;<\/p>\n<p><strong>Requisitos de acceso:\u00a0<\/strong><\/p>\n<p>Contar con alguna de las siguientes acreditaciones\/titulaciones:<\/p>\n<p>Certificado de profesionalidad de nivel 1.<br \/>\nT\u00edtulo Profesional B\u00e1sico (FP B\u00e1sica).<br \/>\nT\u00edtulo de Graduado en Educaci\u00f3n Secundaria Obligatoria (ESO) o equivalente.<br \/>\nT\u00edtulo de T\u00e9cnico (FP Grado medio) o equivalente Certificado de profesionalidad de nivel 2.<br \/>\nHaber superado la prueba de acceso a Ciclos Formativos de Grado Medio.<br \/>\nHaber superado cualquier prueba oficial de acceso a la universidad.<\/p>\n<p>&nbsp;<\/p>\n<p><img decoding=\"async\" class=\"alignnone wp-image-6206\" src=\"https:\/\/formacionaiju.es\/wp-content\/uploads\/2024\/11\/logos-todos-460x46.png\" alt=\"\" width=\"630\" height=\"63\" srcset=\"https:\/\/formacionaiju.es\/wp-content\/uploads\/2024\/11\/logos-todos-460x46.png 460w, https:\/\/formacionaiju.es\/wp-content\/uploads\/2024\/11\/logos-todos-1024x103.png 1024w, https:\/\/formacionaiju.es\/wp-content\/uploads\/2024\/11\/logos-todos-768x77.png 768w, https:\/\/formacionaiju.es\/wp-content\/uploads\/2024\/11\/logos-todos-1536x154.png 1536w, https:\/\/formacionaiju.es\/wp-content\/uploads\/2024\/11\/logos-todos-300x30.png 300w, https:\/\/formacionaiju.es\/wp-content\/uploads\/2024\/11\/logos-todos-120x12.png 120w, https:\/\/formacionaiju.es\/wp-content\/uploads\/2024\/11\/logos-todos-310x31.png 310w, https:\/\/formacionaiju.es\/wp-content\/uploads\/2024\/11\/logos-todos.png 1768w\" sizes=\"(max-width: 630px) 100vw, 630px\" \/><\/p>\n","protected":false},"excerpt":{"rendered":"<p>Aprende a manejar m\u00e1quinas CNC, elevando tu perfil profesional y adapt\u00e1ndote a las exigencias de la industria actual.<\/p>\n","protected":false},"featured_media":7202,"comment_status":"closed","ping_status":"closed","template":"","meta":{"_acf_changed":false,"_vibebp_attr":"","_vibebp_dimensions":"","_vibebp_responsive_height":"","_vibebp_accordion_ie_support":""},"product_brand":[],"product_cat":[136],"product_tag":[],"class_list":{"0":"post-7200","1":"product","2":"type-product","3":"status-publish","4":"has-post-thumbnail","6":"product_cat-subvencionados","8":"first","9":"instock","10":"shipping-taxable","11":"product-type-simple"},"acf":[],"_links":{"self":[{"href":"https:\/\/formacionaiju.es\/en\/wp-json\/wp\/v2\/product\/7200","targetHints":{"allow":["GET"]}}],"collection":[{"href":"https:\/\/formacionaiju.es\/en\/wp-json\/wp\/v2\/product"}],"about":[{"href":"https:\/\/formacionaiju.es\/en\/wp-json\/wp\/v2\/types\/product"}],"replies":[{"embeddable":true,"href":"https:\/\/formacionaiju.es\/en\/wp-json\/wp\/v2\/comments?post=7200"}],"version-history":[{"count":4,"href":"https:\/\/formacionaiju.es\/en\/wp-json\/wp\/v2\/product\/7200\/revisions"}],"predecessor-version":[{"id":7262,"href":"https:\/\/formacionaiju.es\/en\/wp-json\/wp\/v2\/product\/7200\/revisions\/7262"}],"wp:featuredmedia":[{"embeddable":true,"href":"https:\/\/formacionaiju.es\/en\/wp-json\/wp\/v2\/media\/7202"}],"wp:attachment":[{"href":"https:\/\/formacionaiju.es\/en\/wp-json\/wp\/v2\/media?parent=7200"}],"wp:term":[{"taxonomy":"product_brand","embeddable":true,"href":"https:\/\/formacionaiju.es\/en\/wp-json\/wp\/v2\/product_brand?post=7200"},{"taxonomy":"product_cat","embeddable":true,"href":"https:\/\/formacionaiju.es\/en\/wp-json\/wp\/v2\/product_cat?post=7200"},{"taxonomy":"product_tag","embeddable":true,"href":"https:\/\/formacionaiju.es\/en\/wp-json\/wp\/v2\/product_tag?post=7200"}],"curies":[{"name":"wp","href":"https:\/\/api.w.org\/{rel}","templated":true}]}}