{"id":7214,"date":"2026-02-23T12:26:08","date_gmt":"2026-02-23T10:26:08","guid":{"rendered":"https:\/\/formacionaiju.es\/?post_type=product&#038;p=7214"},"modified":"2026-03-03T12:29:34","modified_gmt":"2026-03-03T10:29:34","slug":"introduccion-a-las-camaras-calientes-teleformacion-2a-edicion","status":"publish","type":"product","link":"https:\/\/formacionaiju.es\/en\/product\/introduccion-a-las-camaras-calientes-teleformacion-2a-edicion\/","title":{"rendered":"Introducci\u00f3n a las c\u00e1maras calientes. 2\u00aa edici\u00f3n (TELEFORMACI\u00d3N)"},"content":{"rendered":"<p><strong>Destinatarios\/as<\/strong><\/p>\n<p>Trabajadores\/as en activo, desempleados\/as<\/p>\n<p>&nbsp;<\/p>\n<p><strong>Objetivos<\/strong><\/p>\n<p>&#8211; Conocer los conceptos b\u00e1sicos y funcionamiento de las c\u00e1maras calientes en la inyecci\u00f3n de pl\u00e1sticos.<br \/>\n&#8211; Identificar los diferentes tipos de c\u00e1maras calientes, sus componentes y aplicaciones.<br \/>\n&#8211; Comprender los factores principales en la configuraci\u00f3n, instalaci\u00f3n y operaci\u00f3n de una c\u00e1mara caliente.<br \/>\n&#8211; Detectar y resolver defectos frecuentes en sistemas de c\u00e1maras calientes.<\/p>\n<p>&nbsp;<\/p>\n<p><strong>Contenido<\/strong><\/p>\n<p>1.- Introducci\u00f3n a las c\u00e1maras calientes<br \/>\n2.- Tipos de c\u00e1maras calientes y componentes espec\u00edficos<br \/>\n3.- Factores de configuraci\u00f3n<br \/>\n4.- Componentes electr\u00f3nicos y conexionado<br \/>\n5.- Montaje y puesta en marcha<br \/>\n6.- Defectolog\u00eda y mantenimiento<\/p>\n<p>&nbsp;<\/p>\n<p><strong>CV Profesorado<\/strong><br \/>\n<strong>D. Luciano Augusto Agarbella.<\/strong> Ingeniero t\u00e9cnico industrial especializado en mec\u00e1nica, postgrado expert en gesti\u00f3n de manufactura, business expert y key account manager, desempe\u00f1a diversas actividades profesionales a nivel internacional ligadas a la c\u00e1mara caliente desde el a\u00f1o 2002, entre ellas gerente de producto, t\u00e9cnico de montaje y asistencia t\u00e9cnica. Actualmente ejerce de \u00e1rea sales m\u00e1nager en Barnes Molding Solutions, que incluye las c\u00e1maras calientes de Sinventive, Maenner y Thermoplay, entre otros productos.Anteriormente ha ejercido como CEO en Runnertech Hot Runner System y director t\u00e9cnico en la empresa Bru y Rubio, gerente de desarrollos de negocio y gerente de producto (c\u00e1maras calientes) en la misma empresa. Adem\u00e1s, ha trabajo como Global Key Account Manager en Mastip Technology (Nueva Zelanda), t\u00e9cnico comercial\/t\u00e9cnico en procesos de manufactura\/programador CNC en Polimold Industrial (Brasil), y en MDL Brasil (Brasil). Colabora impartiendo charlas t\u00e9cnicas en Institutos de formaci\u00f3n profesional y realiza formaci\u00f3n a medida en empresas.<\/p>\n<p>&nbsp;<\/p>\n<p><strong>Precio<\/strong><br \/>\nAsociados\/as AIJU: 250 euros; 2\u00ba asistente y siguientes de la misma empresa: 225 euros.<br \/>\nNo asociados\/as AIJU: 300 euros; 2\u00ba asistente y siguientes de la misma empresa: 270 euros. <strong>(la gesti\u00f3n de la bonificaci\u00f3n para no socios supondr\u00e1 un incremento de 30\u20ac)<\/strong><\/p>\n<p>Descuento del 10% para asociados del Colegio de Qu\u00edmicos Comunidad Valenciana.<\/p>\n<p><strong>Coste m\u00e1ximo bonificable por alumno: 150<\/strong>\u20ac<\/p>\n<p>&nbsp;<\/p>\n<p><strong>Observaciones<\/strong><br \/>\nUna vez aceptada su solicitud, AIJU le indicar\u00e1 cu\u00e1ndo debe efectuar el pago.<br \/>\nIMPORTANTE: La solicitud de preinscripci\u00f3n es tambi\u00e9n un compromiso de pago en caso de ser admitido en la acci\u00f3n formativa. S\u00f3lo se admitir\u00e1n cancelaciones con derecho a devoluci\u00f3n o anulaci\u00f3n del pago, si se comunican a AIJU con al menos 5 d\u00edas laborables de antelaci\u00f3n a la fecha de inicio. Una vez confirmada la plaza al alumno\/a, si \u00e9ste no asistiera al curso y no lo notifica, se le cobrar\u00e1 el importe integro del mismo.<br \/>\n* BONIFICACI\u00d3N CURSOS: el importe de este curso puede bonificarse <strong>parcialmente<\/strong> si se solicita a la FUNDAE. Gesti\u00f3n de la bonificaci\u00f3n gratuita por parte de AIJU. Cons\u00faltenos.<\/p>\n","protected":false},"excerpt":{"rendered":"<p>Aprende el funcionamiento y configuraci\u00f3n de las c\u00e1maras calientes en la inyecci\u00f3n de pl\u00e1sticos. Identifica sus tipos y componentes, y adquiere las claves para optimizar su uso y resolver defectos comunes.<\/p>\n","protected":false},"featured_media":7222,"comment_status":"closed","ping_status":"closed","template":"","meta":{"_acf_changed":false,"_vibebp_attr":"","_vibebp_dimensions":"","_vibebp_responsive_height":"","_vibebp_accordion_ie_support":""},"product_brand":[],"product_cat":[175],"product_tag":[],"class_list":{"0":"post-7214","1":"product","2":"type-product","3":"status-publish","4":"has-post-thumbnail","6":"product_cat-teleformacion","8":"first","9":"instock","10":"shipping-taxable","11":"product-type-simple"},"acf":[],"_links":{"self":[{"href":"https:\/\/formacionaiju.es\/en\/wp-json\/wp\/v2\/product\/7214","targetHints":{"allow":["GET"]}}],"collection":[{"href":"https:\/\/formacionaiju.es\/en\/wp-json\/wp\/v2\/product"}],"about":[{"href":"https:\/\/formacionaiju.es\/en\/wp-json\/wp\/v2\/types\/product"}],"replies":[{"embeddable":true,"href":"https:\/\/formacionaiju.es\/en\/wp-json\/wp\/v2\/comments?post=7214"}],"version-history":[{"count":9,"href":"https:\/\/formacionaiju.es\/en\/wp-json\/wp\/v2\/product\/7214\/revisions"}],"predecessor-version":[{"id":7271,"href":"https:\/\/formacionaiju.es\/en\/wp-json\/wp\/v2\/product\/7214\/revisions\/7271"}],"wp:featuredmedia":[{"embeddable":true,"href":"https:\/\/formacionaiju.es\/en\/wp-json\/wp\/v2\/media\/7222"}],"wp:attachment":[{"href":"https:\/\/formacionaiju.es\/en\/wp-json\/wp\/v2\/media?parent=7214"}],"wp:term":[{"taxonomy":"product_brand","embeddable":true,"href":"https:\/\/formacionaiju.es\/en\/wp-json\/wp\/v2\/product_brand?post=7214"},{"taxonomy":"product_cat","embeddable":true,"href":"https:\/\/formacionaiju.es\/en\/wp-json\/wp\/v2\/product_cat?post=7214"},{"taxonomy":"product_tag","embeddable":true,"href":"https:\/\/formacionaiju.es\/en\/wp-json\/wp\/v2\/product_tag?post=7214"}],"curies":[{"name":"wp","href":"https:\/\/api.w.org\/{rel}","templated":true}]}}