{"id":7244,"date":"2026-03-02T10:39:17","date_gmt":"2026-03-02T08:39:17","guid":{"rendered":"https:\/\/formacionaiju.es\/?post_type=product&#038;p=7244"},"modified":"2026-03-23T13:52:37","modified_gmt":"2026-03-23T11:52:37","slug":"jornada-estrategias-locales-de-adaptacion-y-mitigacion-frente-a-fenomenos-climaticos-extremos","status":"publish","type":"product","link":"https:\/\/formacionaiju.es\/en\/product\/jornada-estrategias-locales-de-adaptacion-y-mitigacion-frente-a-fenomenos-climaticos-extremos\/","title":{"rendered":"Jornada: Estrategias locales de adaptaci\u00f3n y mitigaci\u00f3n frente a fen\u00f3menos clim\u00e1ticos extremos"},"content":{"rendered":"<p><strong>Destinatarios:<\/strong><br \/>\nAdministraciones p\u00fablicas, sector empresarial, comunidad cient\u00edfica y proyectos europeos.<\/p>\n<p><strong>Contenido\/Programa:<\/strong><\/p>\n<p>09:30 \u2013 09:45<strong> Inauguraci\u00f3n institucional<\/strong><br \/>\n<em>Andr\u00e9s Molina Gim\u00e9nez<\/em>. Director del Instituto Universitario del Agua y de las Ciencias Ambientales de la Universidad de Alicante.<br \/>\n09:45 \u2013 10:05 <strong>Estrategias municipales de adaptaci\u00f3n al cambio clim\u00e1tico en el ciclo urbano del agua<\/strong><br \/>\nPonente: <em>Miguel Fern\u00e1ndez Mejuto<\/em>. Diputaci\u00f3n de Alicante.<br \/>\n10:05 \u2013 10:25 <strong>Evaluaci\u00f3n de riesgos clim\u00e1ticos con la plataforma CLIMAAX. Caso de estudio la Foia de Castalla<\/strong><br \/>\nPonente: <em>D\u00e9bora Sorolla. AIJU<\/em>. Proyecto CLIMAAX.<br \/>\n10:25 \u2013 10:45 <strong>Innovaci\u00f3n tecnol\u00f3gica para la resiliencia clim\u00e1tica en entornos urbanos<\/strong><br \/>\nPonente: Veolia-Hidraqua-Aquatec.<br \/>\n10:45 \u2013 11:05 <strong>Enfoque de g\u00e9nero frente a los riesgos clim\u00e1ticos<\/strong><br \/>\nPonente: <em>Ester Gisbert Alemany<\/em>. Arquitecta.<br \/>\n11:05 \u2013 11:30 <strong>Pausa caf\u00e9<\/strong><br \/>\n11:30 \u2013 12:45<strong> La adaptaci\u00f3n clim\u00e1tica desde el \u00e1mbito local: retos y oportunidades<\/strong><\/p>\n<p>&nbsp;<\/p>\n<p>Mesa redonda taller, interactiva con el p\u00fablico, moderada por Inmaculada L\u00f3pez Ortiz. Directora de la C\u00e1tedra del Agua Diputaci\u00f3n de Alicante-Universidad de Alicante.<\/p>\n<p>&nbsp;<\/p>\n<p>AIJU se reserva el derecho a anular o aplazar esta jornada si no se llega a un m\u00ednimo de inscripciones.<\/p>\n<p>&nbsp;<\/p>\n","protected":false},"excerpt":{"rendered":"<p>Con motivo del D\u00eda Mundial del Agua, celebramos la jornada \u2018Estrategias locales de adaptaci\u00f3n y mitigaci\u00f3n frente a fen\u00f3menos clim\u00e1ticos extremos\u2019, organizada por la Diputaci\u00f3n de Alicante, AIJU, CLIMAAX y la C\u00e1tedra del Agua Diputaci\u00f3n de Alicante-Universidad de Alicante.<\/p>\n","protected":false},"featured_media":7248,"comment_status":"closed","ping_status":"closed","template":"","meta":{"_acf_changed":false,"_vibebp_attr":"","_vibebp_dimensions":"","_vibebp_responsive_height":"","_vibebp_accordion_ie_support":""},"product_brand":[],"product_cat":[138],"product_tag":[],"class_list":{"0":"post-7244","1":"product","2":"type-product","3":"status-publish","4":"has-post-thumbnail","6":"product_cat-gratuito","8":"first","9":"instock","10":"shipping-taxable","11":"product-type-simple"},"acf":[],"_links":{"self":[{"href":"https:\/\/formacionaiju.es\/en\/wp-json\/wp\/v2\/product\/7244","targetHints":{"allow":["GET"]}}],"collection":[{"href":"https:\/\/formacionaiju.es\/en\/wp-json\/wp\/v2\/product"}],"about":[{"href":"https:\/\/formacionaiju.es\/en\/wp-json\/wp\/v2\/types\/product"}],"replies":[{"embeddable":true,"href":"https:\/\/formacionaiju.es\/en\/wp-json\/wp\/v2\/comments?post=7244"}],"version-history":[{"count":16,"href":"https:\/\/formacionaiju.es\/en\/wp-json\/wp\/v2\/product\/7244\/revisions"}],"predecessor-version":[{"id":7372,"href":"https:\/\/formacionaiju.es\/en\/wp-json\/wp\/v2\/product\/7244\/revisions\/7372"}],"wp:featuredmedia":[{"embeddable":true,"href":"https:\/\/formacionaiju.es\/en\/wp-json\/wp\/v2\/media\/7248"}],"wp:attachment":[{"href":"https:\/\/formacionaiju.es\/en\/wp-json\/wp\/v2\/media?parent=7244"}],"wp:term":[{"taxonomy":"product_brand","embeddable":true,"href":"https:\/\/formacionaiju.es\/en\/wp-json\/wp\/v2\/product_brand?post=7244"},{"taxonomy":"product_cat","embeddable":true,"href":"https:\/\/formacionaiju.es\/en\/wp-json\/wp\/v2\/product_cat?post=7244"},{"taxonomy":"product_tag","embeddable":true,"href":"https:\/\/formacionaiju.es\/en\/wp-json\/wp\/v2\/product_tag?post=7244"}],"curies":[{"name":"wp","href":"https:\/\/api.w.org\/{rel}","templated":true}]}}