{"id":7274,"date":"2026-03-04T12:31:11","date_gmt":"2026-03-04T10:31:11","guid":{"rendered":"https:\/\/formacionaiju.es\/?post_type=product&#038;p=7274"},"modified":"2026-03-04T14:49:31","modified_gmt":"2026-03-04T12:49:31","slug":"termoplasticos-conocimientos-del-producto-y-sector-2a-edicion","status":"publish","type":"product","link":"https:\/\/formacionaiju.es\/en\/product\/termoplasticos-conocimientos-del-producto-y-sector-2a-edicion\/","title":{"rendered":"Termopl\u00e1sticos. Conocimientos del producto y sector. 2\u00aa edici\u00f3n"},"content":{"rendered":"<p><strong>Destinatarios\/as<\/strong><br \/>\nPrioritariamente trabajadores en activo del sector qu\u00edmico, aunque podr\u00e1 participar un porcentaje de desempleados.<\/p>\n<p>&nbsp;<\/p>\n<p><strong>Objetivos<\/strong><br \/>\nComprender la naturaleza, tipos y comportamiento de los materiales termopl\u00e1sticos, as\u00ed como las t\u00e9cnicas de transformaci\u00f3n.<\/p>\n<p>&nbsp;<\/p>\n<p><strong>Contenido<\/strong><\/p>\n<p>1. \u00bf QU\u00c9 ES UN PL\u00c1STICO?<br \/>\n1.1. Naturaleza, obtenci\u00f3n y formaci\u00f3n de pol\u00edmeros.<br \/>\n1.2. Estructuras moleculares.<br \/>\n1.3. Clasificaci\u00f3n de los pol\u00edmeros.<br \/>\n1.4. Car\u00e1cter viscoel\u00e1stico.<br \/>\n1.5. Cristalinidad.<\/p>\n<p>2. ADITIVOS<br \/>\n2.1. Su necesidad, problem\u00e1tica e incorporaci\u00f3n al pol\u00edmero.<br \/>\n2.2. Tipos m\u00e1s habituales y su repercusi\u00f3n en las caracter\u00edsticas del pl\u00e1stico.<\/p>\n<p>3.- \u00bf COMO SE COMPORTAN LOS PL\u00c1STICOS?<br \/>\n3.1. El comportamiento desde las perspectivas: mec\u00e1nica, t\u00e9rmica, qu\u00edmica, el\u00e9ctrica, al fuego.<br \/>\n3.2. Efectos fisiol\u00f3gicos.<br \/>\n3.3. Medio ambiente.<br \/>\n3.4. Reciclabilidad.<\/p>\n<p>4. VALORACI\u00d3N DEL COMPORTAMIENTO (PROPIEDADES)<br \/>\n4.1. Propiedades m\u00e1s habituales utilizadas para comparar pl\u00e1sticos entre s\u00ed.<br \/>\n4.2. Descripci\u00f3n de los ensayos mec\u00e1nicos, t\u00e9rmicos, el\u00e9ctricos, que se realizan para su determinaci\u00f3n.<\/p>\n<p>5. T\u00c9CNICAS DE TRANSFORMACI\u00d3N<br \/>\n5.1. Descripci\u00f3n de los principales sistemas de moldeado de pl\u00e1sticos.<br \/>\n5.2. An\u00e1lisis comparativo de procesos y caracter\u00edsticas de productos.<br \/>\n5.3. Influencia de los procesos en las propiedades de los materiales.<br \/>\n5.4. Contracci\u00f3n.<\/p>\n<p>6. PL\u00c1STICOS M\u00c1S HABITUALES<br \/>\n6.1. Comentarios sobre los pl\u00e1sticos de mayor utilizaci\u00f3n, su entorno t\u00e9cnico, comercial, l\u00edneas de aplicaci\u00f3n, etc.<\/p>\n<p>7. PLANTEAMIENTO DE APLICACI\u00d3N<br \/>\n7.1. Orientaci\u00f3n sobre los criterios b\u00e1sicos para la aplicaci\u00f3n de los pl\u00e1sticos a un fin concreto.<\/p>\n<p>&nbsp;<\/p>\n<p><strong>Precio<\/strong><br \/>\nCurso subvencionado<\/p>\n<p>&nbsp;<\/p>\n<p><strong>Profesorado<\/strong><\/p>\n<p><strong>D\u00f1a. Asunci\u00f3n Mart\u00ednez:<\/strong> Doctora en Ciencias Qu\u00edmicas. Investigadora principal en proyectos de investigaci\u00f3n nacionales y europeos sobre desarrollo de formulaciones de materiales pl\u00e1sticos, procesado de pl\u00e1sticos, fabricaci\u00f3n aditiva, moldes de inyecci\u00f3n, tratamiento de superficies, caracterizaci\u00f3n de termopl\u00e1sticos, etc. Profesora de la asignatura de materiales pl\u00e1sticos del Ciclo Medio y Ciclo Superior de \u201cT\u00e9cnico en operaciones de transformaci\u00f3n de pl\u00e1stico y caucho\u201d, as\u00ed como de otros cursos organizados por AIJU sobre materiales pl\u00e1sticos. Actualmente es responsable del \u00c1rea de Materiales Innovadores y Procesos de AIJU, realizando principalmente tareas de gesti\u00f3n de proyectos y servicios a las empresas. Posee experiencia en el desarrollo de nuevos materiales pl\u00e1sticos y su procesado para diversos sectores, en especial el juguete. Es docente habitual, ponente en conferencias y jornadas nacionales e internacionales y miembro del Comit\u00e9 de normalizaci\u00f3n ISO TC261 &#8220;Fabricaci\u00f3n aditiva&#8221;. Ha realizado diferentes publicaciones, dirigido proyectos de fin de carrera sobre pol\u00edmeros y procesado, etc.<\/p>\n<p>&nbsp;<\/p>\n<p><strong>D\u00f1a. Ana Ib\u00e1\u00f1ez:<\/strong> Ingeniera Industrial. Desde 2006, t\u00e9cnico especialista en el Instituto Tecnol\u00f3gico del Juguete (AIJU). Amplia experiencia en caracterizaci\u00f3n de materiales pl\u00e1sticos, procesado (extrusi\u00f3n e inyecci\u00f3n) de pl\u00e1sticos y pol\u00edmeros biodegradables. Investigadora principal de proyectos nacionales e internacionales sobre procesado de pl\u00e1sticos y desarrollo de formulaciones de pl\u00e1sticos. Extensa formaci\u00f3n en temas de procesado, materiales y nanomateriales. Ha participado en diversas publicaciones y es ponente en congresos y cursos de formaci\u00f3n vinculados a estas tem\u00e1ticas Actualmente desempe\u00f1a tareas gesti\u00f3n de proyectos y servicios a empresas.<\/p>\n<p>&nbsp;<\/p>\n<p><img fetchpriority=\"high\" decoding=\"async\" class=\"alignnone wp-image-6206\" src=\"https:\/\/formacionaiju.es\/wp-content\/uploads\/2024\/11\/logos-todos-460x46.png\" alt=\"\" width=\"710\" height=\"71\" srcset=\"https:\/\/formacionaiju.es\/wp-content\/uploads\/2024\/11\/logos-todos-460x46.png 460w, https:\/\/formacionaiju.es\/wp-content\/uploads\/2024\/11\/logos-todos-1024x103.png 1024w, https:\/\/formacionaiju.es\/wp-content\/uploads\/2024\/11\/logos-todos-768x77.png 768w, https:\/\/formacionaiju.es\/wp-content\/uploads\/2024\/11\/logos-todos-1536x154.png 1536w, https:\/\/formacionaiju.es\/wp-content\/uploads\/2024\/11\/logos-todos-300x30.png 300w, https:\/\/formacionaiju.es\/wp-content\/uploads\/2024\/11\/logos-todos-120x12.png 120w, https:\/\/formacionaiju.es\/wp-content\/uploads\/2024\/11\/logos-todos-310x31.png 310w, https:\/\/formacionaiju.es\/wp-content\/uploads\/2024\/11\/logos-todos.png 1768w\" sizes=\"(max-width: 710px) 100vw, 710px\" \/><\/p>\n","protected":false},"excerpt":{"rendered":"<p>Curso introductorio sobre termopl\u00e1sticos, orientado al conocimiento de sus propiedades, aplicaciones y tendencias del sector para su correcta selecci\u00f3n y uso industrial.<\/p>\n","protected":false},"featured_media":5611,"comment_status":"closed","ping_status":"closed","template":"","meta":{"_acf_changed":false,"_vibebp_attr":"","_vibebp_dimensions":"","_vibebp_responsive_height":"","_vibebp_accordion_ie_support":""},"product_brand":[],"product_cat":[136,178],"product_tag":[],"class_list":{"0":"post-7274","1":"product","2":"type-product","3":"status-publish","4":"has-post-thumbnail","6":"product_cat-subvencionados","7":"product_cat-plan-nacional-ocupados","9":"first","10":"instock","11":"shipping-taxable","12":"product-type-simple"},"acf":[],"_links":{"self":[{"href":"https:\/\/formacionaiju.es\/en\/wp-json\/wp\/v2\/product\/7274","targetHints":{"allow":["GET"]}}],"collection":[{"href":"https:\/\/formacionaiju.es\/en\/wp-json\/wp\/v2\/product"}],"about":[{"href":"https:\/\/formacionaiju.es\/en\/wp-json\/wp\/v2\/types\/product"}],"replies":[{"embeddable":true,"href":"https:\/\/formacionaiju.es\/en\/wp-json\/wp\/v2\/comments?post=7274"}],"version-history":[{"count":13,"href":"https:\/\/formacionaiju.es\/en\/wp-json\/wp\/v2\/product\/7274\/revisions"}],"predecessor-version":[{"id":7289,"href":"https:\/\/formacionaiju.es\/en\/wp-json\/wp\/v2\/product\/7274\/revisions\/7289"}],"wp:featuredmedia":[{"embeddable":true,"href":"https:\/\/formacionaiju.es\/en\/wp-json\/wp\/v2\/media\/5611"}],"wp:attachment":[{"href":"https:\/\/formacionaiju.es\/en\/wp-json\/wp\/v2\/media?parent=7274"}],"wp:term":[{"taxonomy":"product_brand","embeddable":true,"href":"https:\/\/formacionaiju.es\/en\/wp-json\/wp\/v2\/product_brand?post=7274"},{"taxonomy":"product_cat","embeddable":true,"href":"https:\/\/formacionaiju.es\/en\/wp-json\/wp\/v2\/product_cat?post=7274"},{"taxonomy":"product_tag","embeddable":true,"href":"https:\/\/formacionaiju.es\/en\/wp-json\/wp\/v2\/product_tag?post=7274"}],"curies":[{"name":"wp","href":"https:\/\/api.w.org\/{rel}","templated":true}]}}