{"id":7290,"date":"2026-03-04T13:25:40","date_gmt":"2026-03-04T11:25:40","guid":{"rendered":"https:\/\/formacionaiju.es\/?post_type=product&#038;p=7290"},"modified":"2026-04-09T11:40:35","modified_gmt":"2026-04-09T09:40:35","slug":"operaciones-de-extrusion-con-materiales-termoplasticos-teleformacion","status":"publish","type":"product","link":"https:\/\/formacionaiju.es\/en\/product\/operaciones-de-extrusion-con-materiales-termoplasticos-teleformacion\/","title":{"rendered":"Operaciones de extrusi\u00f3n con materiales termopl\u00e1sticos. (TELEFORMACI\u00d3N)"},"content":{"rendered":"<p><strong>Destinatarios\/as<\/strong><\/p>\n<p>Prioritariamente trabajadores en activo del sector qu\u00edmico\/pl\u00e1stico, aunque podr\u00e1 participar un porcentaje de desempleados.<\/p>\n<p>&nbsp;<\/p>\n<p><strong>Objetivos<\/strong><\/p>\n<p>Analizar los procesos espec\u00edficos de extrusi\u00f3n m\u00e1s representativos.<\/p>\n<p>&nbsp;<\/p>\n<p><strong>Contenido<\/strong><\/p>\n<p>1. Un poco de historia<br \/>\n2. \u00bfQu\u00e9 son los pl\u00e1sticos?<br \/>\n3. Energ\u00eda necesaria para una buena plastificaci\u00f3n<br \/>\n4. Ecuaci\u00f3n de flujo<br \/>\n5. El moldeo por extrusi\u00f3n.<br \/>\n5.1. La extrusora y sus componentes.<br \/>\n5.2. Tratamientos t\u00e9rmicos para cilindros y husillos<br \/>\n6. Producci\u00f3n m\u00e1quina de un husillo.<br \/>\n6.1. Influencia del tipo de husillo.<br \/>\n6.2. Influencia de las revoluciones del husillo.<br \/>\n6.3. Influencia de la temperatura de la masa.<br \/>\n6.4. Influencia del tipo de boquilla.<br \/>\n6.5. Influencia de la holgura cilindro-filete del husillo.<br \/>\n7. Eficacia del proceso productivo<br \/>\n7.1. La extrusora de un husillo: producci\u00f3n volum\u00e9trica de la extrusora.<br \/>\n7.2. Cantidad de material salida por la boquilla.<br \/>\n7.3. Gr\u00e1fico del \u00e1rea productiva de la extrusora.<br \/>\n7.4. La extrusora de varios husillos: extrusoras de doble husillo no engranados.<br \/>\n7.5. Extrusoras de doble husillo engranados corrotantes.<br \/>\n7.6. Extrusoras de doble husillo engranados contrarrotantes.<br \/>\n7.7. Extrusoras multihusillos.<br \/>\n7.8. Potencia de la extrusora: potencia generada en la c\u00e1mara de plastificaci\u00f3n. Potencia a suministrar en<br \/>\nel husillo.<br \/>\n8. Cabezales y boquillas de extrusi\u00f3n<br \/>\n9. C\u00e1lculo de la eficiencia del cabeza.<br \/>\n10. La l\u00ednea de extrusi\u00f3n y sus componentes:<br \/>\n10.1. La l\u00ednea de transformaci\u00f3n de termopl\u00e1sticos.<br \/>\n10.2. La l\u00ednea de transformaci\u00f3n de elast\u00f3meros<br \/>\n11. El control de la extrusi\u00f3n sistemas diversos de control<br \/>\n12. Aplicaciones<br \/>\n12.1. La extrusi\u00f3n celular.<br \/>\n12.2. Recubrimientos.<br \/>\n12.3. Rubos y perfiles.<br \/>\n12.4. Laminados.<br \/>\n12.5. Cuerpos hueco.<br \/>\n13. Ideas b\u00e1sicas de mantenimiento del equipo y su importancia t\u00e9cnica y<br \/>\necon\u00f3mica.<br \/>\n14. Problemas de la extrusi\u00f3n<\/p>\n<p>&nbsp;<\/p>\n<p><strong>Profesorado<\/strong><\/p>\n<p><strong>D. Jos\u00e9 Mart\u00ednez Garc\u00eda. <\/strong>Licenciado en qu\u00edmica industrial y t\u00e9cnico superior en prevenci\u00f3n de riesgos laborales, con una amplia experiencia en la industria qu\u00edmica, en varios sectores, desde la s\u00edntesis de principios activos qu\u00edmico-farmac\u00e9uticos a la fabricaci\u00f3n de pol\u00edmeros, pasando por la formulaci\u00f3n de recubrimientos y cosm\u00e9ticos. Ha desarrollado su actividad a su vez en diversos departamentos, por lo que tiene un conocimiento global muy extenso tanto de procesos qu\u00edmicos como de gesti\u00f3n y control de los mismos. Profesor curso del \u00e1rea qu\u00edmica y tutor de cursos online del Colegio oficial de qu\u00edmicos de Murcia y AIJU.<\/p>\n<p>&nbsp;<\/p>\n<p><strong>Precio<\/strong><\/p>\n<p>Gratuito.<\/p>\n<p>&nbsp;<\/p>\n<p><strong>Observaciones<\/strong><\/p>\n<p>Este curso es gratuito &#8211; subvencionado, est\u00e1 dirigido prioritariamente a trabajadores aunque podr\u00e1n participar un porcentaje de desempleados.<\/p>\n<p><img fetchpriority=\"high\" decoding=\"async\" class=\"wp-image-7291 alignleft\" src=\"https:\/\/formacionaiju.es\/wp-content\/uploads\/2026\/03\/logos-teleformacion-460x92.png\" alt=\"\" width=\"690\" height=\"138\" srcset=\"https:\/\/formacionaiju.es\/wp-content\/uploads\/2026\/03\/logos-teleformacion-460x92.png 460w, https:\/\/formacionaiju.es\/wp-content\/uploads\/2026\/03\/logos-teleformacion-1024x206.png 1024w, https:\/\/formacionaiju.es\/wp-content\/uploads\/2026\/03\/logos-teleformacion-768x154.png 768w, https:\/\/formacionaiju.es\/wp-content\/uploads\/2026\/03\/logos-teleformacion-1536x308.png 1536w, https:\/\/formacionaiju.es\/wp-content\/uploads\/2026\/03\/logos-teleformacion-300x60.png 300w, https:\/\/formacionaiju.es\/wp-content\/uploads\/2026\/03\/logos-teleformacion-120x24.png 120w, https:\/\/formacionaiju.es\/wp-content\/uploads\/2026\/03\/logos-teleformacion-310x62.png 310w, https:\/\/formacionaiju.es\/wp-content\/uploads\/2026\/03\/logos-teleformacion.png 1768w\" sizes=\"(max-width: 690px) 100vw, 690px\" \/><\/p>\n","protected":false},"excerpt":{"rendered":"<p>Analiza los procesos espec\u00edficos de extrusi\u00f3n m\u00e1s representativos.<\/p>\n","protected":false},"featured_media":5762,"comment_status":"closed","ping_status":"closed","template":"","meta":{"_acf_changed":false,"_vibebp_attr":"","_vibebp_dimensions":"","_vibebp_responsive_height":"","_vibebp_accordion_ie_support":""},"product_brand":[],"product_cat":[178,177],"product_tag":[],"class_list":{"0":"post-7290","1":"product","2":"type-product","3":"status-publish","4":"has-post-thumbnail","6":"product_cat-plan-nacional-ocupados","7":"product_cat-teleformacion-gratuito-subvencionado","9":"first","10":"instock","11":"shipping-taxable","12":"product-type-simple"},"acf":[],"_links":{"self":[{"href":"https:\/\/formacionaiju.es\/en\/wp-json\/wp\/v2\/product\/7290","targetHints":{"allow":["GET"]}}],"collection":[{"href":"https:\/\/formacionaiju.es\/en\/wp-json\/wp\/v2\/product"}],"about":[{"href":"https:\/\/formacionaiju.es\/en\/wp-json\/wp\/v2\/types\/product"}],"replies":[{"embeddable":true,"href":"https:\/\/formacionaiju.es\/en\/wp-json\/wp\/v2\/comments?post=7290"}],"version-history":[{"count":5,"href":"https:\/\/formacionaiju.es\/en\/wp-json\/wp\/v2\/product\/7290\/revisions"}],"predecessor-version":[{"id":7383,"href":"https:\/\/formacionaiju.es\/en\/wp-json\/wp\/v2\/product\/7290\/revisions\/7383"}],"wp:featuredmedia":[{"embeddable":true,"href":"https:\/\/formacionaiju.es\/en\/wp-json\/wp\/v2\/media\/5762"}],"wp:attachment":[{"href":"https:\/\/formacionaiju.es\/en\/wp-json\/wp\/v2\/media?parent=7290"}],"wp:term":[{"taxonomy":"product_brand","embeddable":true,"href":"https:\/\/formacionaiju.es\/en\/wp-json\/wp\/v2\/product_brand?post=7290"},{"taxonomy":"product_cat","embeddable":true,"href":"https:\/\/formacionaiju.es\/en\/wp-json\/wp\/v2\/product_cat?post=7290"},{"taxonomy":"product_tag","embeddable":true,"href":"https:\/\/formacionaiju.es\/en\/wp-json\/wp\/v2\/product_tag?post=7290"}],"curies":[{"name":"wp","href":"https:\/\/api.w.org\/{rel}","templated":true}]}}