{"id":7332,"date":"2026-03-18T12:35:05","date_gmt":"2026-03-18T10:35:05","guid":{"rendered":"https:\/\/formacionaiju.es\/?post_type=product&#038;p=7332"},"modified":"2026-03-23T10:51:27","modified_gmt":"2026-03-23T08:51:27","slug":"uso-de-ia-generativa","status":"publish","type":"product","link":"https:\/\/formacionaiju.es\/en\/product\/uso-de-ia-generativa\/","title":{"rendered":"Uso de IA Generativa"},"content":{"rendered":"<p><strong>Destinatarios\/as<\/strong><br \/>\nTrabajadores en activo, desempleados\/as.<\/p>\n<p>&nbsp;<\/p>\n<p><strong>Objetivos<\/strong><br \/>\n-Comprender los conceptos fundamentales de la IA generativa.<br \/>\n-Familiarizarse con los Modelos de Lenguaje de Gran Escala (LLMs) y sus caracter\u00edsticas principales.<br \/>\n-Explorar un moodelo inteligente junto con sus diferentes capacidades.<br \/>\n-Dise\u00f1ar prompts efectivos para interactuar con LLMs y manejar sus limitaciones t\u00e9cnicas.<br \/>\n-Adentrarse en la creaci\u00f3n de proyectos y asistentes dentro de los modelos de lenguaje.<br \/>\n-Desarrollar habilidades pr\u00e1cticas en la utilizaci\u00f3n de modelos de lenguaje en sus diferentes funciones y recibir retroalimentaci\u00f3n para mejorar en el uso de IA generativa.<\/p>\n<p>&nbsp;<\/p>\n<p><strong>Contenido<\/strong><br \/>\nEste curso intensivo est\u00e1 dise\u00f1ado para proporcionar una comprensi\u00f3n te\u00f3rica y pr\u00e1ctica del uso de la IA generativa. Dividido en dos sesiones complementarias, combinando teor\u00eda y pr\u00e1ctica, el curso ofrece un enfoque completo para aprovechar las tecnolog\u00edas avanzadas de IA.<\/p>\n<p><strong>Sesi\u00f3n 1:<\/strong><br \/>\nEn la primera sesi\u00f3n, se explorar\u00e1n los conceptos fundamentales y las tecnolog\u00edas subyacentes que sustentan la IA generativa y los modelos de lenguaje de gran escala (LLMs). Los participantes aprender\u00e1n sobre:<\/p>\n<p><strong>1.Introducci\u00f3n a la IA Generativa<\/strong><br \/>\n-Definici\u00f3n y aplicaciones actuales de la IA generativa en diversos campos.<br \/>\n-Evoluci\u00f3n hist\u00f3rica y futuro de la IA generativa.<br \/>\n<strong>2.Modelos de Lenguaje de Gran Escala (LLMs)<\/strong><br \/>\n-Conceptos clave: \u00bfQu\u00e9 son los LLMs y c\u00f3mo funcionan?<br \/>\n-Modelos state of the art: GPT-4, Gemini, Claude.<br \/>\n-Servicios disponibles: ChatGPT(OpenAI), Gemini (Google), Claude(Anthropic), Llama(Meta), etc.<br \/>\n-Riesgos y sesgos de la Inteligencia Artificial y de los Modelos de Lenguaje.<br \/>\n<strong>3.Prompt y Prompt Engineering<\/strong><br \/>\n-Estrategias para dise\u00f1ar prompts efectivos y manejar limitaciones como el tama\u00f1o de contexto y las alucinaciones.<br \/>\n-Buenas pr\u00e1cticas en Prompt Engineering para la mejora de la precisi\u00f3n del Modelo.<br \/>\n-Taller pr\u00e1ctico sobre la creaci\u00f3n de prompts para obtener resultados \u00f3ptimos de los LLMs.<\/p>\n<p><strong>Sesi\u00f3n 2:<\/strong><br \/>\nLa segunda sesi\u00f3n se centrar\u00e1 en funciones m\u00e1s avanzadas dentro de la herramienta ChatGPT, donde los participantes aprender\u00e1n a:<\/p>\n<p><strong>4.Funcionalidades de ChatGPT<\/strong><br \/>\n-Familiarizaci\u00f3n con las funciones de creaci\u00f3n y modificaci\u00f3n de im\u00e1genes, modo lienzo, investigaci\u00f3n avanzada, modo agente, etc.<br \/>\n<strong>5.Asistentes y proyectos de ChatGPT<\/strong><br \/>\n-Revisi\u00f3n desde cero de los conceptos dentro de los Asistentes y los Proyectos.<br \/>\n-Casos de estudio y ejemplos pr\u00e1cticos.<br \/>\n<strong>6.Feedback<\/strong><\/p>\n<p>Al finalizar el curso, los participantes estar\u00e1n equipados con los conocimientos y habilidades necesarios para integrar de manera efectiva la IA generativa en sus tareas diarias, asegurando un uso eficiente y preciso.<\/p>\n<p>&nbsp;<\/p>\n<p><strong>Profesorado:<\/strong><\/p>\n<p><strong>Sergio Rozas<\/strong> es t\u00e9cnico en AIJU.\u00a0 T\u00e9cnico Superior en Desarrollo de Aplicaciones Web y Graduado en Ingenier\u00eda Inform\u00e1tica por la Universitat Polit\u00e8cnica de Val\u00e8ncia. Actualmente cursa el M\u00e1ster Universitario en Ciencia de Datos en la Universitat Oberta de Catalunya. Su actividad profesional se centra en el desarrollo y ejecuci\u00f3n de proyectos de I+D orientados a la aplicaci\u00f3n de Inteligencia Artificial en distintos sectores, impulsando la innovaci\u00f3n tecnol\u00f3gica y contribuyendo a la digitalizaci\u00f3n y optimizaci\u00f3n de procesos en \u00e1mbitos empresariales e industriales.<\/p>\n<p><strong>Parham Khomarlou<\/strong> es T\u00e9cnico en Tecnolog\u00edas Digitales e Inteligencia Artificial en AIJU, especializado en inteligencia artificial aplicada, machine learning, an\u00e1lisis de datos y transformaci\u00f3n digital. Ha participado en proyectos de I+D vinculados a salud, sostenibilidad, bienestar social y entornos industriales, desarrollando soluciones basadas en IA, NLP y sistemas de recomendaci\u00f3n. Cuenta con experiencia en formaci\u00f3n pr\u00e1ctica para empresas sobre IA generativa, herramientas como ChatGPT, automatizaci\u00f3n y adopci\u00f3n de asistentes inteligentes. Es M\u00e1ster en Tecnolog\u00edas, Sistemas y Redes de Telecomunicaci\u00f3n por la Universidad Polit\u00e8cnica de Val\u00e8ncia y actualmente es estudiante de doctorado en la UPV.<\/p>\n<p>&nbsp;<\/p>\n<p><strong>Precio:<\/strong><br \/>\nAsociados\/as AIJU\/desempleados\/as: 100 euros; 2\u00ba asistente y siguientes de la misma empresa: 90 euros.<br \/>\nNo asociados\/as AIJU: 120 euros; 2\u00ba asistente y siguientes de la misma empresa: 108 euros. <strong>La gesti\u00f3n de la bonificaci\u00f3n para no socios supondr\u00e1 un incremento de 30\u20ac<\/strong><br \/>\n<strong>Coste m\u00e1ximo bonificable por alumno: 52\u20ac<\/strong><\/p>\n<p>&nbsp;<\/p>\n<p><strong>Observaciones<\/strong><br \/>\nUna vez aceptada su solicitud, AIJU le indicar\u00e1 cu\u00e1ndo debe efectuar el pago.<br \/>\nIMPORTANTE: La solicitud de preinscripci\u00f3n es tambi\u00e9n un compromiso de pago en caso de ser admitido en la acci\u00f3n formativa. S\u00f3lo se admitir\u00e1n cancelaciones con derecho a devoluci\u00f3n o anulaci\u00f3n del pago, si se comunican a AIJU con al menos 5 d\u00edas laborables de antelaci\u00f3n a la fecha de inicio. Una vez confirmada la plaza al alumno\/a, si \u00e9ste no asistiera al curso y no lo notifica, se le cobrar\u00e1 el importe integro del mismo.<br \/>\n* BONIFICACI\u00d3N CURSOS: el importe de este curso puede bonificarse parcialmente si se solicita a la FUNDAE. Gesti\u00f3n de la bonificaci\u00f3n gratuita para asociados por parte de AIJU. Cons\u00faltenos.<\/p>\n","protected":false},"excerpt":{"rendered":"<p>Curso pr\u00e1ctico de IA generativa para aprender a utilizar modelos como ChatGPT y dise\u00f1ar prompts eficaces aplicados a casos reales.<\/p>\n","protected":false},"featured_media":7333,"comment_status":"closed","ping_status":"closed","template":"","meta":{"_acf_changed":false,"_vibebp_attr":"","_vibebp_dimensions":"","_vibebp_responsive_height":"","_vibebp_accordion_ie_support":""},"product_brand":[],"product_cat":[36],"product_tag":[],"class_list":{"0":"post-7332","1":"product","2":"type-product","3":"status-publish","4":"has-post-thumbnail","6":"product_cat-parcialmente-bonificable","8":"first","9":"instock","10":"shipping-taxable","11":"product-type-simple"},"acf":[],"_links":{"self":[{"href":"https:\/\/formacionaiju.es\/en\/wp-json\/wp\/v2\/product\/7332","targetHints":{"allow":["GET"]}}],"collection":[{"href":"https:\/\/formacionaiju.es\/en\/wp-json\/wp\/v2\/product"}],"about":[{"href":"https:\/\/formacionaiju.es\/en\/wp-json\/wp\/v2\/types\/product"}],"replies":[{"embeddable":true,"href":"https:\/\/formacionaiju.es\/en\/wp-json\/wp\/v2\/comments?post=7332"}],"version-history":[{"count":18,"href":"https:\/\/formacionaiju.es\/en\/wp-json\/wp\/v2\/product\/7332\/revisions"}],"predecessor-version":[{"id":7340,"href":"https:\/\/formacionaiju.es\/en\/wp-json\/wp\/v2\/product\/7332\/revisions\/7340"}],"wp:featuredmedia":[{"embeddable":true,"href":"https:\/\/formacionaiju.es\/en\/wp-json\/wp\/v2\/media\/7333"}],"wp:attachment":[{"href":"https:\/\/formacionaiju.es\/en\/wp-json\/wp\/v2\/media?parent=7332"}],"wp:term":[{"taxonomy":"product_brand","embeddable":true,"href":"https:\/\/formacionaiju.es\/en\/wp-json\/wp\/v2\/product_brand?post=7332"},{"taxonomy":"product_cat","embeddable":true,"href":"https:\/\/formacionaiju.es\/en\/wp-json\/wp\/v2\/product_cat?post=7332"},{"taxonomy":"product_tag","embeddable":true,"href":"https:\/\/formacionaiju.es\/en\/wp-json\/wp\/v2\/product_tag?post=7332"}],"curies":[{"name":"wp","href":"https:\/\/api.w.org\/{rel}","templated":true}]}}