{"id":7354,"date":"2026-03-23T10:43:06","date_gmt":"2026-03-23T08:43:06","guid":{"rendered":"https:\/\/formacionaiju.es\/?post_type=product&#038;p=7354"},"modified":"2026-03-23T11:12:03","modified_gmt":"2026-03-23T09:12:03","slug":"diseno-asistido-por-ordenador-con-nx-nivel-1","status":"publish","type":"product","link":"https:\/\/formacionaiju.es\/en\/product\/diseno-asistido-por-ordenador-con-nx-nivel-1\/","title":{"rendered":"Dise\u00f1o asistido por ordenador con NX. Nivel 1"},"content":{"rendered":"<p><span style=\"color: #000000;\"><strong>Destinatarios\/as<\/strong><\/span><\/p>\n<p><span style=\"color: #000000;\">Trabajadores\/as en activo, desempleados\/as. Dirigido a personas sin experiencia previa en Siemens NX o con conocimientos muy b\u00e1sicos en dise\u00f1o CAD. Se recomienda conocimientos t\u00e9cnicos b\u00e1sicos (interpretaci\u00f3n de planos, nociones de fabricaci\u00f3n).<\/span><\/p>\n<p>&nbsp;<\/p>\n<p><strong><span style=\"color: #000000;\">Objetivos<\/span><\/strong><\/p>\n<p><span style=\"color: #000000;\">Capacitar a los participantes para desenvolverse de forma aut\u00f3noma en el entorno de Siemens NX, permiti\u00e9ndoles crear, modificar y gestionar modelos 3D b\u00e1sicos, as\u00ed como interpretar planos t\u00e9cnicos.<\/span><\/p>\n<p>&nbsp;<\/p>\n<p><strong><span style=\"color: #000000;\"> Contenido<\/span><\/strong><\/p>\n<p><span style=\"color: #000000;\"><strong>1. Introducci\u00f3n a NX<\/strong><\/span><br \/>\n<span style=\"color: #000000;\">-Entorno de trabajo<\/span><br \/>\n<span style=\"color: #000000;\">-Navegaci\u00f3n y configuraci\u00f3n<\/span><br \/>\n<span style=\"color: #000000;\"><strong>2. Bocetos (Sketch)<\/strong><\/span><br \/>\n<span style=\"color: #000000;\">-Creaci\u00f3n de croquis<\/span><br \/>\n<span style=\"color: #000000;\">-Restricciones y cotas<\/span><br \/>\n<span style=\"color: #000000;\"><strong>3. Modelado 3D<\/strong><\/span><br \/>\n<span style=\"color: #000000;\">-Extrusi\u00f3n<\/span><br \/>\n<span style=\"color: #000000;\">-Revoluci\u00f3n<\/span><br \/>\n<span style=\"color: #000000;\">-Operaciones b\u00e1sicas<\/span><br \/>\n<span style=\"color: #000000;\"><strong>4. Edici\u00f3n de piezas<\/strong><\/span><br \/>\n<span style=\"color: #000000;\">-Modificaci\u00f3n de operaciones<\/span><br \/>\n<span style=\"color: #000000;\">-Gesti\u00f3n del \u00e1rbol de operaciones<\/span><br \/>\n<span style=\"color: #000000;\"><strong>5. Introducci\u00f3n a ensamblajes<\/strong><\/span><br \/>\n<span style=\"color: #000000;\">-Inserci\u00f3n de componentes<\/span><br \/>\n<span style=\"color: #000000;\">-Restricciones b\u00e1sicas<\/span><br \/>\n<span style=\"color: #000000;\"><strong>6. Planos<\/strong><\/span><br \/>\n<span style=\"color: #000000;\">-Generaci\u00f3n de vistas<\/span><br \/>\n<span style=\"color: #000000;\">-Acotaci\u00f3n b\u00e1sica<\/span><\/p>\n<p>&nbsp;<\/p>\n<p><span style=\"color: #000000;\"><strong>Profesorado<\/strong><\/span><br \/>\n<span style=\"color: #000000;\"><strong>Agust\u00edn Merlos.<\/strong> Ingeniero T\u00e9cnico Industrial | MBA | Especialista en Dise\u00f1o CAD 3D, Lean Manufacturing y Operaciones.<\/span><br \/>\n<span style=\"color: #000000;\">Profesional con m\u00e1s de 10 a\u00f1os de experiencia en dise\u00f1o industrial y desarrollo de maquinaria, trabajando con herramientas CAD como Siemens NX, Autodesk Inventor, SolidWorks y AutoCAD.<\/span><br \/>\n<span style=\"color: #000000;\">Posteriormente, ha desempe\u00f1ado funciones en direcci\u00f3n de operaciones, liderando proyectos de mejora continua, optimizaci\u00f3n de procesos y transformaci\u00f3n industrial.<\/span><br \/>\n<span style=\"color: #000000;\">Actualmente trabaja como consultor y formador en Lean Management, adem\u00e1s de colaborar como Interim en proyectos de operaciones, ayudando a empresas a mejorar su eficiencia y competitividad.<\/span><\/p>\n<p>&nbsp;<\/p>\n<p><strong><span style=\"color: #000000;\">Precio<\/span><\/strong><br \/>\n<span style=\"color: #000000;\">Asociados\/as AIJU\/desempleados\/as: 390 euros; 2\u00ba asistente y siguientes de la misma empresa: 350 euros.<\/span><br \/>\n<span style=\"color: #000000;\">No asociados\/as AIJU: 468 euros; 2\u00ba asistente y siguientes de la misma empresa: 420 euros.<strong> La gesti\u00f3n de la bonificaci\u00f3n para no socios supondr\u00e1 un incremento de 30\u20ac<\/strong><\/span><br \/>\n<strong><span style=\"color: #000000;\">Coste m\u00e1ximo bonificable por alumno: 390\u20ac<\/span><\/strong><\/p>\n<p>&nbsp;<\/p>\n<p><strong><span style=\"color: #000000;\">Observaciones<\/span><\/strong><br \/>\n<span style=\"color: #000000;\">Una vez aceptada su solicitud, AIJU le indicar\u00e1 cu\u00e1ndo debe efectuar el pago.<\/span><br \/>\n<span style=\"color: #000000;\">IMPORTANTE: La solicitud de preinscripci\u00f3n es tambi\u00e9n un compromiso de pago en caso de ser admitido en la acci\u00f3n formativa. S\u00f3lo se admitir\u00e1n cancelaciones con derecho a devoluci\u00f3n o anulaci\u00f3n del pago, si se comunican a AIJU con al menos 5 d\u00edas laborables de antelaci\u00f3n a la fecha de inicio. Una vez confirmada la plaza al alumno\/a, si \u00e9ste no asistiera al curso y no lo notifica, se le cobrar\u00e1 el importe integro del mismo.<\/span><br \/>\n<span style=\"color: #000000;\">* BONIFICACI\u00d3N CURSOS: el importe de este curso puede bonificarse si se solicita a la FUNDAE. Gesti\u00f3n de la bonificaci\u00f3n gratuita para asociados por parte de AIJU. Cons\u00faltenos.<\/span><\/p>\n<p>&nbsp;<\/p>\n","protected":false},"excerpt":{"rendered":"<p>Formaci\u00f3n pr\u00e1ctica en Siemens NX para iniciarse en el dise\u00f1o CAD 3D, creando modelos y piezas con herramientas profesionales y adquiriendo competencias b\u00e1sicas en modelado y planos t\u00e9cnicos.<\/p>\n","protected":false},"featured_media":7358,"comment_status":"closed","ping_status":"closed","template":"","meta":{"_acf_changed":false,"_vibebp_attr":"","_vibebp_dimensions":"","_vibebp_responsive_height":"","_vibebp_accordion_ie_support":""},"product_brand":[],"product_cat":[32],"product_tag":[],"class_list":{"0":"post-7354","1":"product","2":"type-product","3":"status-publish","4":"has-post-thumbnail","6":"product_cat-bonificable","8":"first","9":"instock","10":"shipping-taxable","11":"product-type-simple"},"acf":[],"_links":{"self":[{"href":"https:\/\/formacionaiju.es\/en\/wp-json\/wp\/v2\/product\/7354","targetHints":{"allow":["GET"]}}],"collection":[{"href":"https:\/\/formacionaiju.es\/en\/wp-json\/wp\/v2\/product"}],"about":[{"href":"https:\/\/formacionaiju.es\/en\/wp-json\/wp\/v2\/types\/product"}],"replies":[{"embeddable":true,"href":"https:\/\/formacionaiju.es\/en\/wp-json\/wp\/v2\/comments?post=7354"}],"version-history":[{"count":6,"href":"https:\/\/formacionaiju.es\/en\/wp-json\/wp\/v2\/product\/7354\/revisions"}],"predecessor-version":[{"id":7367,"href":"https:\/\/formacionaiju.es\/en\/wp-json\/wp\/v2\/product\/7354\/revisions\/7367"}],"wp:featuredmedia":[{"embeddable":true,"href":"https:\/\/formacionaiju.es\/en\/wp-json\/wp\/v2\/media\/7358"}],"wp:attachment":[{"href":"https:\/\/formacionaiju.es\/en\/wp-json\/wp\/v2\/media?parent=7354"}],"wp:term":[{"taxonomy":"product_brand","embeddable":true,"href":"https:\/\/formacionaiju.es\/en\/wp-json\/wp\/v2\/product_brand?post=7354"},{"taxonomy":"product_cat","embeddable":true,"href":"https:\/\/formacionaiju.es\/en\/wp-json\/wp\/v2\/product_cat?post=7354"},{"taxonomy":"product_tag","embeddable":true,"href":"https:\/\/formacionaiju.es\/en\/wp-json\/wp\/v2\/product_tag?post=7354"}],"curies":[{"name":"wp","href":"https:\/\/api.w.org\/{rel}","templated":true}]}}