{"id":7384,"date":"2026-03-27T11:15:43","date_gmt":"2026-03-27T09:15:43","guid":{"rendered":"https:\/\/formacionaiju.es\/?post_type=product&#038;p=7384"},"modified":"2026-04-15T11:13:14","modified_gmt":"2026-04-15T09:13:14","slug":"b1-preliminary-success-with-business","status":"publish","type":"product","link":"https:\/\/formacionaiju.es\/en\/product\/b1-preliminary-success-with-business\/","title":{"rendered":"B1 Preliminary &#8211; SUCCESS WITH BUSINESS"},"content":{"rendered":"<p><span style=\"color: #000000;\"><strong>Destinatarios<\/strong><\/span><br \/>\n<span style=\"color: #000000;\">Trabajadores\/as en activo, desempleados\/as.<\/span><\/p>\n<p>&nbsp;<\/p>\n<p><strong><span style=\"color: #000000;\">Objetivos<\/span><\/strong><br \/>\n<span style=\"color: #000000;\">\u2013 Mejorar las capacidades de ingl\u00e9s comercial tanto orales como escritas seg\u00fan las necesidades de los alumnos integrantes del grupo.<\/span><br \/>\n<span style=\"color: #000000;\">\u2013 Capacitar al alumnado para utilizar el idioma con soltura y eficacia en situaciones habituales o espec\u00edficas que requieran comprender, producir y tratar textos orales y escritos, conceptual y ling\u00fc\u00edsticamente complejos, en una variedad de lengua est\u00e1ndar, con un repertorio l\u00e9xico amplio y que versen sobre temas generales, actuales o propios del \u00e1mbito empresarial y de negocios.<\/span><br \/>\n<span style=\"color: #000000;\">\u2013 Mejorar la capacidad de respuesta espont\u00e1nea en idioma ingl\u00e9s, con coherencia y complejidad ling\u00fc\u00edstica.<\/span><\/p>\n<p>&nbsp;<\/p>\n<p><span style=\"color: #000000;\"><strong>Contenidos<\/strong><\/span><br \/>\n<strong><span style=\"color: #000000;\">Unit 1 \u2013 World of work<\/span><\/strong><br \/>\n<span style=\"color: #000000;\">Reading: Training and workshops<\/span><br \/>\n<span style=\"color: #000000;\">Listening: What does your job involve?<\/span><br \/>\n<span style=\"color: #000000;\">Grammar: The present simple \u2013 Adverbs and expressions of frequency<\/span><br \/>\n<span style=\"color: #000000;\">Speaking: Work-life balance<\/span><br \/>\n<strong><span style=\"color: #000000;\">Unit 2 \u2013 Work in progress<\/span><\/strong><br \/>\n<span style=\"color: #000000;\">Listening: New projects<\/span><br \/>\n<span style=\"color: #000000;\">Grammar: The present continuous<\/span><br \/>\n<span style=\"color: #000000;\">Reading: Flexible working<\/span><br \/>\n<span style=\"color: #000000;\">Speaking: Pros and cons of flexible working<\/span><br \/>\n<span style=\"color: #000000;\">Vocabulary: Hiring and firing<\/span><br \/>\n<strong><span style=\"color: #000000;\">Unit 3 \u2013 Company biography<\/span><\/strong><br \/>\n<span style=\"color: #000000;\">Reading: The man behind McDonald\u2019s<\/span><br \/>\n<span style=\"color: #000000;\">Grammar: The past simple<\/span><br \/>\n<span style=\"color: #000000;\">Reading: Company profiles<\/span><br \/>\n<span style=\"color: #000000;\">Speaking: Presenting your company<\/span><\/p>\n<p>&nbsp;<\/p>\n<p><strong><span style=\"color: #000000;\">Precio<\/span><\/strong><br \/>\n<span style=\"color: #000000;\">Asociados: 165\u20ac<\/span><br \/>\n<span style=\"color: #000000;\">No asociados: 195\u20ac. <strong>La gesti\u00f3n de la bonificaci\u00f3n para no socios supondr\u00e1 un incremento de 30\u20ac.<\/strong><\/span><br \/>\n<strong><span style=\"color: #000000;\">Coste m\u00e1ximo bonificable por alumno: 195\u20ac<\/span><\/strong><\/p>\n<p>&nbsp;<\/p>\n<p><strong><span style=\"color: #000000;\">Observaciones<\/span><\/strong><br \/>\n<span style=\"color: #000000;\">Una vez aceptada su solicitud, AIJU le indicar\u00e1 cu\u00e1ndo debe efectuar el pago.<\/span><br \/>\n<span style=\"color: #000000;\">IMPORTANTE: La solicitud de preinscripci\u00f3n es tambi\u00e9n un compromiso de pago en caso de ser admitido en la acci\u00f3n formativa. S\u00f3lo se admitir\u00e1n cancelaciones con derecho a devoluci\u00f3n o anulaci\u00f3n del pago, si se comunican a AIJU con al menos 5 d\u00edas laborables de antelaci\u00f3n a la fecha de inicio. Una vez confirmada la plaza al alumno\/a, si \u00e9ste no asistiera al curso y no lo notifica, se le cobrar\u00e1 el importe integro del mismo.<\/span><br \/>\n<span style=\"color: #000000;\">* BONIFICACI\u00d3N CURSOS: el importe de este curso puede bonificarse si se solicita a la FUNDAE. Gesti\u00f3n de la bonificaci\u00f3n gratuita por parte de AIJU. Cons\u00faltenos.<\/span><br \/>\n<span style=\"color: #000000;\">AIJU se reserva el derecho a anular o aplazar este curso si no se llega a un m\u00ednimo de inscripciones.<\/span><\/p>\n","protected":false},"excerpt":{"rendered":"<p>\u00bfQuieres mejorar las habilidades de ingl\u00e9s comercial tanto oral como escritas? Con este curso optimizar\u00e1s con ingl\u00e9s m\u00e1s avanzado la comunicaci\u00f3n en el idioma y mejorar\u00e1s la fluidez y precisi\u00f3n ling\u00fc\u00edstica.<\/p>\n","protected":false},"featured_media":7385,"comment_status":"closed","ping_status":"closed","template":"","meta":{"_acf_changed":false,"_vibebp_attr":"","_vibebp_dimensions":"","_vibebp_responsive_height":"","_vibebp_accordion_ie_support":""},"product_brand":[],"product_cat":[32,162],"product_tag":[],"class_list":{"0":"post-7384","1":"product","2":"type-product","3":"status-publish","4":"has-post-thumbnail","6":"product_cat-bonificable","7":"product_cat-en-marcha","9":"first","10":"instock","11":"shipping-taxable","12":"product-type-simple"},"acf":[],"_links":{"self":[{"href":"https:\/\/formacionaiju.es\/en\/wp-json\/wp\/v2\/product\/7384","targetHints":{"allow":["GET"]}}],"collection":[{"href":"https:\/\/formacionaiju.es\/en\/wp-json\/wp\/v2\/product"}],"about":[{"href":"https:\/\/formacionaiju.es\/en\/wp-json\/wp\/v2\/types\/product"}],"replies":[{"embeddable":true,"href":"https:\/\/formacionaiju.es\/en\/wp-json\/wp\/v2\/comments?post=7384"}],"version-history":[{"count":4,"href":"https:\/\/formacionaiju.es\/en\/wp-json\/wp\/v2\/product\/7384\/revisions"}],"predecessor-version":[{"id":7398,"href":"https:\/\/formacionaiju.es\/en\/wp-json\/wp\/v2\/product\/7384\/revisions\/7398"}],"wp:featuredmedia":[{"embeddable":true,"href":"https:\/\/formacionaiju.es\/en\/wp-json\/wp\/v2\/media\/7385"}],"wp:attachment":[{"href":"https:\/\/formacionaiju.es\/en\/wp-json\/wp\/v2\/media?parent=7384"}],"wp:term":[{"taxonomy":"product_brand","embeddable":true,"href":"https:\/\/formacionaiju.es\/en\/wp-json\/wp\/v2\/product_brand?post=7384"},{"taxonomy":"product_cat","embeddable":true,"href":"https:\/\/formacionaiju.es\/en\/wp-json\/wp\/v2\/product_cat?post=7384"},{"taxonomy":"product_tag","embeddable":true,"href":"https:\/\/formacionaiju.es\/en\/wp-json\/wp\/v2\/product_tag?post=7384"}],"curies":[{"name":"wp","href":"https:\/\/api.w.org\/{rel}","templated":true}]}}