{"id":7407,"date":"2026-04-14T12:41:32","date_gmt":"2026-04-14T10:41:32","guid":{"rendered":"https:\/\/formacionaiju.es\/?post_type=product&#038;p=7407"},"modified":"2026-04-14T12:47:42","modified_gmt":"2026-04-14T10:47:42","slug":"webinar-metodologias-agiles-y-participativas-para-el-desarrollo-de-productos-infantiles-resultados-del-proyecto-agile-cv","status":"publish","type":"product","link":"https:\/\/formacionaiju.es\/en\/product\/webinar-metodologias-agiles-y-participativas-para-el-desarrollo-de-productos-infantiles-resultados-del-proyecto-agile-cv\/","title":{"rendered":"WEBINAR: Metodolog\u00edas \u00e1giles y participativas para el desarrollo de productos infantiles: resultados del proyecto AGILE-CV"},"content":{"rendered":"<p><strong>Destinatarios<\/strong><br \/>\nPersonas trabajadoras en activo o en situaci\u00f3n de desempleo vinculadas al sector del producto infantil, as\u00ed como profesionales de otros sectores industriales interesados en mejorar sus procesos de desarrollo de producto mediante metodolog\u00edas \u00e1giles y enfoques centrados en el usuario.<br \/>\n\u2022Personal t\u00e9cnico de departamentos de I+D y desarrollo de producto.<br \/>\n\u2022Equipos de dise\u00f1o y experiencia de usuario (UX)<br \/>\n\u2022Personal de marketing y desarrollo de negocio vinculado a producto<br \/>\n\u2022Profesionales de innovaci\u00f3n y transformaci\u00f3n de procesos<\/p>\n<p>&nbsp;<\/p>\n<p><strong><span style=\"color: #000000;\">Objetivos<\/span><\/strong><br \/>\n<span style=\"color: #000000;\">\u2022Presentar los principales resultados del proyecto AGILE-CV en el \u00e1mbito de las metodolog\u00edas \u00e1giles aplicadas al desarrollo de productos.<\/span><br \/>\n<span style=\"color: #000000;\">\u2022Dar a conocer las herramientas, procesos y enfoques metodol\u00f3gicos desarrollados por AIJU para el sector infantil.<\/span><br \/>\n<span style=\"color: #000000;\">\u2022Mostrar la aplicaci\u00f3n pr\u00e1ctica de metodolog\u00edas \u00e1giles mediante casos de uso en el sector juguetero.<\/span><br \/>\n<span style=\"color: #000000;\">\u2022Facilitar claves para la implementaci\u00f3n de estas metodolog\u00edas en entornos empresariales.<\/span><\/p>\n<p>&nbsp;<\/p>\n<p><strong><span style=\"color: #000000;\">Contenido<\/span><\/strong><br \/>\n<span style=\"color: #000000;\">-Contexto y retos actuales en el sector juguetero.<\/span><br \/>\n<span style=\"color: #000000;\">-Modelo de innovaci\u00f3n \u00e1gil y participativo desarrollado: modelo PlayLoop: principios, enfoque, fases y herramientas claves.<\/span><br \/>\n<span style=\"color: #000000;\">-Casos de uso y validaci\u00f3n en empresas: Aplicaci\u00f3n real en el sector juguetero.<\/span><br \/>\n<span style=\"color: #000000;\">-Implicaciones organizativas para conseguir el cambio en las empresas.<\/span><\/p>\n<p>&nbsp;<\/p>\n<p><strong><span style=\"color: #000000;\">CV Profesorado<\/span><\/strong><br \/>\n<span style=\"color: #000000;\">&#8211;<strong>Clara Blasco<\/strong>. M\u00e1ster en Dise\u00f1o de Producto, ha trabajado como dise\u00f1adora, investigadora y profesora. Desde hace m\u00e1s de 10 a\u00f1os de experiencia, su trabajo se centra en detectar insights y tendencias de los usuarios, manteniendo un enfoque centrado en las personas para asesorar a empresas de juguetes y puericultura en el desarrollo de estrategias, productos, servicios y comunicaci\u00f3n. Coordina proyectos de I+D con empresas y facilita talleres de innovaci\u00f3n desde la perspectiva del Design Thinking. Es autora de publicaciones sobre tendencias sociales infantiles, tendencias parentales y productos de puericultura. Participa en eventos, conferencias y ferias para difundir el an\u00e1lisis de tendencias.<\/span><\/p>\n<p>&nbsp;<\/p>\n<p><strong><span style=\"color: #000000;\">Observaciones:<\/span><\/strong><br \/>\n<span style=\"color: #000000;\">IMPORTANTE: La solicitud de preinscripci\u00f3n es tambi\u00e9n un compromiso de pago en caso de ser admitido en la acci\u00f3n formativa. S\u00f3lo se admitir\u00e1n cancelaciones con derecho a devoluci\u00f3n o anulaci\u00f3n del pago, si se comunican a AIJU con al menos 5 d\u00edas laborables de antelaci\u00f3n a la fecha de inicio. Una vez confirmada la plaza al alumno, si \u00e9ste no asistiera al curso y no lo notifica, se le cobrar\u00e1 el importe \u00edntegro del mismo. <\/span><span style=\"color: #000000;\">AIJU se reserva el derecho a anular o aplazar este curso si no se llega a un m\u00ednimo de inscripciones.<\/span><\/p>\n<p><span style=\"color: #000000;\">AIJU es entidad inscrita\/acreditada en el Registro de Centros y Entidades de Formaci\u00f3n Profesional para el Empleo de la Comunidad Valenciana<\/span><\/p>\n<p>&nbsp;<\/p>\n<p>&nbsp;<\/p>\n<p><img fetchpriority=\"high\" decoding=\"async\" class=\"wp-image-7414 alignleft\" src=\"https:\/\/formacionaiju.es\/wp-content\/uploads\/2026\/04\/logosss-460x92.jpg\" alt=\"\" width=\"780\" height=\"156\" srcset=\"https:\/\/formacionaiju.es\/wp-content\/uploads\/2026\/04\/logosss-460x92.jpg 460w, https:\/\/formacionaiju.es\/wp-content\/uploads\/2026\/04\/logosss-300x60.jpg 300w, https:\/\/formacionaiju.es\/wp-content\/uploads\/2026\/04\/logosss-120x24.jpg 120w, https:\/\/formacionaiju.es\/wp-content\/uploads\/2026\/04\/logosss-310x62.jpg 310w, https:\/\/formacionaiju.es\/wp-content\/uploads\/2026\/04\/logosss.jpg 744w\" sizes=\"(max-width: 780px) 100vw, 780px\" \/><\/p>\n<p>&nbsp;<\/p>\n","protected":false},"excerpt":{"rendered":"<p class=\"p1\"><span class=\"s1\">\u00bfCansado de contrabriefings interminables, cuellos de botella y de que la informaci\u00f3n no fluya en tu empresa? <\/span><span class=\"s1\">Este webinar presenta el modelo de innovaci\u00f3n \u00e1gil y participativo del proyecto AGILE-CV (IMDEEA\/2025\/71) para dar respuesta a estos retos.<\/span><\/p>\n<p class=\"p1\">\n","protected":false},"featured_media":7416,"comment_status":"closed","ping_status":"closed","template":"","meta":{"_acf_changed":false,"_vibebp_attr":"","_vibebp_dimensions":"","_vibebp_responsive_height":"","_vibebp_accordion_ie_support":""},"product_brand":[],"product_cat":[138,176],"product_tag":[],"class_list":{"0":"post-7407","1":"product","2":"type-product","3":"status-publish","4":"has-post-thumbnail","6":"product_cat-gratuito","7":"product_cat-webinar","9":"first","10":"instock","11":"shipping-taxable","12":"product-type-simple"},"acf":[],"_links":{"self":[{"href":"https:\/\/formacionaiju.es\/en\/wp-json\/wp\/v2\/product\/7407","targetHints":{"allow":["GET"]}}],"collection":[{"href":"https:\/\/formacionaiju.es\/en\/wp-json\/wp\/v2\/product"}],"about":[{"href":"https:\/\/formacionaiju.es\/en\/wp-json\/wp\/v2\/types\/product"}],"replies":[{"embeddable":true,"href":"https:\/\/formacionaiju.es\/en\/wp-json\/wp\/v2\/comments?post=7407"}],"version-history":[{"count":6,"href":"https:\/\/formacionaiju.es\/en\/wp-json\/wp\/v2\/product\/7407\/revisions"}],"predecessor-version":[{"id":7425,"href":"https:\/\/formacionaiju.es\/en\/wp-json\/wp\/v2\/product\/7407\/revisions\/7425"}],"wp:featuredmedia":[{"embeddable":true,"href":"https:\/\/formacionaiju.es\/en\/wp-json\/wp\/v2\/media\/7416"}],"wp:attachment":[{"href":"https:\/\/formacionaiju.es\/en\/wp-json\/wp\/v2\/media?parent=7407"}],"wp:term":[{"taxonomy":"product_brand","embeddable":true,"href":"https:\/\/formacionaiju.es\/en\/wp-json\/wp\/v2\/product_brand?post=7407"},{"taxonomy":"product_cat","embeddable":true,"href":"https:\/\/formacionaiju.es\/en\/wp-json\/wp\/v2\/product_cat?post=7407"},{"taxonomy":"product_tag","embeddable":true,"href":"https:\/\/formacionaiju.es\/en\/wp-json\/wp\/v2\/product_tag?post=7407"}],"curies":[{"name":"wp","href":"https:\/\/api.w.org\/{rel}","templated":true}]}}