{"id":7426,"date":"2026-04-14T13:20:10","date_gmt":"2026-04-14T11:20:10","guid":{"rendered":"https:\/\/formacionaiju.es\/?post_type=product&#038;p=7426"},"modified":"2026-04-14T13:39:53","modified_gmt":"2026-04-14T11:39:53","slug":"tecnologia-y-diseno-de-moldes-3a-edicion","status":"publish","type":"product","link":"https:\/\/formacionaiju.es\/en\/product\/tecnologia-y-diseno-de-moldes-3a-edicion\/","title":{"rendered":"Tecnolog\u00eda y dise\u00f1o de moldes. 3\u00aa edici\u00f3n"},"content":{"rendered":"<p><strong><span style=\"color: #000000;\">Destinatarios\/as<\/span><\/strong><br \/>\n<span style=\"color: #000000;\">Prioritariamente trabajadores en activo, aunque podr\u00e1 participar un porcentaje de desempleados.<\/span><\/p>\n<p>&nbsp;<\/p>\n<p><strong><span style=\"color: #000000;\">Objetivos<\/span><\/strong><br \/>\n<span style=\"color: #000000;\">Identificar la tecnolog\u00eda de moldeo de termopl\u00e1sticos y la configuraci\u00f3n de un molde de inyecci\u00f3n seg\u00fan los principios de funcionamiento y participar en un proceso de planteamiento y dise\u00f1o de un molde.<\/span><\/p>\n<p>&nbsp;<\/p>\n<p><strong><span style=\"color: #000000;\">Contenido<\/span><\/strong><br \/>\n<span style=\"color: #000000;\">M\u00f3dulo 1. Conceptos de pl\u00e1sticos y procesos de conformaci\u00f3n para el moldeado.<\/span><br \/>\n<span style=\"color: #000000;\">M\u00f3dulo 2. Tecnolog\u00eda del molde.<\/span><br \/>\n<span style=\"color: #000000;\">M\u00f3dulo 3. Dise\u00f1o del molde.<\/span><\/p>\n<p>&nbsp;<\/p>\n<p><strong><span style=\"color: #000000;\">Precio<\/span><\/strong><br \/>\n<span style=\"color: #000000;\">Curso gratuito.<\/span><\/p>\n<p>&nbsp;<\/p>\n<p><strong><span style=\"color: #000000;\">Requisitos de acceso:\u00a0<\/span><\/strong><\/p>\n<p><span style=\"color: #000000;\">Contar con alguna de las siguientes acreditaciones\/titulaciones:<\/span><\/p>\n<p><span style=\"color: #000000;\">Certificado de profesionalidad de nivel 1.<\/span><br \/>\n<span style=\"color: #000000;\">T\u00edtulo Profesional B\u00e1sico (FP B\u00e1sica).<\/span><br \/>\n<span style=\"color: #000000;\">T\u00edtulo de Graduado en Educaci\u00f3n Secundaria Obligatoria (ESO) o equivalente.<\/span><br \/>\n<span style=\"color: #000000;\">T\u00edtulo de T\u00e9cnico (FP Grado medio) o equivalente Certificado de profesionalidad de nivel 2.<\/span><br \/>\n<span style=\"color: #000000;\">Haber superado la prueba de acceso a Ciclos Formativos de Grado Medio.<\/span><br \/>\n<span style=\"color: #000000;\">Haber superado cualquier prueba oficial de acceso a la universidad.<\/span><\/p>\n<p>&nbsp;<\/p>\n<p><img decoding=\"async\" class=\"alignnone wp-image-7429\" src=\"https:\/\/formacionaiju.es\/wp-content\/uploads\/2026\/04\/logo-moldes.png\" alt=\"\" width=\"580\" height=\"58\" srcset=\"https:\/\/formacionaiju.es\/wp-content\/uploads\/2026\/04\/logo-moldes.png 460w, https:\/\/formacionaiju.es\/wp-content\/uploads\/2026\/04\/logo-moldes-300x30.png 300w, https:\/\/formacionaiju.es\/wp-content\/uploads\/2026\/04\/logo-moldes-120x12.png 120w, https:\/\/formacionaiju.es\/wp-content\/uploads\/2026\/04\/logo-moldes-310x31.png 310w\" sizes=\"(max-width: 580px) 100vw, 580px\" \/><\/p>\n","protected":false},"excerpt":{"rendered":"<p>Este curso te brinda las claves para identificar la tecnolog\u00eda de moldeo de termopl\u00e1sticos y configurar moldes de inyecci\u00f3n siguiendo principios funcionales. Impulsa tu carrera en la industria del moldeo con un enfoque pr\u00e1ctico y especializado.<\/p>\n","protected":false},"featured_media":7427,"comment_status":"closed","ping_status":"closed","template":"","meta":{"_acf_changed":false,"_vibebp_attr":"","_vibebp_dimensions":"","_vibebp_responsive_height":"","_vibebp_accordion_ie_support":""},"product_brand":[],"product_cat":[136,178],"product_tag":[],"class_list":{"0":"post-7426","1":"product","2":"type-product","3":"status-publish","4":"has-post-thumbnail","6":"product_cat-subvencionados","7":"product_cat-plan-nacional-ocupados","9":"first","10":"instock","11":"shipping-taxable","12":"product-type-simple"},"acf":[],"_links":{"self":[{"href":"https:\/\/formacionaiju.es\/en\/wp-json\/wp\/v2\/product\/7426","targetHints":{"allow":["GET"]}}],"collection":[{"href":"https:\/\/formacionaiju.es\/en\/wp-json\/wp\/v2\/product"}],"about":[{"href":"https:\/\/formacionaiju.es\/en\/wp-json\/wp\/v2\/types\/product"}],"replies":[{"embeddable":true,"href":"https:\/\/formacionaiju.es\/en\/wp-json\/wp\/v2\/comments?post=7426"}],"version-history":[{"count":3,"href":"https:\/\/formacionaiju.es\/en\/wp-json\/wp\/v2\/product\/7426\/revisions"}],"predecessor-version":[{"id":7435,"href":"https:\/\/formacionaiju.es\/en\/wp-json\/wp\/v2\/product\/7426\/revisions\/7435"}],"wp:featuredmedia":[{"embeddable":true,"href":"https:\/\/formacionaiju.es\/en\/wp-json\/wp\/v2\/media\/7427"}],"wp:attachment":[{"href":"https:\/\/formacionaiju.es\/en\/wp-json\/wp\/v2\/media?parent=7426"}],"wp:term":[{"taxonomy":"product_brand","embeddable":true,"href":"https:\/\/formacionaiju.es\/en\/wp-json\/wp\/v2\/product_brand?post=7426"},{"taxonomy":"product_cat","embeddable":true,"href":"https:\/\/formacionaiju.es\/en\/wp-json\/wp\/v2\/product_cat?post=7426"},{"taxonomy":"product_tag","embeddable":true,"href":"https:\/\/formacionaiju.es\/en\/wp-json\/wp\/v2\/product_tag?post=7426"}],"curies":[{"name":"wp","href":"https:\/\/api.w.org\/{rel}","templated":true}]}}